{"id":10833,"date":"2022-03-09T10:32:40","date_gmt":"2022-03-09T10:32:40","guid":{"rendered":"https:\/\/distri-kahwa.ma\/materiel-professionnel\/?page_id=10833"},"modified":"2023-03-07T22:02:27","modified_gmt":"2023-03-07T22:02:27","slug":"froid-menu","status":"publish","type":"page","link":"https:\/\/distri-kahwa.ma\/materiel-professionnel\/froid-menu\/","title":{"rendered":"Froid Menu"},"content":{"rendered":"<div style=\"background-color: #a91101; text-align: center; border-radius: 15px; border: 5px inset black;\">\n<h2><span style=\"color: white;\">FROID<\/span><\/h2>\n<\/div>\n<p><span style=\"color: #ffffff;\">.<\/span><\/p>\n<div class=\"su-row\"><div class=\"su-column su-column-size-1-3\"><div class=\"su-column-inner su-u-clearfix su-u-trim\"><div class=\"su-box su-box-style-default\" id=\"\" style=\"border-color:#890006;border-radius:15px;max-width:none\"><div class=\"su-box-title\" style=\"background-color:#bc0939;color:#FFFFFF;border-top-left-radius:13px;border-top-right-radius:13px\">Table r\u00e9frig\u00e9r\u00e9e<\/div><div class=\"su-box-content su-u-clearfix su-u-trim\" style=\"border-bottom-left-radius:13px;border-bottom-right-radius:13px\"><a title=\"Table r\u00e9frig\u00e9r\u00e9e equipement professionnel hotel restaurant cuisine\" href=\"https:\/\/distri-kahwa.ma\/materiel-professionnel\/\/table-meuble-banc-refrigere\/\" target=\"_blank\" rel=\"noopener noreferrer\"><img decoding=\"async\" class=\"size-medium wp-image-3662 aligncenter\" src=\"https:\/\/distri-kahwa.ma\/materiel-professionnel\/\/wp-content\/uploads\/table-a-pizza\/table-a-pizza.jpg\" alt=\"Table r\u00e9frig\u00e9r\u00e9e\"><\/a><\/p>\n<p style=\"text-align: justify;\"><span style=\"color: #000000;\"><strong>Table r\u00e9frig\u00e9r\u00e9e Positive <\/strong>et <strong>N\u00e9gative<\/strong> : Saladette, Table \u00e0 Pizza, Tour P\u00e2tissier, Table Froide&#8230;<\/span><\/p>\n<h2 style=\"padding: 0px; text-align: center;\"><a title=\"Table r\u00e9frig\u00e9r\u00e9e equipement professionnel hotel restaurant cuisine\" href=\"https:\/\/distri-kahwa.ma\/materiel-professionnel\/table-meuble-banc-refrigere\/\" target=\" _blank\" rel=\"noopener noreferrer\"><button class=\"btn1\">Toute la Gamme<\/button> <\/a><\/h2>\n<\/div><\/div><\/div><\/div>\n<div class=\"su-column su-column-size-1-3\"><div class=\"su-column-inner su-u-clearfix su-u-trim\"><div class=\"su-box su-box-style-default\" id=\"\" style=\"border-color:#890006;border-radius:15px;max-width:none\"><div class=\"su-box-title\" style=\"background-color:#bc0939;color:#FFFFFF;border-top-left-radius:13px;border-top-right-radius:13px\">Machine \u00e0 Gla\u00e7on<\/div><div class=\"su-box-content su-u-clearfix su-u-trim\" style=\"border-bottom-left-radius:13px;border-bottom-right-radius:13px\"><a title=\"Machine \u00e0 Gla\u00e7on equipement professionnel hotel restaurant cuisine\" href=\"https:\/\/distri-kahwa.ma\/materiel-professionnel\/machine-a-glace-et-distributeur-de-glacon-professionnel\/\" target=\"_blank\" rel=\"noopener noreferrer\"><img loading=\"lazy\" decoding=\"async\" class=\"size-medium wp-image-3662 aligncenter\" src=\"https:\/\/lecoin-pro.com\/image\/Machine-a-glacon-materiel-equipement-professionnel-cuisine-hotel-restaurant.jpg\" alt=\"Machine \u00e0 Gla\u00e7on\" width=\"800\" height=\"800\"><\/a><\/p>\n<p style=\"text-align: justify;\"><span style=\"color: #000000;\"><strong>Machine \u00e0 Gla\u00e7on : <\/strong>Gla\u00e7on Plein, Creux, Cube, Glace Ecaille, Glace Grain, R\u00e9serve \u00e0 Gla\u00e7ons\u2026<\/span><\/p>\n<h2 style=\"padding: 0px; text-align: center;\"><a title=\"Machine \u00e0 Gla\u00e7on equipement professionnel hotel restaurant cuisine\" href=\"https:\/\/distri-kahwa.ma\/materiel-professionnel\/machine-a-glace-et-distributeur-de-glacon-professionnel\/\" target=\" _blank\" rel=\"noopener noreferrer\"><button class=\"btn1\">Toute la Gamme<\/button> <\/a><\/h2>\n<\/div><\/div><\/div><\/div>\n<div class=\"su-column su-column-size-1-3\"><div class=\"su-column-inner su-u-clearfix su-u-trim\"><div class=\"su-box su-box-style-default\" id=\"\" style=\"border-color:#890006;border-radius:15px;max-width:none\"><div class=\"su-box-title\" style=\"background-color:#bc0939;color:#FFFFFF;border-top-left-radius:13px;border-top-right-radius:13px\">R\u00e9frig\u00e9rateur\/Cong\u00e9lateur<\/div><div class=\"su-box-content su-u-clearfix su-u-trim\" style=\"border-bottom-left-radius:13px;border-bottom-right-radius:13px\"><a title=\"R\u00e9frig\u00e9rateur cong\u00e9lateur equipement professionnel hotel restaurant cuisine\" href=\"https:\/\/distri-kahwa.ma\/materiel-professionnel\/frigo-refrigerateur-congelateur\/\" target=\"_blank\" rel=\"noopener noreferrer\"><img loading=\"lazy\" decoding=\"async\" class=\"size-medium wp-image-3662 aligncenter\" src=\"https:\/\/distri-kahwa.ma\/materiel-professionnel\/\/wp-content\/uploads\/refrigerateur-americain-side-by-side-cave-a-vin-nofrost-biofresh-icemaker-inox-anti-traces-premium-plus.jpg\" alt=\"Frigo R\u00e9frig\u00e9rateur Cong\u00e9lateur\" width=\"800\" height=\"800\"><\/a><\/p>\n<p style=\"text-align: justify;\"><span style=\"color: #000000;\"><strong>R\u00e9frig\u00e9rateur Cong\u00e9lateur : <\/strong>Table top, Combin\u00e9, R\u00e9frig\u00e9rateur, Cong\u00e9lateur, Cave \u00e0 vin\u2026<\/span><\/p>\n<h2 style=\"padding: 0px; text-align: center;\"><a title=\"Machine \u00e0 Gla\u00e7on equipement professionnel hotel restaurant cuisine\" href=\"https:\/\/distri-kahwa.ma\/materiel-professionnel\/frigo-refrigerateur-congelateur\/\" target=\" _blank\" rel=\"noopener noreferrer\"><button class=\"btn1\">Toute la Gamme<\/button> <\/a><\/h2>\n<\/div><\/div><\/div><\/div>\n<\/div>\n<div class=\"su-row\"><div class=\"su-column su-column-size-1-3\"><div class=\"su-column-inner su-u-clearfix su-u-trim\"><div class=\"su-box su-box-style-default\" id=\"\" style=\"border-color:#890006;border-radius:15px;max-width:none\"><div class=\"su-box-title\" style=\"background-color:#bc0939;color:#FFFFFF;border-top-left-radius:13px;border-top-right-radius:13px\">Cave \u00e0 Vin<\/div><div class=\"su-box-content su-u-clearfix su-u-trim\" style=\"border-bottom-left-radius:13px;border-bottom-right-radius:13px\"><a title=\"Cave \u00e0 Vin equipement professionnel hotel restaurant cuisine\" href=\"https:\/\/distri-kahwa.ma\/materiel-professionnel\/cave-a-vin\/\" target=\"_blank\" rel=\"noopener noreferrer\"><img decoding=\"async\" class=\"size-medium wp-image-3662 aligncenter\" src=\"http:\/\/lecoin-pro.com\/image\/armoire-cave-a-vin.jpg\" alt=\"Cave \u00e0 Vin\"><\/a><\/p>\n<p style=\"text-align: justify;\"><span style=\"color: #000000;\"><strong>Cave \u00e0 Vin adapt\u00e9es : <\/strong>Cave \u00e0 Vieillissement, de Mise en Temp\u00e9rature ou les 2\u2026<\/span><\/p>\n<h2 style=\"padding: 0px; text-align: center;\"><a title=\"Cave \u00e0 Vin equipement professionnel hotel restaurant cuisine\" href=\"https:\/\/distri-kahwa.ma\/materiel-professionnel\/cave-a-vin\/\" target=\" _blank\" rel=\"noopener noreferrer\"><button class=\"btn1\">Toute la Gamme<\/button> <\/a><\/h2>\n<\/div><\/div><\/div><\/div>\n<div class=\"su-column su-column-size-1-3\"><div class=\"su-column-inner su-u-clearfix su-u-trim\"><div class=\"su-box su-box-style-default\" id=\"\" style=\"border-color:#890006;border-radius:15px;max-width:none\"><div class=\"su-box-title\" style=\"background-color:#bc0939;color:#FFFFFF;border-top-left-radius:13px;border-top-right-radius:13px\">Refroidissement<\/div><div class=\"su-box-content su-u-clearfix su-u-trim\" style=\"border-bottom-left-radius:13px;border-bottom-right-radius:13px\"><a title=\"Refroidissement equipement professionnel hotel restaurant cuisine\" href=\"https:\/\/distri-kahwa.ma\/materiel-professionnel\/cellule-de-refroidissement\/\" target=\"_blank\" rel=\"noopener noreferrer\"><img decoding=\"async\" class=\"size-medium wp-image-3662 aligncenter\" src=\"http:\/\/lecoin-pro.com\/image\/cellule-de-refroidissment-rapide.jpg\" alt=\"Cellule de Refroidissement\"><\/a><\/p>\n<p style=\"text-align: justify;\"><span style=\"color: #000000;\"><strong>Cellule de Refroidissement Rapide Multifontion <\/strong>: Surg\u00e9lation, Refroidissement\u2026<\/span><\/p>\n<h2 style=\"padding: 0px; text-align: center;\"><a title=\"Refroidissement equipement professionnel hotel restaurant cuisine\" href=\"https:\/\/distri-kahwa.ma\/materiel-professionnel\/cellule-de-refroidissement\/\" target=\" _blank\" rel=\"noopener noreferrer\"><button class=\"btn1\">Toute la Gamme<\/button> <\/a><\/h2>\n<\/div><\/div><\/div><\/div>\n<div class=\"su-column su-column-size-1-3\"><div class=\"su-column-inner su-u-clearfix su-u-trim\"><\/div><\/div>\n<\/div>\n<hr style=\"float: none; clear: both; height: 5px; border-width: 10; color: black; background-color: black;\">\n<p><span style=\"color: #ffffff;\">.<\/span><\/p>\n","protected":false},"excerpt":{"rendered":"<p>FROID . .<\/p>\n","protected":false},"author":1,"featured_media":0,"parent":0,"menu_order":0,"comment_status":"closed","ping_status":"closed","template":"","meta":{"_acf_changed":false,"footnotes":""},"class_list":{"1":"page","2":"type-page","3":"status-publish","4":"hentry"},"acf":[],"yoast_head":"<!-- This site is optimized with the Yoast SEO plugin v27.4 - https:\/\/yoast.com\/product\/yoast-seo-wordpress\/ -->\n<title>Froid Menu - Materiel Equipement Professionnel<\/title>\n<meta name=\"robots\" content=\"index, follow, max-snippet:-1, max-image-preview:large, max-video-preview:-1\" \/>\n<link rel=\"canonical\" href=\"https:\/\/distri-kahwa.ma\/materiel-professionnel\/froid-menu\/\" \/>\n<meta property=\"og:locale\" content=\"fr_FR\" \/>\n<meta property=\"og:type\" content=\"article\" \/>\n<meta property=\"og:title\" content=\"Froid Menu - Materiel Equipement Professionnel\" \/>\n<meta property=\"og:description\" content=\"FROID . .\" \/>\n<meta property=\"og:url\" content=\"https:\/\/distri-kahwa.ma\/materiel-professionnel\/froid-menu\/\" \/>\n<meta property=\"og:site_name\" content=\"Materiel Equipement Professionnel\" \/>\n<meta property=\"article:modified_time\" content=\"2023-03-07T22:02:27+00:00\" \/>\n<meta property=\"og:image\" content=\"http:\/\/distri-kahwa.ma\/materiel-professionnel\/wp-content\/uploads\/table-a-pizza\/table-a-pizza.jpg\" \/>\n<meta name=\"twitter:card\" content=\"summary_large_image\" \/>\n<meta name=\"twitter:label1\" content=\"Dur\u00e9e de lecture estim\u00e9e\" \/>\n\t<meta name=\"twitter:data1\" content=\"2 minutes\" \/>\n<script type=\"application\/ld+json\" class=\"yoast-schema-graph\">{\"@context\":\"https:\\\/\\\/schema.org\",\"@graph\":[{\"@type\":\"WebPage\",\"@id\":\"https:\\\/\\\/distri-kahwa.ma\\\/materiel-professionnel\\\/froid-menu\\\/\",\"url\":\"https:\\\/\\\/distri-kahwa.ma\\\/materiel-professionnel\\\/froid-menu\\\/\",\"name\":\"Froid Menu - Materiel Equipement Professionnel\",\"isPartOf\":{\"@id\":\"https:\\\/\\\/distri-kahwa.ma\\\/materiel-professionnel\\\/#website\"},\"primaryImageOfPage\":{\"@id\":\"https:\\\/\\\/distri-kahwa.ma\\\/materiel-professionnel\\\/froid-menu\\\/#primaryimage\"},\"image\":{\"@id\":\"https:\\\/\\\/distri-kahwa.ma\\\/materiel-professionnel\\\/froid-menu\\\/#primaryimage\"},\"thumbnailUrl\":\"https:\\\/\\\/distri-kahwa.ma\\\/materiel-professionnel\\\/\\\/wp-content\\\/uploads\\\/table-a-pizza\\\/table-a-pizza.jpg\",\"datePublished\":\"2022-03-09T10:32:40+00:00\",\"dateModified\":\"2023-03-07T22:02:27+00:00\",\"breadcrumb\":{\"@id\":\"https:\\\/\\\/distri-kahwa.ma\\\/materiel-professionnel\\\/froid-menu\\\/#breadcrumb\"},\"inLanguage\":\"fr-FR\",\"potentialAction\":[{\"@type\":\"ReadAction\",\"target\":[\"https:\\\/\\\/distri-kahwa.ma\\\/materiel-professionnel\\\/froid-menu\\\/\"]}]},{\"@type\":\"ImageObject\",\"inLanguage\":\"fr-FR\",\"@id\":\"https:\\\/\\\/distri-kahwa.ma\\\/materiel-professionnel\\\/froid-menu\\\/#primaryimage\",\"url\":\"\",\"contentUrl\":\"\"},{\"@type\":\"BreadcrumbList\",\"@id\":\"https:\\\/\\\/distri-kahwa.ma\\\/materiel-professionnel\\\/froid-menu\\\/#breadcrumb\",\"itemListElement\":[{\"@type\":\"ListItem\",\"position\":1,\"name\":\"Accueil\",\"item\":\"https:\\\/\\\/distri-kahwa.ma\\\/materiel-professionnel\\\/\"},{\"@type\":\"ListItem\",\"position\":2,\"name\":\"Froid Menu\"}]},{\"@type\":\"WebSite\",\"@id\":\"https:\\\/\\\/distri-kahwa.ma\\\/materiel-professionnel\\\/#website\",\"url\":\"https:\\\/\\\/distri-kahwa.ma\\\/materiel-professionnel\\\/\",\"name\":\"Materiel Equipement Professionnel\",\"description\":\"tel : 06.43.33.86.56 \\\/ mail : distri-kahwa@outlook.com\",\"potentialAction\":[{\"@type\":\"SearchAction\",\"target\":{\"@type\":\"EntryPoint\",\"urlTemplate\":\"https:\\\/\\\/distri-kahwa.ma\\\/materiel-professionnel\\\/?s={search_term_string}\"},\"query-input\":{\"@type\":\"PropertyValueSpecification\",\"valueRequired\":true,\"valueName\":\"search_term_string\"}}],\"inLanguage\":\"fr-FR\"}]}<\/script>\n<!-- \/ Yoast SEO plugin. -->","yoast_head_json":{"title":"Froid Menu - Materiel Equipement Professionnel","robots":{"index":"index","follow":"follow","max-snippet":"max-snippet:-1","max-image-preview":"max-image-preview:large","max-video-preview":"max-video-preview:-1"},"canonical":"https:\/\/distri-kahwa.ma\/materiel-professionnel\/froid-menu\/","og_locale":"fr_FR","og_type":"article","og_title":"Froid Menu - Materiel Equipement Professionnel","og_description":"FROID . .","og_url":"https:\/\/distri-kahwa.ma\/materiel-professionnel\/froid-menu\/","og_site_name":"Materiel Equipement Professionnel","article_modified_time":"2023-03-07T22:02:27+00:00","og_image":[{"url":"http:\/\/distri-kahwa.ma\/materiel-professionnel\/wp-content\/uploads\/table-a-pizza\/table-a-pizza.jpg","type":"","width":"","height":""}],"twitter_card":"summary_large_image","twitter_misc":{"Dur\u00e9e de lecture estim\u00e9e":"2 minutes"},"schema":{"@context":"https:\/\/schema.org","@graph":[{"@type":"WebPage","@id":"https:\/\/distri-kahwa.ma\/materiel-professionnel\/froid-menu\/","url":"https:\/\/distri-kahwa.ma\/materiel-professionnel\/froid-menu\/","name":"Froid Menu - Materiel Equipement Professionnel","isPartOf":{"@id":"https:\/\/distri-kahwa.ma\/materiel-professionnel\/#website"},"primaryImageOfPage":{"@id":"https:\/\/distri-kahwa.ma\/materiel-professionnel\/froid-menu\/#primaryimage"},"image":{"@id":"https:\/\/distri-kahwa.ma\/materiel-professionnel\/froid-menu\/#primaryimage"},"thumbnailUrl":"https:\/\/distri-kahwa.ma\/materiel-professionnel\/\/wp-content\/uploads\/table-a-pizza\/table-a-pizza.jpg","datePublished":"2022-03-09T10:32:40+00:00","dateModified":"2023-03-07T22:02:27+00:00","breadcrumb":{"@id":"https:\/\/distri-kahwa.ma\/materiel-professionnel\/froid-menu\/#breadcrumb"},"inLanguage":"fr-FR","potentialAction":[{"@type":"ReadAction","target":["https:\/\/distri-kahwa.ma\/materiel-professionnel\/froid-menu\/"]}]},{"@type":"ImageObject","inLanguage":"fr-FR","@id":"https:\/\/distri-kahwa.ma\/materiel-professionnel\/froid-menu\/#primaryimage","url":"","contentUrl":""},{"@type":"BreadcrumbList","@id":"https:\/\/distri-kahwa.ma\/materiel-professionnel\/froid-menu\/#breadcrumb","itemListElement":[{"@type":"ListItem","position":1,"name":"Accueil","item":"https:\/\/distri-kahwa.ma\/materiel-professionnel\/"},{"@type":"ListItem","position":2,"name":"Froid Menu"}]},{"@type":"WebSite","@id":"https:\/\/distri-kahwa.ma\/materiel-professionnel\/#website","url":"https:\/\/distri-kahwa.ma\/materiel-professionnel\/","name":"Materiel Equipement Professionnel","description":"tel : 06.43.33.86.56 \/ mail : distri-kahwa@outlook.com","potentialAction":[{"@type":"SearchAction","target":{"@type":"EntryPoint","urlTemplate":"https:\/\/distri-kahwa.ma\/materiel-professionnel\/?s={search_term_string}"},"query-input":{"@type":"PropertyValueSpecification","valueRequired":true,"valueName":"search_term_string"}}],"inLanguage":"fr-FR"}]}},"_links":{"self":[{"href":"https:\/\/distri-kahwa.ma\/materiel-professionnel\/wp-json\/wp\/v2\/pages\/10833","targetHints":{"allow":["GET"]}}],"collection":[{"href":"https:\/\/distri-kahwa.ma\/materiel-professionnel\/wp-json\/wp\/v2\/pages"}],"about":[{"href":"https:\/\/distri-kahwa.ma\/materiel-professionnel\/wp-json\/wp\/v2\/types\/page"}],"author":[{"embeddable":true,"href":"https:\/\/distri-kahwa.ma\/materiel-professionnel\/wp-json\/wp\/v2\/users\/1"}],"replies":[{"embeddable":true,"href":"https:\/\/distri-kahwa.ma\/materiel-professionnel\/wp-json\/wp\/v2\/comments?post=10833"}],"version-history":[{"count":3,"href":"https:\/\/distri-kahwa.ma\/materiel-professionnel\/wp-json\/wp\/v2\/pages\/10833\/revisions"}],"predecessor-version":[{"id":14542,"href":"https:\/\/distri-kahwa.ma\/materiel-professionnel\/wp-json\/wp\/v2\/pages\/10833\/revisions\/14542"}],"wp:attachment":[{"href":"https:\/\/distri-kahwa.ma\/materiel-professionnel\/wp-json\/wp\/v2\/media?parent=10833"}],"curies":[{"name":"wp","href":"https:\/\/api.w.org\/{rel}","templated":true}]}}