{"id":10905,"date":"2022-03-14T20:59:24","date_gmt":"2022-03-14T20:59:24","guid":{"rendered":"https:\/\/distri-kahwa.ma\/materiel-professionnel\/?page_id=10905"},"modified":"2022-05-24T20:46:18","modified_gmt":"2022-05-24T20:46:18","slug":"table-refrigeree-positive","status":"publish","type":"page","link":"https:\/\/distri-kahwa.ma\/materiel-professionnel\/table-refrigeree-positive\/","title":{"rendered":"Table R\u00e9frig\u00e9r\u00e9e Positive"},"content":{"rendered":"<hr style=\"float: none; clear: both; height: 5px; border-width: 10; color: black; background-color: black;\">\n<div class=\"lead\" style=\"border: 0px solid #b9121b; background-color: rgba(255, 255, 255, 0.89); width: 100%; height: auto; margin: auto;\">\n<div style=\"margin: 0px;\">\n<h2 style=\"text-align: center;\"><strong><span style=\"color: #0000ff;\">Materiel et Equipement Professionnel<br \/>\n<\/span><span style=\"color: #bc0939; font-size: 32px;\">Cuisine H\u00f4tel, Restaurant<\/span><\/strong><strong><span style=\"color: #bc0939; font-size: 32px;\">, Caf\u00e9, Traiteur&#8230;<\/span><\/strong><\/h2>\n<hr style=\"float: none; clear: both; height: 5px; border-width: 10; color: black; background-color: black;\">\n<p><span style=\"color: #ffffff;\">.<\/span><\/p>\n<div style=\"background-color: #a91101; text-align: center; border-radius: 15px; border: 5px inset black;\">\n<h2><span style=\"color: white;\">Table R\u00e9frig\u00e9r\u00e9e Positive<\/span><\/h2>\n<\/div>\n<p><span style=\"color: #ffffff;\">.<\/span><\/p>\n<div class=\"su-row\">\n<div class=\"su-column su-column-size-1-3\"><div class=\"su-column-inner su-u-clearfix su-u-trim\"><div class=\"su-box su-box-style-soft\" id=\"\" style=\"border-color:#cbcccc;border-radius:10px;max-width:none\"><div class=\"su-box-title\" style=\"background-color:#FEFFFF;color:#0000ff;border-top-left-radius:8px;border-top-right-radius:8px\">Spring +<\/div><div class=\"su-box-content su-u-clearfix su-u-trim\" style=\"border-bottom-left-radius:8px;border-bottom-right-radius:8px\">\n<p><a style=\"text-decoration: none;\" title=\"Tour P\u00e2tissier\" href=\"https:\/\/distri-kahwa.ma\/materiel-professionnel\/table-refrigeree-positive-spring\/\" target=\"_blank\" rel=\"noopener\"><img decoding=\"async\" class=\"wp-image-402 size-full\" title=\"Table R\u00e9frig\u00e9r\u00e9e\" src=\" https:\/\/distri-kahwa.ma\/materiel-professionnel\/\/table-refrigeree-spring\/\" alt=\"Table R\u00e9frig\u00e9r\u00e9e\"><\/a><\/p>\n<p style=\"text-align: left;\"><span style=\"color: #0000ff;\">Profondeur <b>70 <\/b>ou <b>80 cm<\/b><br \/>\n<strong>Portes <\/strong>ou <strong>Tiroirs<\/strong><br \/>\nD\u00e9givrage <strong>Auto.<\/strong><br \/>\n<strong>INOX<\/strong> Aisi 304<\/span><\/p>\n<\/div><\/div><\/div><\/div>\n<div class=\"su-column su-column-size-1-3\"><div class=\"su-column-inner su-u-clearfix su-u-trim\"><div class=\"su-box su-box-style-soft\" id=\"\" style=\"border-color:#cbcccc;border-radius:10px;max-width:none\"><div class=\"su-box-title\" style=\"background-color:#FEFFFF;color:#0000ff;border-top-left-radius:8px;border-top-right-radius:8px\">Spring + version Tiroirs<\/div><div class=\"su-box-content su-u-clearfix su-u-trim\" style=\"border-bottom-left-radius:8px;border-bottom-right-radius:8px\">\n<p><a style=\"text-decoration: none;\" title=\"Tour P\u00e2tissier\" href=\"https:\/\/distri-kahwa.ma\/materiel-professionnel\/tiroirs-refrigere\/\" target=\"_blank\" rel=\"noopener\"><img decoding=\"async\" class=\"wp-image-402 size-full\" title=\"Table R\u00e9frig\u00e9r\u00e9e\" src=\"https:\/\/distri-kahwa.ma\/materiel-professionnel\/\/wp-content\/uploads\/meuble-refrigere-gn1-1-positif-3-portes-groupe-loge-gamme-spring.jpg\" alt=\"Table R\u00e9frig\u00e9r\u00e9e\"><\/a><\/p>\n<p style=\"text-align: left;\"><span style=\"color: #0000ff;\">Profondeur <b>70 <\/b><br \/>\n<strong>Portes <\/strong>, <strong>1\/2Tiroirs<\/strong> ou <strong>1\/3Tiroirs<\/strong><br \/>\nD\u00e9givrage <strong>Auto.<\/strong><br \/>\n<strong>INOX<\/strong> Aisi 304<\/span><\/p>\n<\/div><\/div><\/div><\/div>\n<div class=\"su-column su-column-size-1-3\"><div class=\"su-column-inner su-u-clearfix su-u-trim\">\n<div class=\"su-box su-box-style-soft\" id=\"\" style=\"border-color:#cbcccc;border-radius:10px;max-width:none\"><div class=\"su-box-title\" style=\"background-color:#FEFFFF;color:#0000ff;border-top-left-radius:8px;border-top-right-radius:8px\">Linear +<\/div><div class=\"su-box-content su-u-clearfix su-u-trim\" style=\"border-bottom-left-radius:8px;border-bottom-right-radius:8px\">\n<p><a style=\"text-decoration: none;\" title=\"table r\u00e9frig\u00e9r\u00e9e\" href=\"https:\/\/distri-kahwa.ma\/materiel-professionnel\/table-refrigeree-positive-linear\/\" target=\"_blank\" rel=\"noopener\"><img decoding=\"async\" class=\"wp-image-402 size-full\" title=\"Soubassement R\u00e9frig\u00e9r\u00e9\" src=\"https:\/\/distri-kahwa.ma\/materiel-professionnel\/\/soubassement-refrigere-linear\/\" alt=\"Soubassement R\u00e9frig\u00e9r\u00e9\"><\/a><\/p>\n<p style=\"text-align: left;\"><span style=\"color: #0000ff;\">Profondeur <b>70 cm<\/b><br \/>\n<b>Tiroirs <\/b>ou <strong>1\/2<\/strong> <b>Tiroirs<\/b><br \/>\nD\u00e9givrage <strong>Auto<\/strong>.<br \/>\n<strong>INOX<\/strong> Aisi 304<br \/>\n<\/span><\/p>\n<\/div><\/div><\/div><\/div>\n<\/div>\n<div class=\"su-row\">\n<div class=\"su-column su-column-size-1-3\"><div class=\"su-column-inner su-u-clearfix su-u-trim\">\n<div class=\"su-box su-box-style-soft\" id=\"\" style=\"border-color:#cbcccc;border-radius:10px;max-width:none\"><div class=\"su-box-title\" style=\"background-color:#FEFFFF;color:#0000ff;border-top-left-radius:8px;border-top-right-radius:8px\">Linear Snack<\/div><div class=\"su-box-content su-u-clearfix su-u-trim\" style=\"border-bottom-left-radius:8px;border-bottom-right-radius:8px\">\n<p><a style=\"text-decoration: none;\" title=\"meuble table de pr\u00e9paration r\u00e9frig\u00e9r\u00e9e\" href=\"https:\/\/distri-kahwa.ma\/materiel-professionnel\/table-refrigeree-positive-linear-snack\/\" target=\"_blank\" rel=\"noopener\"><img decoding=\"async\" class=\"wp-image-402 size-full\" title=\"Soubassement R\u00e9frig\u00e9r\u00e9\" src=\"https:\/\/distri-kahwa.ma\/materiel-professionnel\/\/soubassement-refrigere-linear-snack\/\" alt=\"Soubassement R\u00e9frig\u00e9r\u00e9\"><\/a><\/p>\n<p style=\"text-align: left;\"><span style=\"color: #0000ff;\">Profondeur <b>70 cm<\/b><br \/>\n<b>Tiroirs <\/b>ou <strong>1\/2<\/strong> <b>Tiroirs<\/b><br \/>\nD\u00e9givrage <strong>Auto<\/strong>.<br \/>\n<strong>INOX<\/strong> Aisi 304<br \/>\n<\/span><\/p>\n<\/div><\/div><\/div><\/div>\n<div class=\"su-column su-column-size-1-3\"><div class=\"su-column-inner su-u-clearfix su-u-trim\">\n<div class=\"su-box su-box-style-soft\" id=\"\" style=\"border-color:#cbcccc;border-radius:10px;max-width:none\"><div class=\"su-box-title\" style=\"background-color:#FEFFFF;color:#0000ff;border-top-left-radius:8px;border-top-right-radius:8px\">MGF<\/div><div class=\"su-box-content su-u-clearfix su-u-trim\" style=\"border-bottom-left-radius:8px;border-bottom-right-radius:8px\">\n<p><a style=\"text-decoration: none;\" title=\"meuble table de pr\u00e9paration r\u00e9frig\u00e9r\u00e9e\" href=\"https:\/\/distri-kahwa.ma\/materiel-professionnel\/meuble-refrigere-positif\/\" target=\"_blank\" rel=\"noopener\"><img loading=\"lazy\" decoding=\"async\" class=\"wp-image-402 size-full\" title=\"Soubassement R\u00e9frig\u00e9r\u00e9\" src=\"https:\/\/distri-kahwa.ma\/materiel-professionnel\/\/soubassement-refrigere-linear\/\" alt=\"Soubassement R\u00e9frig\u00e9r\u00e9\" width=\"800\" height=\"800\"><\/a><\/p>\n<p style=\"text-align: left;\"><span style=\"color: #0000ff;\">Construction en <strong>Steel PET<\/strong><br \/>\nDessus renforc\u00e9 en acier I<strong>nox<\/strong><br \/>\nD\u00e9givrage <strong>Auto<\/strong>.<br \/>\nadapt\u00e9 grilles <strong>600&#215;400<\/strong><\/span><\/p>\n<\/div><\/div><\/div><\/div>\n<div class=\"su-column su-column-size-1-3\"><div class=\"su-column-inner su-u-clearfix su-u-trim\"><\/div><\/div>\n<\/div>\n<hr style=\"float: none; clear: both; height: 3px; border-width: 10; color: black; background-color: black;\">\n<div style=\"background-color: #a91101; text-align: center; border-radius: 15px; border: 5px inset black;\">\n<h2><span style=\"color: white; font-size: 26px;\">distri-kahwa@outlook.com<\/span><\/h2>\n<\/div>\n<p class=\"has-small-font-size\" style=\"text-align: center;\">\n<div style=\"background-color: #a91101; text-align: center; border-radius: 15px; border: 5px inset black;\">\n<h2><span style=\"color: white; font-size: 26px;\">O6.43.33.86.56<\/span><\/h2>\n<\/div>\n<hr style=\"float: none; clear: both; height: 3px; color: black; background-color: black;\">\n<\/div>\n<\/div>\n","protected":false},"excerpt":{"rendered":"<p>Materiel et Equipement Professionnel Cuisine H\u00f4tel, Restaurant, Caf\u00e9, Traiteur&#8230; . Table R\u00e9frig\u00e9r\u00e9e Positive . distri-kahwa@outlook.com O6.43.33.86.56<\/p>\n","protected":false},"author":1,"featured_media":0,"parent":0,"menu_order":0,"comment_status":"closed","ping_status":"closed","template":"","meta":{"_acf_changed":false,"footnotes":""},"class_list":{"1":"page","2":"type-page","3":"status-publish","4":"hentry"},"acf":[],"yoast_head":"<!-- This site is optimized with the Yoast SEO plugin v27.4 - https:\/\/yoast.com\/product\/yoast-seo-wordpress\/ -->\n<title>Table R\u00e9frig\u00e9r\u00e9e Positive - Materiel Equipement Professionnel<\/title>\n<meta name=\"robots\" content=\"index, follow, max-snippet:-1, max-image-preview:large, max-video-preview:-1\" \/>\n<link rel=\"canonical\" href=\"https:\/\/distri-kahwa.ma\/materiel-professionnel\/table-refrigeree-positive\/\" \/>\n<meta property=\"og:locale\" content=\"fr_FR\" \/>\n<meta property=\"og:type\" content=\"article\" \/>\n<meta property=\"og:title\" content=\"Table R\u00e9frig\u00e9r\u00e9e Positive - Materiel Equipement Professionnel\" \/>\n<meta property=\"og:description\" content=\"Materiel et Equipement Professionnel Cuisine H\u00f4tel, Restaurant, Caf\u00e9, Traiteur&#8230; . Table R\u00e9frig\u00e9r\u00e9e Positive . distri-kahwa@outlook.com O6.43.33.86.56\" \/>\n<meta property=\"og:url\" content=\"https:\/\/distri-kahwa.ma\/materiel-professionnel\/table-refrigeree-positive\/\" \/>\n<meta property=\"og:site_name\" content=\"Materiel Equipement Professionnel\" \/>\n<meta property=\"article:modified_time\" content=\"2022-05-24T20:46:18+00:00\" \/>\n<meta property=\"og:image\" content=\"http:\/\/distri-kahwa.ma\/materiel-professionnel\/wp-content\/uploads\/meuble-refrigere-gn1-1-positif-3-portes-groupe-loge-gamme-spring.jpg\" \/>\n<meta name=\"twitter:card\" content=\"summary_large_image\" \/>\n<meta name=\"twitter:label1\" content=\"Dur\u00e9e de lecture estim\u00e9e\" \/>\n\t<meta name=\"twitter:data1\" content=\"2 minutes\" \/>\n<script type=\"application\/ld+json\" class=\"yoast-schema-graph\">{\"@context\":\"https:\\\/\\\/schema.org\",\"@graph\":[{\"@type\":\"WebPage\",\"@id\":\"https:\\\/\\\/distri-kahwa.ma\\\/materiel-professionnel\\\/table-refrigeree-positive\\\/\",\"url\":\"https:\\\/\\\/distri-kahwa.ma\\\/materiel-professionnel\\\/table-refrigeree-positive\\\/\",\"name\":\"Table R\u00e9frig\u00e9r\u00e9e Positive - Materiel Equipement Professionnel\",\"isPartOf\":{\"@id\":\"https:\\\/\\\/distri-kahwa.ma\\\/materiel-professionnel\\\/#website\"},\"primaryImageOfPage\":{\"@id\":\"https:\\\/\\\/distri-kahwa.ma\\\/materiel-professionnel\\\/table-refrigeree-positive\\\/#primaryimage\"},\"image\":{\"@id\":\"https:\\\/\\\/distri-kahwa.ma\\\/materiel-professionnel\\\/table-refrigeree-positive\\\/#primaryimage\"},\"thumbnailUrl\":\"https:\\\/\\\/distri-kahwa.ma\\\/materiel-professionnel\\\/\\\/wp-content\\\/uploads\\\/meuble-refrigere-gn1-1-positif-3-portes-groupe-loge-gamme-spring.jpg\",\"datePublished\":\"2022-03-14T20:59:24+00:00\",\"dateModified\":\"2022-05-24T20:46:18+00:00\",\"breadcrumb\":{\"@id\":\"https:\\\/\\\/distri-kahwa.ma\\\/materiel-professionnel\\\/table-refrigeree-positive\\\/#breadcrumb\"},\"inLanguage\":\"fr-FR\",\"potentialAction\":[{\"@type\":\"ReadAction\",\"target\":[\"https:\\\/\\\/distri-kahwa.ma\\\/materiel-professionnel\\\/table-refrigeree-positive\\\/\"]}]},{\"@type\":\"ImageObject\",\"inLanguage\":\"fr-FR\",\"@id\":\"https:\\\/\\\/distri-kahwa.ma\\\/materiel-professionnel\\\/table-refrigeree-positive\\\/#primaryimage\",\"url\":\"https:\\\/\\\/distri-kahwa.ma\\\/materiel-professionnel\\\/\\\/wp-content\\\/uploads\\\/meuble-refrigere-gn1-1-positif-3-portes-groupe-loge-gamme-spring.jpg\",\"contentUrl\":\"https:\\\/\\\/distri-kahwa.ma\\\/materiel-professionnel\\\/\\\/wp-content\\\/uploads\\\/meuble-refrigere-gn1-1-positif-3-portes-groupe-loge-gamme-spring.jpg\"},{\"@type\":\"BreadcrumbList\",\"@id\":\"https:\\\/\\\/distri-kahwa.ma\\\/materiel-professionnel\\\/table-refrigeree-positive\\\/#breadcrumb\",\"itemListElement\":[{\"@type\":\"ListItem\",\"position\":1,\"name\":\"Accueil\",\"item\":\"https:\\\/\\\/distri-kahwa.ma\\\/materiel-professionnel\\\/\"},{\"@type\":\"ListItem\",\"position\":2,\"name\":\"Table R\u00e9frig\u00e9r\u00e9e Positive\"}]},{\"@type\":\"WebSite\",\"@id\":\"https:\\\/\\\/distri-kahwa.ma\\\/materiel-professionnel\\\/#website\",\"url\":\"https:\\\/\\\/distri-kahwa.ma\\\/materiel-professionnel\\\/\",\"name\":\"Materiel Equipement Professionnel\",\"description\":\"tel : 06.43.33.86.56 \\\/ mail : distri-kahwa@outlook.com\",\"potentialAction\":[{\"@type\":\"SearchAction\",\"target\":{\"@type\":\"EntryPoint\",\"urlTemplate\":\"https:\\\/\\\/distri-kahwa.ma\\\/materiel-professionnel\\\/?s={search_term_string}\"},\"query-input\":{\"@type\":\"PropertyValueSpecification\",\"valueRequired\":true,\"valueName\":\"search_term_string\"}}],\"inLanguage\":\"fr-FR\"}]}<\/script>\n<!-- \/ Yoast SEO plugin. -->","yoast_head_json":{"title":"Table R\u00e9frig\u00e9r\u00e9e Positive - Materiel Equipement Professionnel","robots":{"index":"index","follow":"follow","max-snippet":"max-snippet:-1","max-image-preview":"max-image-preview:large","max-video-preview":"max-video-preview:-1"},"canonical":"https:\/\/distri-kahwa.ma\/materiel-professionnel\/table-refrigeree-positive\/","og_locale":"fr_FR","og_type":"article","og_title":"Table R\u00e9frig\u00e9r\u00e9e Positive - Materiel Equipement Professionnel","og_description":"Materiel et Equipement Professionnel Cuisine H\u00f4tel, Restaurant, Caf\u00e9, Traiteur&#8230; . Table R\u00e9frig\u00e9r\u00e9e Positive . distri-kahwa@outlook.com O6.43.33.86.56","og_url":"https:\/\/distri-kahwa.ma\/materiel-professionnel\/table-refrigeree-positive\/","og_site_name":"Materiel Equipement Professionnel","article_modified_time":"2022-05-24T20:46:18+00:00","og_image":[{"url":"http:\/\/distri-kahwa.ma\/materiel-professionnel\/wp-content\/uploads\/meuble-refrigere-gn1-1-positif-3-portes-groupe-loge-gamme-spring.jpg","type":"","width":"","height":""}],"twitter_card":"summary_large_image","twitter_misc":{"Dur\u00e9e de lecture estim\u00e9e":"2 minutes"},"schema":{"@context":"https:\/\/schema.org","@graph":[{"@type":"WebPage","@id":"https:\/\/distri-kahwa.ma\/materiel-professionnel\/table-refrigeree-positive\/","url":"https:\/\/distri-kahwa.ma\/materiel-professionnel\/table-refrigeree-positive\/","name":"Table R\u00e9frig\u00e9r\u00e9e Positive - Materiel Equipement Professionnel","isPartOf":{"@id":"https:\/\/distri-kahwa.ma\/materiel-professionnel\/#website"},"primaryImageOfPage":{"@id":"https:\/\/distri-kahwa.ma\/materiel-professionnel\/table-refrigeree-positive\/#primaryimage"},"image":{"@id":"https:\/\/distri-kahwa.ma\/materiel-professionnel\/table-refrigeree-positive\/#primaryimage"},"thumbnailUrl":"https:\/\/distri-kahwa.ma\/materiel-professionnel\/\/wp-content\/uploads\/meuble-refrigere-gn1-1-positif-3-portes-groupe-loge-gamme-spring.jpg","datePublished":"2022-03-14T20:59:24+00:00","dateModified":"2022-05-24T20:46:18+00:00","breadcrumb":{"@id":"https:\/\/distri-kahwa.ma\/materiel-professionnel\/table-refrigeree-positive\/#breadcrumb"},"inLanguage":"fr-FR","potentialAction":[{"@type":"ReadAction","target":["https:\/\/distri-kahwa.ma\/materiel-professionnel\/table-refrigeree-positive\/"]}]},{"@type":"ImageObject","inLanguage":"fr-FR","@id":"https:\/\/distri-kahwa.ma\/materiel-professionnel\/table-refrigeree-positive\/#primaryimage","url":"https:\/\/distri-kahwa.ma\/materiel-professionnel\/\/wp-content\/uploads\/meuble-refrigere-gn1-1-positif-3-portes-groupe-loge-gamme-spring.jpg","contentUrl":"https:\/\/distri-kahwa.ma\/materiel-professionnel\/\/wp-content\/uploads\/meuble-refrigere-gn1-1-positif-3-portes-groupe-loge-gamme-spring.jpg"},{"@type":"BreadcrumbList","@id":"https:\/\/distri-kahwa.ma\/materiel-professionnel\/table-refrigeree-positive\/#breadcrumb","itemListElement":[{"@type":"ListItem","position":1,"name":"Accueil","item":"https:\/\/distri-kahwa.ma\/materiel-professionnel\/"},{"@type":"ListItem","position":2,"name":"Table R\u00e9frig\u00e9r\u00e9e Positive"}]},{"@type":"WebSite","@id":"https:\/\/distri-kahwa.ma\/materiel-professionnel\/#website","url":"https:\/\/distri-kahwa.ma\/materiel-professionnel\/","name":"Materiel Equipement Professionnel","description":"tel : 06.43.33.86.56 \/ mail : distri-kahwa@outlook.com","potentialAction":[{"@type":"SearchAction","target":{"@type":"EntryPoint","urlTemplate":"https:\/\/distri-kahwa.ma\/materiel-professionnel\/?s={search_term_string}"},"query-input":{"@type":"PropertyValueSpecification","valueRequired":true,"valueName":"search_term_string"}}],"inLanguage":"fr-FR"}]}},"_links":{"self":[{"href":"https:\/\/distri-kahwa.ma\/materiel-professionnel\/wp-json\/wp\/v2\/pages\/10905","targetHints":{"allow":["GET"]}}],"collection":[{"href":"https:\/\/distri-kahwa.ma\/materiel-professionnel\/wp-json\/wp\/v2\/pages"}],"about":[{"href":"https:\/\/distri-kahwa.ma\/materiel-professionnel\/wp-json\/wp\/v2\/types\/page"}],"author":[{"embeddable":true,"href":"https:\/\/distri-kahwa.ma\/materiel-professionnel\/wp-json\/wp\/v2\/users\/1"}],"replies":[{"embeddable":true,"href":"https:\/\/distri-kahwa.ma\/materiel-professionnel\/wp-json\/wp\/v2\/comments?post=10905"}],"version-history":[{"count":36,"href":"https:\/\/distri-kahwa.ma\/materiel-professionnel\/wp-json\/wp\/v2\/pages\/10905\/revisions"}],"predecessor-version":[{"id":13968,"href":"https:\/\/distri-kahwa.ma\/materiel-professionnel\/wp-json\/wp\/v2\/pages\/10905\/revisions\/13968"}],"wp:attachment":[{"href":"https:\/\/distri-kahwa.ma\/materiel-professionnel\/wp-json\/wp\/v2\/media?parent=10905"}],"curies":[{"name":"wp","href":"https:\/\/api.w.org\/{rel}","templated":true}]}}