{"id":10935,"date":"2022-03-14T21:07:43","date_gmt":"2022-03-14T21:07:43","guid":{"rendered":"https:\/\/distri-kahwa.ma\/materiel-professionnel\/?page_id=10935"},"modified":"2025-10-08T22:25:47","modified_gmt":"2025-10-08T22:25:47","slug":"machine-a-jus","status":"publish","type":"page","link":"https:\/\/distri-kahwa.ma\/materiel-professionnel\/machine-a-jus\/","title":{"rendered":"Machine \u00e0 Jus"},"content":{"rendered":"<hr style=\"float: none; clear: both; height: 5px; border-width: 10; color: black; background-color: black;\">\n<div class=\"lead\" style=\"border: 0px solid #b9121b; background-color: rgba(255, 255, 255, 0.89); width: 100%; height: auto; margin: auto;\">\n<div style=\"margin: 0px;\">\n<h2 style=\"text-align: center;\"><strong><span style=\"color: #0000ff;\">Materiel et Equipement Professionnel<br \/>\n<\/span><span style=\"color: #b9121b; font-size: 32px;\">Hotel, Caf\u00e9, Restaurant, Boulangerie, Cuisine&#8230;<\/span><\/strong><\/h2>\n<hr style=\"float: none; clear: both; height: 5px; border-width: 10; color: black; background-color: black;\">\n<div style=\"text-align: justify; font-size: 24px; font-family: Arial; padding: 10px; margin: 0px; opacity: 0.9; background-color: rgba(255, 255, 255, 0.1); border-radius: 50px;\">\n<div style=\"background-color: #a91101; text-align: center; border-radius: 15px; border: 5px inset black;\">\n<h2><span style=\"color: white;\">Machine \u00e0 Jus Professionnelle<\/span><\/h2>\n<\/div>\n<div class=\"su-row\"><div class=\"su-column su-column-size-1-3\"><div class=\"su-column-inner su-u-clearfix su-u-trim\">\n<fieldset class=\"cadre\">\n<legend><a title=\"Blender equipement professionnel hotel restaurant cuisine\" href=\"https:\/\/distri-kahwa.ma\/materiel-professionnel\/\/presse-agrume-professionnel\/\" target=\"_blank\" rel=\"noopener noreferrer\">Presse Agrumes<br \/>\nManuel<\/a><br \/>\n<\/legend>\n<p><a title=\"equipement professionnel hotel restaurant cuisine\" href=\"https:\/\/distri-kahwa.ma\/materiel-professionnel\/\/presse-agrume-professionnel\/\" target=\"_blank\" rel=\"noopener noreferrer\"><img loading=\"lazy\" decoding=\"async\" class=\"alignnone\" title=\"Blender\" src=\"https:\/\/distri-kahwa.ma\/materiel-professionnel\/\/distributeur-de-jus-dorange\/\" alt=\"Blender equipement professionnel hotel restaurant cuisine\" width=\"413\" height=\"413\"><\/a><\/p>\n<p style=\"text-align: center;\"><span style=\"color: #000000;\"><strong>\u25ba <span style=\"color: #ff00ff;\">0.7 L<\/span> de jus par minute <\/strong>\u25c4<\/span><\/p>\n<p style=\"text-align: justify;\"><span style=\"color: #000000;\"><strong>Jamais de Panne,<\/strong> Presse Agrume<strong> Manuel<\/strong>&nbsp;<strong>eco-responsable <\/strong>et <strong>ludique<\/strong>&#8230;<strong> id\u00e9al <\/strong>pour <strong>tous types d&#8217;emplacements<\/strong>&#8230;<\/span><\/p>\n<h2 style=\"padding: 0px;\"><a href=\"https:\/\/distri-kahwa.ma\/materiel-professionnel\/\/presse-agrume-professionnel\/\" target=\"_blank\" rel=\"noopener noreferrer\"><button class=\"btn1\">Toute la Gamme<\/button> <\/a><\/h2>\n<\/fieldset>\n<\/div><\/div>\n<div class=\"su-column su-column-size-1-3\"><div class=\"su-column-inner su-u-clearfix su-u-trim\">\n<fieldset class=\"cadre\">\n<legend><a title=\"Machine \u00e0 Jus Automatique equipement professionnel hotel restaurant cuisine\" href=\"https:\/\/distri-kahwa.ma\/materiel-professionnel\/\/machine-a-jus-compact\/\" target=\"_blank\" rel=\"noopener noreferrer\">Machine \u00e0 Jus<br \/>\nCompact<\/a><br \/>\n<\/legend>\n<p><a title=\"Machine \u00e0 Jus Automatique equipement professionnel hotel restaurant cuisine\" href=\"https:\/\/distri-kahwa.ma\/materiel-professionnel\/\/machine-a-jus-compact\/\" target=\"_blank\" rel=\"noopener noreferrer\"><img loading=\"lazy\" decoding=\"async\" class=\"alignnone\" title=\"Machine \u00e0 Jus Compact\" src=\"https:\/\/distri-kahwa.ma\/materiel-professionnel\/\/machine-a-jus-dorange\/\" alt=\"Machine \u00e0 Jus equipement professionnel hotel restaurant cuisine\" width=\"400\" height=\"400\"><\/a><\/p>\n<p style=\"text-align: center;\"><span style=\"color: #000000;\">\u25ba <strong><span style=\"color: #ff00ff;\">1 L<\/span> de jus par minute <\/strong>\u25c4<\/span><\/p>\n<p style=\"text-align: justify;\"><span style=\"color: #000000;\">Machine \u00e0 Jus <strong>Automatique<\/strong> : jus <strong>d&rsquo;Orange<\/strong>, jus de <strong>Citron<\/strong>, jus de <strong>Grenade<\/strong>&#8230; Compact, Design, Simple, Efficace, Robuste&#8230;&nbsp;<\/span><\/p>\n<h2 style=\"padding: 0px;\"><a href=\"https:\/\/distri-kahwa.ma\/materiel-professionnel\/\/machine-a-jus-compact\/\" target=\"_blank\" rel=\"noopener noreferrer\"><button class=\"btn1\">Toute la Gamme<\/button> <\/a><\/h2>\n<\/fieldset>\n<\/div><\/div>\n<div class=\"su-column su-column-size-1-3\"><div class=\"su-column-inner su-u-clearfix su-u-trim\">\n<fieldset class=\"cadre\">\n<legend><a href=\"https:\/\/distri-kahwa.ma\/materiel-professionnel\/\/machine-a-jus-automatique\/\">Machine \u00e0 Jus<br \/>\nAutomatique<\/a><br \/>\n<\/legend>\n<p><a title=\"Centrifugeuse equipement professionnel hotel restaurant cuisine\" href=\"https:\/\/distri-kahwa.ma\/materiel-professionnel\/\/machine-a-jus-automatique\/\" target=\"_blank\" rel=\"noopener noreferrer\"><img loading=\"lazy\" decoding=\"async\" class=\"alignnone\" title=\"Machine \u00e0 Jus Automatique\" src=\"https:\/\/distri-kahwa.ma\/materiel-professionnel\/\/distributeur-de-jus-dorange-2\/\n\" alt=\"Centrifugeuse equipement professionnel hotel restaurant cuisine\" width=\"413\" height=\"413\"><\/a><\/p>\n<p style=\"text-align: center;\"><span style=\"color: #000000;\">\u25ba <strong><span style=\"color: #ff00ff;\">2 L<\/span> de jus par minute \u25c4<\/strong><\/span><\/p>\n<p style=\"text-align: left;\"><span style=\"color: #000000;\"><strong>Distributeur Automatique de<\/strong> Jus fruits : H\u00f4tel, Restaurant, Caf\u00e9, Buffet<strong>&#8230; offre un service <\/strong>de jus de fruits<strong> facile et rapide<\/strong>&#8230;&nbsp;<\/span><\/p>\n<h2 style=\"padding: 0px;\"><a href=\"https:\/\/distri-kahwa.ma\/materiel-professionnel\/\/machine-a-jus-automatique\/\" target=\"_blank\" rel=\"noopener noreferrer\"><button class=\"btn1\">Toute la Gamme<\/button> <\/a><\/h2>\n<\/fieldset>\n<\/div><\/div>\n<\/div>\n<hr style=\"float: none; clear: both; height: 5px; border-width: 10; color: black; background-color: black;\">\n<hr style=\"float: none; clear: both; height: 5px; border-width: 10; color: black; background-color: black;\">\n<\/div>\n<\/div>\n<\/div>\n","protected":false},"excerpt":{"rendered":"<p>Materiel et Equipement Professionnel Hotel, Caf\u00e9, Restaurant, Boulangerie, Cuisine&#8230; Machine \u00e0 Jus Professionnelle<\/p>\n","protected":false},"author":1,"featured_media":0,"parent":0,"menu_order":0,"comment_status":"closed","ping_status":"closed","template":"","meta":{"_acf_changed":false,"footnotes":""},"class_list":{"1":"page","2":"type-page","3":"status-publish","4":"hentry"},"acf":[],"yoast_head":"<!-- This site is optimized with the Yoast SEO plugin v27.5 - https:\/\/yoast.com\/product\/yoast-seo-wordpress\/ -->\n<title>Machine \u00e0 Jus - Materiel Equipement Professionnel<\/title>\n<meta name=\"robots\" content=\"index, follow, max-snippet:-1, max-image-preview:large, max-video-preview:-1\" \/>\n<link rel=\"canonical\" href=\"https:\/\/distri-kahwa.ma\/materiel-professionnel\/machine-a-jus\/\" \/>\n<meta property=\"og:locale\" content=\"fr_FR\" \/>\n<meta property=\"og:type\" content=\"article\" \/>\n<meta property=\"og:title\" content=\"Machine \u00e0 Jus - Materiel Equipement Professionnel\" \/>\n<meta property=\"og:description\" content=\"Materiel et Equipement Professionnel Hotel, Caf\u00e9, Restaurant, Boulangerie, Cuisine&#8230; Machine \u00e0 Jus Professionnelle\" \/>\n<meta property=\"og:url\" content=\"https:\/\/distri-kahwa.ma\/materiel-professionnel\/machine-a-jus\/\" \/>\n<meta property=\"og:site_name\" content=\"Materiel Equipement Professionnel\" \/>\n<meta property=\"article:modified_time\" content=\"2025-10-08T22:25:47+00:00\" \/>\n<meta property=\"og:image\" content=\"https:\/\/distri-kahwa.ma\/materiel-professionnel\/\/distributeur-de-jus-dorange\/\" \/>\n<meta name=\"twitter:card\" content=\"summary_large_image\" \/>\n<meta name=\"twitter:label1\" content=\"Dur\u00e9e de lecture estim\u00e9e\" \/>\n\t<meta name=\"twitter:data1\" content=\"2 minutes\" \/>\n<script type=\"application\/ld+json\" class=\"yoast-schema-graph\">{\"@context\":\"https:\\\/\\\/schema.org\",\"@graph\":[{\"@type\":\"WebPage\",\"@id\":\"https:\\\/\\\/distri-kahwa.ma\\\/materiel-professionnel\\\/machine-a-jus\\\/\",\"url\":\"https:\\\/\\\/distri-kahwa.ma\\\/materiel-professionnel\\\/machine-a-jus\\\/\",\"name\":\"Machine \u00e0 Jus - Materiel Equipement Professionnel\",\"isPartOf\":{\"@id\":\"https:\\\/\\\/distri-kahwa.ma\\\/materiel-professionnel\\\/#website\"},\"primaryImageOfPage\":{\"@id\":\"https:\\\/\\\/distri-kahwa.ma\\\/materiel-professionnel\\\/machine-a-jus\\\/#primaryimage\"},\"image\":{\"@id\":\"https:\\\/\\\/distri-kahwa.ma\\\/materiel-professionnel\\\/machine-a-jus\\\/#primaryimage\"},\"thumbnailUrl\":\"https:\\\/\\\/distri-kahwa.ma\\\/materiel-professionnel\\\/\\\/distributeur-de-jus-dorange\\\/\",\"datePublished\":\"2022-03-14T21:07:43+00:00\",\"dateModified\":\"2025-10-08T22:25:47+00:00\",\"breadcrumb\":{\"@id\":\"https:\\\/\\\/distri-kahwa.ma\\\/materiel-professionnel\\\/machine-a-jus\\\/#breadcrumb\"},\"inLanguage\":\"fr-FR\",\"potentialAction\":[{\"@type\":\"ReadAction\",\"target\":[\"https:\\\/\\\/distri-kahwa.ma\\\/materiel-professionnel\\\/machine-a-jus\\\/\"]}]},{\"@type\":\"ImageObject\",\"inLanguage\":\"fr-FR\",\"@id\":\"https:\\\/\\\/distri-kahwa.ma\\\/materiel-professionnel\\\/machine-a-jus\\\/#primaryimage\",\"url\":\"https:\\\/\\\/distri-kahwa.ma\\\/materiel-professionnel\\\/\\\/distributeur-de-jus-dorange\\\/\",\"contentUrl\":\"https:\\\/\\\/distri-kahwa.ma\\\/materiel-professionnel\\\/\\\/distributeur-de-jus-dorange\\\/\"},{\"@type\":\"BreadcrumbList\",\"@id\":\"https:\\\/\\\/distri-kahwa.ma\\\/materiel-professionnel\\\/machine-a-jus\\\/#breadcrumb\",\"itemListElement\":[{\"@type\":\"ListItem\",\"position\":1,\"name\":\"Accueil\",\"item\":\"https:\\\/\\\/distri-kahwa.ma\\\/materiel-professionnel\\\/\"},{\"@type\":\"ListItem\",\"position\":2,\"name\":\"Machine \u00e0 Jus\"}]},{\"@type\":\"WebSite\",\"@id\":\"https:\\\/\\\/distri-kahwa.ma\\\/materiel-professionnel\\\/#website\",\"url\":\"https:\\\/\\\/distri-kahwa.ma\\\/materiel-professionnel\\\/\",\"name\":\"Materiel Equipement Professionnel\",\"description\":\"tel : 06.43.33.86.56 \\\/ mail : distri-kahwa@outlook.com\",\"potentialAction\":[{\"@type\":\"SearchAction\",\"target\":{\"@type\":\"EntryPoint\",\"urlTemplate\":\"https:\\\/\\\/distri-kahwa.ma\\\/materiel-professionnel\\\/?s={search_term_string}\"},\"query-input\":{\"@type\":\"PropertyValueSpecification\",\"valueRequired\":true,\"valueName\":\"search_term_string\"}}],\"inLanguage\":\"fr-FR\"}]}<\/script>\n<!-- \/ Yoast SEO plugin. -->","yoast_head_json":{"title":"Machine \u00e0 Jus - Materiel Equipement Professionnel","robots":{"index":"index","follow":"follow","max-snippet":"max-snippet:-1","max-image-preview":"max-image-preview:large","max-video-preview":"max-video-preview:-1"},"canonical":"https:\/\/distri-kahwa.ma\/materiel-professionnel\/machine-a-jus\/","og_locale":"fr_FR","og_type":"article","og_title":"Machine \u00e0 Jus - Materiel Equipement Professionnel","og_description":"Materiel et Equipement Professionnel Hotel, Caf\u00e9, Restaurant, Boulangerie, Cuisine&#8230; Machine \u00e0 Jus Professionnelle","og_url":"https:\/\/distri-kahwa.ma\/materiel-professionnel\/machine-a-jus\/","og_site_name":"Materiel Equipement Professionnel","article_modified_time":"2025-10-08T22:25:47+00:00","og_image":[{"url":"https:\/\/distri-kahwa.ma\/materiel-professionnel\/\/distributeur-de-jus-dorange\/","type":"","width":"","height":""}],"twitter_card":"summary_large_image","twitter_misc":{"Dur\u00e9e de lecture estim\u00e9e":"2 minutes"},"schema":{"@context":"https:\/\/schema.org","@graph":[{"@type":"WebPage","@id":"https:\/\/distri-kahwa.ma\/materiel-professionnel\/machine-a-jus\/","url":"https:\/\/distri-kahwa.ma\/materiel-professionnel\/machine-a-jus\/","name":"Machine \u00e0 Jus - Materiel Equipement Professionnel","isPartOf":{"@id":"https:\/\/distri-kahwa.ma\/materiel-professionnel\/#website"},"primaryImageOfPage":{"@id":"https:\/\/distri-kahwa.ma\/materiel-professionnel\/machine-a-jus\/#primaryimage"},"image":{"@id":"https:\/\/distri-kahwa.ma\/materiel-professionnel\/machine-a-jus\/#primaryimage"},"thumbnailUrl":"https:\/\/distri-kahwa.ma\/materiel-professionnel\/\/distributeur-de-jus-dorange\/","datePublished":"2022-03-14T21:07:43+00:00","dateModified":"2025-10-08T22:25:47+00:00","breadcrumb":{"@id":"https:\/\/distri-kahwa.ma\/materiel-professionnel\/machine-a-jus\/#breadcrumb"},"inLanguage":"fr-FR","potentialAction":[{"@type":"ReadAction","target":["https:\/\/distri-kahwa.ma\/materiel-professionnel\/machine-a-jus\/"]}]},{"@type":"ImageObject","inLanguage":"fr-FR","@id":"https:\/\/distri-kahwa.ma\/materiel-professionnel\/machine-a-jus\/#primaryimage","url":"https:\/\/distri-kahwa.ma\/materiel-professionnel\/\/distributeur-de-jus-dorange\/","contentUrl":"https:\/\/distri-kahwa.ma\/materiel-professionnel\/\/distributeur-de-jus-dorange\/"},{"@type":"BreadcrumbList","@id":"https:\/\/distri-kahwa.ma\/materiel-professionnel\/machine-a-jus\/#breadcrumb","itemListElement":[{"@type":"ListItem","position":1,"name":"Accueil","item":"https:\/\/distri-kahwa.ma\/materiel-professionnel\/"},{"@type":"ListItem","position":2,"name":"Machine \u00e0 Jus"}]},{"@type":"WebSite","@id":"https:\/\/distri-kahwa.ma\/materiel-professionnel\/#website","url":"https:\/\/distri-kahwa.ma\/materiel-professionnel\/","name":"Materiel Equipement Professionnel","description":"tel : 06.43.33.86.56 \/ mail : distri-kahwa@outlook.com","potentialAction":[{"@type":"SearchAction","target":{"@type":"EntryPoint","urlTemplate":"https:\/\/distri-kahwa.ma\/materiel-professionnel\/?s={search_term_string}"},"query-input":{"@type":"PropertyValueSpecification","valueRequired":true,"valueName":"search_term_string"}}],"inLanguage":"fr-FR"}]}},"_links":{"self":[{"href":"https:\/\/distri-kahwa.ma\/materiel-professionnel\/wp-json\/wp\/v2\/pages\/10935","targetHints":{"allow":["GET"]}}],"collection":[{"href":"https:\/\/distri-kahwa.ma\/materiel-professionnel\/wp-json\/wp\/v2\/pages"}],"about":[{"href":"https:\/\/distri-kahwa.ma\/materiel-professionnel\/wp-json\/wp\/v2\/types\/page"}],"author":[{"embeddable":true,"href":"https:\/\/distri-kahwa.ma\/materiel-professionnel\/wp-json\/wp\/v2\/users\/1"}],"replies":[{"embeddable":true,"href":"https:\/\/distri-kahwa.ma\/materiel-professionnel\/wp-json\/wp\/v2\/comments?post=10935"}],"version-history":[{"count":2,"href":"https:\/\/distri-kahwa.ma\/materiel-professionnel\/wp-json\/wp\/v2\/pages\/10935\/revisions"}],"predecessor-version":[{"id":15108,"href":"https:\/\/distri-kahwa.ma\/materiel-professionnel\/wp-json\/wp\/v2\/pages\/10935\/revisions\/15108"}],"wp:attachment":[{"href":"https:\/\/distri-kahwa.ma\/materiel-professionnel\/wp-json\/wp\/v2\/media?parent=10935"}],"curies":[{"name":"wp","href":"https:\/\/api.w.org\/{rel}","templated":true}]}}