{"id":11012,"date":"2022-03-14T21:33:08","date_gmt":"2022-03-14T21:33:08","guid":{"rendered":"https:\/\/distri-kahwa.ma\/materiel-professionnel\/?page_id=11012"},"modified":"2022-05-24T22:01:44","modified_gmt":"2022-05-24T22:01:44","slug":"table-meuble-banc-refrigere","status":"publish","type":"page","link":"https:\/\/distri-kahwa.ma\/materiel-professionnel\/table-meuble-banc-refrigere\/","title":{"rendered":"Table, Meuble, Banc R\u00e9frig\u00e9r\u00e9"},"content":{"rendered":"<hr style=\"float: none; clear: both; height: 5px; border-width: 10; color: black; background-color: black;\" \/>\n<div class=\"lead\" style=\"border: 0px solid #b9121b; background-color: rgba(255, 255, 255, 0.89); width: 100%; height: auto; margin: auto;\">\n<div style=\"margin: 0px; text-align: center;\">\n<h2 style=\"text-align: center;\"><strong><span style=\"color: #0000ff;\">Materiel et Equipement Professionnel<br \/>\n<\/span><span style=\"color: #bc0939; font-size: 32px;\">Hotel, Caf\u00e9, Restaurant, Boulangerie, Cuisine&#8230;<\/span><\/strong><\/h2>\n<hr style=\"float: none; clear: both; height: 5px; border-width: 10; color: black; background-color: black;\" \/>\n<p><span style=\"color: #ffffff;\">.<\/span><\/p>\n<div class=\"su-row\"><div class=\"su-column su-column-size-1-4\"><div class=\"su-column-inner su-u-clearfix su-u-trim\"><div class=\"su-box su-box-style-default\" id=\"\" style=\"border-color:#890006;border-radius:15px;max-width:none\"><div class=\"su-box-title\" style=\"background-color:#bc0939;color:#FFFFFF;border-top-left-radius:13px;border-top-right-radius:13px\">Table de Pr\u00e9paration<\/div><div class=\"su-box-content su-u-clearfix su-u-trim\" style=\"border-bottom-left-radius:13px;border-bottom-right-radius:13px\"><a title=\"Table \u00e0 Pizza \" href=\"https:\/\/distri-kahwa.ma\/materiel-professionnel\/table-de-preparation-refrigeree\/\" target=\"_blank\" rel=\"noopener\"><img loading=\"lazy\" decoding=\"async\" class=\"aligncenter\" title=\"Cuisini\u00e8re 60 cm\" src=\"https:\/\/distri-kahwa.ma\/materiel-professionnel\/\/table-de-preparation132\/\" alt=\"Table de pr\u00e9paration\" width=\"1000\" height=\"1000\" \/><\/a><br \/>\n<span style=\"color: #0000ff;\"><strong>+2<\/strong> \u00e0 <strong>+7<\/strong> \u00b0C <strong>Ventil\u00e9<\/strong><br \/>\n<strong>Glissi\u00e8re<\/strong> Inox \/ Verre<br \/>\nAvec ou Sans <strong>Tiroirs<\/strong><br \/>\nD\u00e9givrage <strong>Auto<\/strong>.<\/span><\/p>\n<h2 style=\"padding: 0px; text-align: center;\"><a title=\"Cuisini\u00e8re 60 cm equipement professionnel hotel restaurant cuisine\" href=\"https:\/\/distri-kahwa.ma\/materiel-professionnel\/table-de-preparation-refrigeree\/\" target=\"_blank\" rel=\"noopener noreferrer\"><button class=\"btn1\">Toute la Gamme<\/button> <\/a><\/h2>\n<\/div><\/div><\/div><\/div><div class=\"su-column su-column-size-1-4\"><div class=\"su-column-inner su-u-clearfix su-u-trim\"><div class=\"su-box su-box-style-default\" id=\"\" style=\"border-color:#890006;border-radius:15px;max-width:none\"><div class=\"su-box-title\" style=\"background-color:#bc0939;color:#FFFFFF;border-top-left-radius:13px;border-top-right-radius:13px\">Table \u00e0 Froid Positif<\/div><div class=\"su-box-content su-u-clearfix su-u-trim\" style=\"border-bottom-left-radius:13px;border-bottom-right-radius:13px\"><a title=\"Table R\u00e9frig\u00e9r\u00e9e Positive\" href=\"https:\/\/distri-kahwa.ma\/materiel-professionnel\/table-refrigeree-positive\/\" target=\"_blank\" rel=\"noopener\"><img loading=\"lazy\" decoding=\"async\" class=\"size-medium wp-image-3660 aligncenter\" src=\"https:\/\/distri-kahwa.ma\/materiel-professionnel\/\/meuble-refrigere\/\" alt=\"Table \u00e0 Froid Positif\" width=\"1000\" height=\"1000\" \/><\/a><br \/>\n<span style=\"color: #0000ff; texte-align: center;\"><strong>-2 <\/strong>\u00e0<strong> +7<\/strong>\u00b0C <strong>Ventil\u00e9<\/strong><br \/>\n<strong>D\u00e9givrage Auto.<\/strong><br \/>\n<strong>3D Cooling System<\/strong><br \/>\nINOX Aisi 304<\/span><\/p>\n<h2 style=\"padding: 0px; text-align: center;\"><a title=\"Cuisini\u00e8re 70 cm equipement professionnel hotel restaurant cuisine\" href=\"https:\/\/distri-kahwa.ma\/materiel-professionnel\/table-refrigeree-positive\/\" target=\"_blank\" rel=\"noopener noreferrer\"><button class=\"btn1\">Toute la Gamme<\/button> <\/a><\/h2>\n<\/div><\/div><\/div><\/div><div class=\"su-column su-column-size-1-4\"><div class=\"su-column-inner su-u-clearfix su-u-trim\"><div class=\"su-box su-box-style-default\" id=\"\" style=\"border-color:#890006;border-radius:15px;max-width:none\"><div class=\"su-box-title\" style=\"background-color:#bc0939;color:#FFFFFF;border-top-left-radius:13px;border-top-right-radius:13px\">Table \u00e0 Froid N\u00e9gatif<\/div><div class=\"su-box-content su-u-clearfix su-u-trim\" style=\"border-bottom-left-radius:13px;border-bottom-right-radius:13px\"><a title=\"Table R\u00e9frig\u00e9r\u00e9e N\u00e9gative\" href=\"https:\/\/distri-kahwa.ma\/materiel-professionnel\/table-refrigeree-negative\/\" target=\"_blank\" rel=\"noopener\"><img loading=\"lazy\" decoding=\"async\" class=\"aligncenter\" title=\"Cuisini\u00e8re 90 cm \" src=\"https:\/\/distri-kahwa.ma\/materiel-professionnel\/\/wp-content\/uploads\/Table-refrigeree-negative-professionnel.jpg\" alt=\"Table \u00e0 Froid N\u00e9gatif\" width=\"400\" height=\"400\" \/><\/a><span style=\"color: #0000ff;\"><strong>+2<\/strong> \u00e0 <strong>+7<\/strong> \u00b0C <strong>Ventil\u00e9<\/strong><br \/>\n<strong>2<\/strong> ou <strong>3<\/strong> portes<br \/>\n<strong>Glissi\u00e8re<\/strong> Inox \/ Verre<br \/>\nD\u00e9givrage <strong>Auto<\/strong>.<\/span><\/p>\n<h2 style=\"padding: 0px; text-align: center;\"><a title=\"Cuisini\u00e8re 90 cm equipement professionnel hotel restaurant cuisine\" href=\"https:\/\/distri-kahwa.ma\/materiel-professionnel\/table-refrigeree-negative\/\" target=\"_blank\" rel=\"noopener noreferrer\"><button class=\"btn1\">Toute la Gamme<\/button> <\/a><\/h2>\n<\/div><\/div><\/div><\/div>\n<div class=\"su-column su-column-size-1-4\"><div class=\"su-column-inner su-u-clearfix su-u-trim\"><div class=\"su-box su-box-style-default\" id=\"\" style=\"border-color:#890006;border-radius:15px;max-width:none\"><div class=\"su-box-title\" style=\"background-color:#bc0939;color:#FFFFFF;border-top-left-radius:13px;border-top-right-radius:13px\">Meuble Bi-Temp\u00e9rature<\/div><div class=\"su-box-content su-u-clearfix su-u-trim\" style=\"border-bottom-left-radius:13px;border-bottom-right-radius:13px\"><a title=\"meuble refrigere a tiroirs double temperature\" href=\"https:\/\/distri-kahwa.ma\/materiel-professionnel\/meuble-refrigere-a-tiroirs-double-temperature\/\" target=\"_blank\" rel=\"noopener\"><img loading=\"lazy\" decoding=\"async\" class=\"aligncenter\" title=\"meuble refrigere a tiroirs double temperature\" src=\"https:\/\/distri-kahwa.ma\/materiel-professionnel\/\/wp-content\/uploads\/meuble-bi-temperature-linear-space-2x3gn1-1-avec-dessus-inox.jpg\" alt=\"meuble refrigere a tiroirs double temperature\" width=\"400\" height=\"400\" \/><\/a><span style=\"color: #0000ff;\">Temp\u00e9rature I<strong>nd\u00e9pendante<\/strong><br \/>\nTiroir Froid <strong>statique positif<\/strong><br \/>\nTiroir \u00e0 <strong>Froid n\u00e9gatif<\/strong><br \/>\n<strong>3 bacs GN 1\/1<\/strong> par tiroir<\/span><\/p>\n<h2 style=\"padding: 0px; text-align: center;\"><a title=\"meuble refrigere a tiroirs double temperature equipement professionnel hotel restaurant cuisine\" href=\"https:\/\/distri-kahwa.ma\/materiel-professionnel\/meuble-refrigere-a-tiroirs-double-temperature\/\" target=\"_blank\" rel=\"noopener noreferrer\"><button class=\"btn1\">Toute la Gamme<\/button> <\/a><\/h2>\n<\/div><\/div><\/div><\/div><\/div>\n<p style=\"text-align: center;\"><div class=\"su-row\"><div class=\"su-column su-column-size-1-4\"><div class=\"su-column-inner su-u-clearfix su-u-trim\"><div class=\"su-box su-box-style-default\" id=\"\" style=\"border-color:#890006;border-radius:15px;max-width:none\"><div class=\"su-box-title\" style=\"background-color:#bc0939;color:#FFFFFF;border-top-left-radius:13px;border-top-right-radius:13px\">Saladette R\u00e9frig\u00e9r\u00e9e<\/div><div class=\"su-box-content su-u-clearfix su-u-trim\" style=\"border-bottom-left-radius:13px;border-bottom-right-radius:13px\"><a title=\"Saladette\" href=\"https:\/\/distri-kahwa.ma\/materiel-professionnel\/saladette\/\" target=\"_blank\" rel=\"noopener\"><img loading=\"lazy\" decoding=\"async\" class=\"aligncenter\" title=\"Cuisini\u00e8re 60 cm\" src=\"https:\/\/distri-kahwa.ma\/materiel-professionnel\/\/wp-content\/uploads\/meuble-de-preparation-saladette-refrigere-2-portes-couvercle-inox.jpg\" alt=\"Saladette R\u00e9frig\u00e9r\u00e9e\" width=\"1000\" height=\"1000\" \/><\/a><\/p>\n<p>+2 \u00e0 +7 \u00b0C Ventil\u00e9<br \/>\n2 portes<br \/>\nCouvercle Inox<br \/>\nD\u00e9givrage Manuel<\/p>\n<h2 style=\"padding: 0px; text-align: center;\"><a title=\"Cuisini\u00e8re 60 cm equipement professionnel hotel restaurant cuisine\" href=\"https:\/\/distri-kahwa.ma\/materiel-professionnel\/saladette\/\" target=\"_blank\" rel=\"noopener noreferrer\"><button class=\"btn1\">Toute la Gamme<\/button> <\/a><\/h2>\n<\/div><\/div><\/div><\/div><div class=\"su-column su-column-size-1-4\"><div class=\"su-column-inner su-u-clearfix su-u-trim\"><div class=\"su-box su-box-style-default\" id=\"\" style=\"border-color:#890006;border-radius:15px;max-width:none\"><div class=\"su-box-title\" style=\"background-color:#bc0939;color:#FFFFFF;border-top-left-radius:13px;border-top-right-radius:13px\">Table \u00e0 Pizza Modulable<\/div><div class=\"su-box-content su-u-clearfix su-u-trim\" style=\"border-bottom-left-radius:13px;border-bottom-right-radius:13px\"><a title=\"Table \u00e0 Pizza\" href=\"https:\/\/distri-kahwa.ma\/materiel-professionnel\/table-a-pizza\/\" target=\"_blank\" rel=\"noopener\"><img loading=\"lazy\" decoding=\"async\" class=\"size-medium wp-image-3660 aligncenter\" src=\"https:\/\/distri-kahwa.ma\/materiel-professionnel\/\/table-a-pizza-3\/\" alt=\"Table \u00e0 Pizza Modulable\" width=\"1000\" height=\"1000\" \/><\/a><br \/>\n<span style=\"color: #0000ff;\"><strong>+2<\/strong> \u00e0 <strong>+7<\/strong> \u00b0C <strong>Ventil\u00e9<\/strong><br \/>\nAvec ou Sans Console<br \/>\nAvec ou Sans <strong>Tiroirs<\/strong><br \/>\nD\u00e9givrage <strong>Auto<\/strong>.<\/span><\/p>\n<h2 style=\"padding: 0px; text-align: center;\"><a title=\"Cuisini\u00e8re 70 cm equipement professionnel hotel restaurant cuisine\" href=\"https:\/\/distri-kahwa.ma\/materiel-professionnel\/table-a-pizza\/\" target=\"_blank\" rel=\"noopener noreferrer\"><button class=\"btn1\">Toute la Gamme<\/button> <\/a><\/h2>\n<\/div><\/div><\/div><\/div><div class=\"su-column su-column-size-1-4\"><div class=\"su-column-inner su-u-clearfix su-u-trim\"><div class=\"su-box su-box-style-default\" id=\"\" style=\"border-color:#890006;border-radius:15px;max-width:none\"><div class=\"su-box-title\" style=\"background-color:#bc0939;color:#FFFFFF;border-top-left-radius:13px;border-top-right-radius:13px\">Porte Ingr\u00e9dient<\/div><div class=\"su-box-content su-u-clearfix su-u-trim\" style=\"border-bottom-left-radius:13px;border-bottom-right-radius:13px\"><a title=\"Porte Ingr\u00e9dient\" href=\"https:\/\/distri-kahwa.ma\/materiel-professionnel\/porte-ingredients\/\" target=\"_blank\" rel=\"noopener\"><img loading=\"lazy\" decoding=\"async\" class=\"aligncenter\" title=\"Cuisini\u00e8re 90 cm \" src=\"https:\/\/distri-kahwa.ma\/materiel-professionnel\/\/porte-ingredients-6-bacs\/\" alt=\"Porte Ingr\u00e9dient\" width=\"1000\" height=\"1000\" \/><\/a><br \/>\n<span style=\"color: #0000ff;\"><strong>+2<\/strong> \u00e0 <strong>+7<\/strong> \u00b0C <strong>Ventil\u00e9<\/strong><br \/>\n<strong>Glissi\u00e8re<\/strong> Inox \/ Verre<br \/>\nde<strong> 4 \u00e0 12<\/strong> bacs<br \/>\n<strong>Basse<\/strong> Conso.<br \/>\n<\/span><\/p>\n<h2 style=\"padding: 0px; text-align: center;\"><a title=\"Cuisini\u00e8re 90 cm equipement professionnel hotel restaurant cuisine\" href=\"https:\/\/distri-kahwa.ma\/materiel-professionnel\/porte-ingredients\/\" target=\"_blank\" rel=\"noopener noreferrer\"><button class=\"btn1\">Toute la Gamme<\/button> <\/a><\/h2>\n<\/div><\/div><\/div><\/div><div class=\"su-column su-column-size-1-4\"><div class=\"su-column-inner su-u-clearfix su-u-trim\"><\/div><\/div><\/div>\n<hr style=\"float: none; clear: both; height: 5px; border-width: 10; color: black; background-color: black;\" \/>\n\n<\/div>\n<\/div>\n<hr style=\"float: none; clear: both; height: 3px; color: black; background-color: black;\" \/>\n<p><strong>Mat\u00e9riel et Equipement Professionnel Cuisine Hotel Restaurant Snack Pizzeria : Table \u00e0 Froid Positif, Table \u00e0 Froid N\u00e9gatif, Table R\u00e9frig\u00e9r\u00e9e, Table \u00e0 Pizza modulable avec porte ingr\u00e9dient, Tour P\u00e2tissier, Table de Pr\u00e9paration, Saladette, Meuble Gastronorme, Banc R\u00e9frig\u00e9r\u00e9, Desserte&#8230; disponible partout au Maroc : Rabat, Casablanca, Marrakech, Tanger, Agadir, F\u00e8s, Mekn\u00e8s&#8230;<\/strong><\/p>\n","protected":false},"excerpt":{"rendered":"<p>Materiel et Equipement Professionnel Hotel, Caf\u00e9, Restaurant, Boulangerie, Cuisine&#8230; . Mat\u00e9riel et Equipement Professionnel Cuisine Hotel Restaurant Snack Pizzeria : Table \u00e0 Froid Positif, Table \u00e0 Froid N\u00e9gatif, Table R\u00e9frig\u00e9r\u00e9e,<\/p>\n","protected":false},"author":1,"featured_media":0,"parent":0,"menu_order":0,"comment_status":"closed","ping_status":"closed","template":"","meta":{"_acf_changed":false,"footnotes":""},"class_list":{"1":"page","2":"type-page","3":"status-publish","4":"hentry"},"acf":[],"yoast_head":"<!-- This site is optimized with the Yoast SEO plugin v27.4 - https:\/\/yoast.com\/product\/yoast-seo-wordpress\/ -->\n<title>Table, Meuble, Banc R\u00e9frig\u00e9r\u00e9 - Materiel Equipement Professionnel<\/title>\n<meta name=\"robots\" content=\"index, follow, max-snippet:-1, max-image-preview:large, max-video-preview:-1\" \/>\n<link rel=\"canonical\" href=\"https:\/\/distri-kahwa.ma\/materiel-professionnel\/table-meuble-banc-refrigere\/\" \/>\n<meta property=\"og:locale\" content=\"fr_FR\" \/>\n<meta property=\"og:type\" content=\"article\" \/>\n<meta property=\"og:title\" content=\"Table, Meuble, Banc R\u00e9frig\u00e9r\u00e9 - Materiel Equipement Professionnel\" \/>\n<meta property=\"og:description\" content=\"Materiel et Equipement Professionnel Hotel, Caf\u00e9, Restaurant, Boulangerie, Cuisine&#8230; . Mat\u00e9riel et Equipement Professionnel Cuisine Hotel Restaurant Snack Pizzeria : Table \u00e0 Froid Positif, Table \u00e0 Froid N\u00e9gatif, Table R\u00e9frig\u00e9r\u00e9e,\" \/>\n<meta property=\"og:url\" content=\"https:\/\/distri-kahwa.ma\/materiel-professionnel\/table-meuble-banc-refrigere\/\" \/>\n<meta property=\"og:site_name\" content=\"Materiel Equipement Professionnel\" \/>\n<meta property=\"article:modified_time\" content=\"2022-05-24T22:01:44+00:00\" \/>\n<meta property=\"og:image\" content=\"http:\/\/distri-kahwa.ma\/materiel-professionnel\/table-de-preparation132\/\" \/>\n<meta name=\"twitter:card\" content=\"summary_large_image\" \/>\n<meta name=\"twitter:label1\" content=\"Dur\u00e9e de lecture estim\u00e9e\" \/>\n\t<meta name=\"twitter:data1\" content=\"3 minutes\" \/>\n<script type=\"application\/ld+json\" class=\"yoast-schema-graph\">{\"@context\":\"https:\\\/\\\/schema.org\",\"@graph\":[{\"@type\":\"WebPage\",\"@id\":\"https:\\\/\\\/distri-kahwa.ma\\\/materiel-professionnel\\\/table-meuble-banc-refrigere\\\/\",\"url\":\"https:\\\/\\\/distri-kahwa.ma\\\/materiel-professionnel\\\/table-meuble-banc-refrigere\\\/\",\"name\":\"Table, Meuble, Banc R\u00e9frig\u00e9r\u00e9 - Materiel Equipement Professionnel\",\"isPartOf\":{\"@id\":\"https:\\\/\\\/distri-kahwa.ma\\\/materiel-professionnel\\\/#website\"},\"primaryImageOfPage\":{\"@id\":\"https:\\\/\\\/distri-kahwa.ma\\\/materiel-professionnel\\\/table-meuble-banc-refrigere\\\/#primaryimage\"},\"image\":{\"@id\":\"https:\\\/\\\/distri-kahwa.ma\\\/materiel-professionnel\\\/table-meuble-banc-refrigere\\\/#primaryimage\"},\"thumbnailUrl\":\"https:\\\/\\\/distri-kahwa.ma\\\/materiel-professionnel\\\/\\\/table-de-preparation132\\\/\",\"datePublished\":\"2022-03-14T21:33:08+00:00\",\"dateModified\":\"2022-05-24T22:01:44+00:00\",\"breadcrumb\":{\"@id\":\"https:\\\/\\\/distri-kahwa.ma\\\/materiel-professionnel\\\/table-meuble-banc-refrigere\\\/#breadcrumb\"},\"inLanguage\":\"fr-FR\",\"potentialAction\":[{\"@type\":\"ReadAction\",\"target\":[\"https:\\\/\\\/distri-kahwa.ma\\\/materiel-professionnel\\\/table-meuble-banc-refrigere\\\/\"]}]},{\"@type\":\"ImageObject\",\"inLanguage\":\"fr-FR\",\"@id\":\"https:\\\/\\\/distri-kahwa.ma\\\/materiel-professionnel\\\/table-meuble-banc-refrigere\\\/#primaryimage\",\"url\":\"https:\\\/\\\/distri-kahwa.ma\\\/materiel-professionnel\\\/\\\/table-de-preparation132\\\/\",\"contentUrl\":\"https:\\\/\\\/distri-kahwa.ma\\\/materiel-professionnel\\\/\\\/table-de-preparation132\\\/\"},{\"@type\":\"BreadcrumbList\",\"@id\":\"https:\\\/\\\/distri-kahwa.ma\\\/materiel-professionnel\\\/table-meuble-banc-refrigere\\\/#breadcrumb\",\"itemListElement\":[{\"@type\":\"ListItem\",\"position\":1,\"name\":\"Accueil\",\"item\":\"https:\\\/\\\/distri-kahwa.ma\\\/materiel-professionnel\\\/\"},{\"@type\":\"ListItem\",\"position\":2,\"name\":\"Table, Meuble, Banc R\u00e9frig\u00e9r\u00e9\"}]},{\"@type\":\"WebSite\",\"@id\":\"https:\\\/\\\/distri-kahwa.ma\\\/materiel-professionnel\\\/#website\",\"url\":\"https:\\\/\\\/distri-kahwa.ma\\\/materiel-professionnel\\\/\",\"name\":\"Materiel Equipement Professionnel\",\"description\":\"tel : 06.43.33.86.56 \\\/ mail : distri-kahwa@outlook.com\",\"potentialAction\":[{\"@type\":\"SearchAction\",\"target\":{\"@type\":\"EntryPoint\",\"urlTemplate\":\"https:\\\/\\\/distri-kahwa.ma\\\/materiel-professionnel\\\/?s={search_term_string}\"},\"query-input\":{\"@type\":\"PropertyValueSpecification\",\"valueRequired\":true,\"valueName\":\"search_term_string\"}}],\"inLanguage\":\"fr-FR\"}]}<\/script>\n<!-- \/ Yoast SEO plugin. -->","yoast_head_json":{"title":"Table, Meuble, Banc R\u00e9frig\u00e9r\u00e9 - Materiel Equipement Professionnel","robots":{"index":"index","follow":"follow","max-snippet":"max-snippet:-1","max-image-preview":"max-image-preview:large","max-video-preview":"max-video-preview:-1"},"canonical":"https:\/\/distri-kahwa.ma\/materiel-professionnel\/table-meuble-banc-refrigere\/","og_locale":"fr_FR","og_type":"article","og_title":"Table, Meuble, Banc R\u00e9frig\u00e9r\u00e9 - Materiel Equipement Professionnel","og_description":"Materiel et Equipement Professionnel Hotel, Caf\u00e9, Restaurant, Boulangerie, Cuisine&#8230; . Mat\u00e9riel et Equipement Professionnel Cuisine Hotel Restaurant Snack Pizzeria : Table \u00e0 Froid Positif, Table \u00e0 Froid N\u00e9gatif, Table R\u00e9frig\u00e9r\u00e9e,","og_url":"https:\/\/distri-kahwa.ma\/materiel-professionnel\/table-meuble-banc-refrigere\/","og_site_name":"Materiel Equipement Professionnel","article_modified_time":"2022-05-24T22:01:44+00:00","og_image":[{"url":"http:\/\/distri-kahwa.ma\/materiel-professionnel\/table-de-preparation132\/","type":"","width":"","height":""}],"twitter_card":"summary_large_image","twitter_misc":{"Dur\u00e9e de lecture estim\u00e9e":"3 minutes"},"schema":{"@context":"https:\/\/schema.org","@graph":[{"@type":"WebPage","@id":"https:\/\/distri-kahwa.ma\/materiel-professionnel\/table-meuble-banc-refrigere\/","url":"https:\/\/distri-kahwa.ma\/materiel-professionnel\/table-meuble-banc-refrigere\/","name":"Table, Meuble, Banc R\u00e9frig\u00e9r\u00e9 - Materiel Equipement Professionnel","isPartOf":{"@id":"https:\/\/distri-kahwa.ma\/materiel-professionnel\/#website"},"primaryImageOfPage":{"@id":"https:\/\/distri-kahwa.ma\/materiel-professionnel\/table-meuble-banc-refrigere\/#primaryimage"},"image":{"@id":"https:\/\/distri-kahwa.ma\/materiel-professionnel\/table-meuble-banc-refrigere\/#primaryimage"},"thumbnailUrl":"https:\/\/distri-kahwa.ma\/materiel-professionnel\/\/table-de-preparation132\/","datePublished":"2022-03-14T21:33:08+00:00","dateModified":"2022-05-24T22:01:44+00:00","breadcrumb":{"@id":"https:\/\/distri-kahwa.ma\/materiel-professionnel\/table-meuble-banc-refrigere\/#breadcrumb"},"inLanguage":"fr-FR","potentialAction":[{"@type":"ReadAction","target":["https:\/\/distri-kahwa.ma\/materiel-professionnel\/table-meuble-banc-refrigere\/"]}]},{"@type":"ImageObject","inLanguage":"fr-FR","@id":"https:\/\/distri-kahwa.ma\/materiel-professionnel\/table-meuble-banc-refrigere\/#primaryimage","url":"https:\/\/distri-kahwa.ma\/materiel-professionnel\/\/table-de-preparation132\/","contentUrl":"https:\/\/distri-kahwa.ma\/materiel-professionnel\/\/table-de-preparation132\/"},{"@type":"BreadcrumbList","@id":"https:\/\/distri-kahwa.ma\/materiel-professionnel\/table-meuble-banc-refrigere\/#breadcrumb","itemListElement":[{"@type":"ListItem","position":1,"name":"Accueil","item":"https:\/\/distri-kahwa.ma\/materiel-professionnel\/"},{"@type":"ListItem","position":2,"name":"Table, Meuble, Banc R\u00e9frig\u00e9r\u00e9"}]},{"@type":"WebSite","@id":"https:\/\/distri-kahwa.ma\/materiel-professionnel\/#website","url":"https:\/\/distri-kahwa.ma\/materiel-professionnel\/","name":"Materiel Equipement Professionnel","description":"tel : 06.43.33.86.56 \/ mail : distri-kahwa@outlook.com","potentialAction":[{"@type":"SearchAction","target":{"@type":"EntryPoint","urlTemplate":"https:\/\/distri-kahwa.ma\/materiel-professionnel\/?s={search_term_string}"},"query-input":{"@type":"PropertyValueSpecification","valueRequired":true,"valueName":"search_term_string"}}],"inLanguage":"fr-FR"}]}},"_links":{"self":[{"href":"https:\/\/distri-kahwa.ma\/materiel-professionnel\/wp-json\/wp\/v2\/pages\/11012","targetHints":{"allow":["GET"]}}],"collection":[{"href":"https:\/\/distri-kahwa.ma\/materiel-professionnel\/wp-json\/wp\/v2\/pages"}],"about":[{"href":"https:\/\/distri-kahwa.ma\/materiel-professionnel\/wp-json\/wp\/v2\/types\/page"}],"author":[{"embeddable":true,"href":"https:\/\/distri-kahwa.ma\/materiel-professionnel\/wp-json\/wp\/v2\/users\/1"}],"replies":[{"embeddable":true,"href":"https:\/\/distri-kahwa.ma\/materiel-professionnel\/wp-json\/wp\/v2\/comments?post=11012"}],"version-history":[{"count":26,"href":"https:\/\/distri-kahwa.ma\/materiel-professionnel\/wp-json\/wp\/v2\/pages\/11012\/revisions"}],"predecessor-version":[{"id":14001,"href":"https:\/\/distri-kahwa.ma\/materiel-professionnel\/wp-json\/wp\/v2\/pages\/11012\/revisions\/14001"}],"wp:attachment":[{"href":"https:\/\/distri-kahwa.ma\/materiel-professionnel\/wp-json\/wp\/v2\/media?parent=11012"}],"curies":[{"name":"wp","href":"https:\/\/api.w.org\/{rel}","templated":true}]}}