{"id":11148,"date":"2022-03-14T22:23:01","date_gmt":"2022-03-14T22:23:01","guid":{"rendered":"https:\/\/distri-kahwa.ma\/materiel-professionnel\/?page_id=11148"},"modified":"2025-10-25T14:57:03","modified_gmt":"2025-10-25T14:57:03","slug":"friteuse-a-gaz-a-poser-600","status":"publish","type":"page","link":"https:\/\/distri-kahwa.ma\/materiel-professionnel\/friteuse-a-gaz-a-poser-600\/","title":{"rendered":"Friteuse \u00e0 GAZ \u00e0 poser 600"},"content":{"rendered":"<hr style=\"float: none; clear: both; height: 5px; border-width: 10; color: black; background-color: black;\">\n<div class=\"lead\" style=\"border: 0px solid #b9121b; background-color: rgba(255, 255, 255, 0.89); width: 100%; height: auto; margin: auto;\">\n<div style=\"margin: 0px;\">\n<h2 style=\"text-align: center;\"><strong><span style=\"color: #0000ff;\">Materiel et Equipement Professionnel<br \/>\n<\/span><span style=\"color: #bc0939; font-size: 32px;\">Cuisine H\u00f4tel, Restaurant<\/span><\/strong><strong><span style=\"color: #bc0939; font-size: 32px;\">, Caf\u00e9, Traiteur&#8230;<\/span><\/strong><\/h2>\n<hr style=\"float: none; clear: both; height: 5px; border-width: 10; color: black; background-color: black;\">\n<p><span style=\"color: #ffffff;\">.<\/span><\/p>\n<div style=\"background-color: #a91101; text-align: center; border-radius: 15px; border: 5px inset black;\">\n<h2><span style=\"color: white;\">Friteuse \u00e0 GAZ \u00e0 Poser 600<\/span><\/h2>\n<\/div>\n<p><span style=\"color: #ffffff;\">.<\/span><br \/>\n<div class=\"su-row\"><div class=\"su-column su-column-size-1-3\"><div class=\"su-column-inner su-u-clearfix su-u-trim\"><div class=\"su-box su-box-style-soft\" id=\"\" style=\"border-color:#c2c2a9;border-radius:10px;max-width:none\"><div class=\"su-box-title\" style=\"background-color:#F5F5DC;color:#0000ff;border-top-left-radius:8px;border-top-right-radius:8px\">1 Cuve 8 Litres<\/div><div class=\"su-box-content su-u-clearfix su-u-trim\" style=\"border-bottom-left-radius:8px;border-bottom-right-radius:8px\"><a title=\"Friteuse \u00e0 GAZ \u00e0 Poser 600 1 Cuve 8 Litres\" href=\"https:\/\/distri-kahwa.ma\/materiel-professionnel\/produit\/friteuse-a-gaz-a-poser-600-1-cuve-8-litres\/\" target=\"_blank\" rel=\"noopener\"><img loading=\"lazy\" decoding=\"async\" class=\"size-medium aligncenter\" src=\"http:\/\/lecoin-pro.com\/image\/cuisson\/a-poser\/600\/friteuse-gaz\/friteuses-gaz-1-cuve.jpg\" alt=\"Friteuse \u00e0 GAZ \u00e0 Poser 600 1 Cuve 8 Litres\" width=\"1024\" height=\"1024\"><\/a><\/p>\n<h2 style=\"padding: 0px;\"><a title=\"Tarif\" href=\"https:\/\/distri-kahwa.ma\/materiel-professionnel\/produit\/friteuse-a-gaz-a-poser-600-1-cuve-8-litres\/\" target=\"_blank\" rel=\"noopener noreferrer\"><button class=\"btn1\">Tarif<\/button><\/a><\/h2>\n<\/div><\/div><\/div><\/div><div class=\"su-column su-column-size-1-3\"><div class=\"su-column-inner su-u-clearfix su-u-trim\"><div class=\"su-box su-box-style-soft\" id=\"\" style=\"border-color:#c2c2a9;border-radius:10px;max-width:none\"><div class=\"su-box-title\" style=\"background-color:#F5F5DC;color:#0000ff;border-top-left-radius:8px;border-top-right-radius:8px\">2 Cuves 8 Litres<\/div><div class=\"su-box-content su-u-clearfix su-u-trim\" style=\"border-bottom-left-radius:8px;border-bottom-right-radius:8px\"><a title=\"Friteuse \u00e0 GAZ \u00e0 Poser 600 2 Cuves 8 Litres\" href=\"https:\/\/distri-kahwa.ma\/materiel-professionnel\/produit\/friteuse-a-gaz-a-poser-600-2-cuves-8-litres\/\" target=\"_blank\" rel=\"noopener\"><img loading=\"lazy\" decoding=\"async\" class=\"alignnone size-medium\" src=\"http:\/\/lecoin-pro.com\/image\/cuisson\/a-poser\/600\/friteuse-gaz\/friteuses-gaz-2-cuves.jpg\" alt=\"Friteuse \u00e0 GAZ \u00e0 Poser 600 2 Cuves 8 Litres\" width=\"1024\" height=\"1024\"><\/a><\/p>\n<h2 style=\"padding: 0px;\"><a title=\"Tarif\" href=\"https:\/\/distri-kahwa.ma\/materiel-professionnel\/produit\/friteuse-a-gaz-a-poser-600-2-cuves-8-litres\/\" target=\"_blank\" rel=\"noopener noreferrer\"><button class=\"btn1\">Tarif<\/button><\/a><\/h2>\n<\/div><\/div><\/div><\/div><div class=\"su-column su-column-size-1-3\"><div class=\"su-column-inner su-u-clearfix su-u-trim\"><\/div><\/div><\/div>\n<hr style=\"float: none; clear: both; height: 2px; border-width: 10; color: black; background-color: black;\">\n\n<\/div>\n<\/div>\n<hr style=\"float: none; clear: both; height: 3px; border-width: 10; color: black; background-color: black;\">\n<div style=\"background-color: #a91101; text-align: center; border-radius: 15px; border: 5px inset black;\">\n<h2><span style=\"color: white;\">Nos Atouts<\/span><\/h2>\n<\/div>\n<div class=\"su-row\"><div class=\"su-column su-column-size-1-3\"><div class=\"su-column-inner su-u-clearfix su-u-trim\">\n<div style=\"text-align: center; padding: 5px; margin: 0px; background-color: rgba(255, 255, 255, 0.95); border-radius: 25px;\"><img loading=\"lazy\" decoding=\"async\" src=\"https:\/\/distri-kahwa.ma\/materiel-professionnel\/wp-content\/uploads\/CARROSSERIE_ACIER_INOX2.jpg\" alt=\"\" width=\"125\" height=\"125\"><\/p>\n<p style=\"text-align: Left; font-size: 16px; color: black;\">Carrosserie acier inoxydable<\/p>\n<\/div>\n<\/div><\/div>\n<div class=\"su-column su-column-size-1-3\"><div class=\"su-column-inner su-u-clearfix su-u-trim\">\n<div style=\"text-align: center; padding: 5px; margin: 0px; background-color: rgba(255, 255, 255, 0.95); border-radius: 25px;\"><img loading=\"lazy\" decoding=\"async\" src=\"https:\/\/distri-kahwa.ma\/materiel-professionnel\/wp-content\/uploads\/PROFILE_ZONE_REFROIDIE.jpg\" alt=\"\" width=\"125\" height=\"125\"><\/p>\n<p style=\"text-align: Left; font-size: 16px; color: black;\">R\u00e9servoir profil\u00e9 avec zone refroidie<\/p>\n<\/div>\n<\/div><\/div>\n<div class=\"su-column su-column-size-1-3\"><div class=\"su-column-inner su-u-clearfix su-u-trim\"><\/div><\/div>\n<\/div>\n<h2 style=\"padding: 0px;\"><a title=\"Prix Table R\u00e9frig\u00e9r\u00e9e Professionnelle\" href=\"#Prix-Table-R\u00e9frig\u00e9r\u00e9e\"><button class=\"btn1\">Prix <\/button> <\/a><\/h2>\n<hr style=\"float: none; clear: both; height: 3px; border-width: 10; color: black; background-color: black;\">\n<div style=\"background-color: #a91101; text-align: center; border-radius: 15px; border: 5px inset black;\">\n<h2><span style=\"color: white; font-size: 26px;\">distri-kahwa@outlook.com<\/span><\/h2>\n<\/div>\n<p class=\"has-small-font-size\" style=\"text-align: center;\">\n<div style=\"background-color: #a91101; text-align: center; border-radius: 15px; border: 5px inset black;\">\n<h2><span style=\"color: white; font-size: 26px;\">O6.43.33.86.56<\/span><\/h2>\n<\/div>\n<hr style=\"float: none; clear: both; height: 3px; color: black; background-color: black;\">\n<div id=\"content\" class=\"grid-container site-content\" style=\"padding-top: 0px;\" role=\"main\">\n<div class=\"grid-75 tablet-grid-75 mobile-grid-100\">\n<header class=\"entry-header\">\n<div style=\"background-image: url('http:\/\/xn--machine--caf-59a4k.com\/image\/cafe-1.jpg'); background-repeat: no-repeat; background-attachment: fixed; -webkit-background-size: cover; -moz-background-size: cover; -o-background-size: cover; background-size: cover;\">\n<div class=\"lead\" style=\"border: 0px solid #b9121b; background-color: rgba(255, 255, 255, 0.89); width: 100%; height: auto; margin: auto;\">\n<div style=\"margin: 0px;\">\n<h2 style=\"text-align: center;\"><span style=\"color: #b9121b;\"><strong>Cafeti\u00e8re Percolateur Maroc<br \/>\n<\/strong><\/span><\/h2>\n<p><span style=\"color: #ffffff;\">.<\/span><\/p>\n<hr style=\"height: 3px; background-color: #000; width: 50%; margin: auto;\">\n\n<\/div>\n<\/div>\n<\/div>\n<\/header>\n<\/div>\n<div class=\"grid-25 tablet-grid-25 mobile-grid-100\">\n<div id=\"secondary\" class=\"widget-area\" role=\"complementary\">\n<ul class=\"display-posts-listing\"><li class=\"listing-item\"><div class=\"content\"><div style=\"background-color: #ffff000; border-radius: 25px; border: 5px solid #000; text-decoration: none;\">\n<h2 style=\"font-size: 24px; text-align: center; background-color: #fcdc12; border-top-left-radius: 20px; border-top-right-radius: 20px;\"><a style=\"text-decoration: none;\" href=\"http:\/\/xn--machine--caf-59a4k.com\/\" target=\"_blank\" rel=\"noopener noreferrer\"><span style=\"color: #000;\">Machine \u00e0 Caf\u00e9<\/span><\/a><\/h2>\n<div class=\"wp-block-image\" style=\"text-align: center;\">\n<figure class=\"aligncenter is-resized\"><span style=\"color: #ffffff;\"><a style=\"text-decoration: none;\" href=\"http:\/\/xn--machine--caf-59a4k.com\/\" target=\"_blank\" rel=\"noopener noreferrer\"><img loading=\"lazy\" decoding=\"async\" class=\"alignnone wp-image-2579\" src=\"http:\/\/xn--machine--caf-59a4k.com\/wp-content\/uploads\/2019\/05\/S300-MCTI-CF.png\" alt=\"Machine \u00e0 Caf\u00e9 \" width=\"350\" height=\"350\" \/><\/a><\/span><figcaption><span style=\"color: #002fa7;\">100% Suisse<\/span><\/figcaption><\/figure>\n<\/div>\n<h2 style=\"font-size: 24px; text-align: center; background-color: #fcdc12; border-top: 5px solid #03224C;\"><a style=\"text-decoration: none;\" href=\"http:\/\/xn--machine--caf-59a4k.com\/percolateur-cafe\/\" target=\"_blank\" rel=\"noopener noreferrer\"><span style=\"color: #000;\">Percolateur Caf\u00e9<\/span><\/a><\/h2>\n<div class=\"wp-block-image\" style=\"text-align: center;\">\n<figure class=\"aligncenter is-resized\"><span style=\"color: #ffffff;\"><a style=\"text-decoration: none;\" href=\"http:\/\/xn--machine--caf-59a4k.com\/percolateur-cafe\/\" target=\"_blank\" rel=\"noopener noreferrer\"><img loading=\"lazy\" decoding=\"async\" class=\"alignnone wp-image-3755\" src=\"http:\/\/xn--machine--caf-59a4k.com\/wp-content\/uploads\/2019\/07\/Percolateur-Caf\u00e9-2x10L-1.png\" alt=\"Percolateur \u00e0 Caf\u00e9 Professionnel\" width=\"350\" height=\"350\" \/><\/a><\/span><\/p>\n<p><script async=\"\" src=\"https:\/\/pagead2.googlesyndication.com\/pagead\/js\/adsbygoogle.js\"><\/script> <!-- display vertical --> <ins class=\"adsbygoogle\" style=\"display: block;\" data-ad-client=\"ca-pub-9676928309369651\" data-ad-slot=\"1079190918\" data-ad-format=\"auto\" data-full-width-responsive=\"true\"><\/ins> <script><br \/>\n     (adsbygoogle = window.adsbygoogle || []).push({});<br \/>\n<\/script><\/figure>\n<\/div>\n<\/div>\n<\/div><\/li><\/ul>\n\n<\/div>\n<p><!-- \/#secondary.widget-area --><\/p>\n<\/div>\n<\/div>\n<div style=\"margin: 11px;\"><\/div>\n","protected":false},"excerpt":{"rendered":"<p>Materiel et Equipement Professionnel Cuisine H\u00f4tel, Restaurant, Caf\u00e9, Traiteur&#8230; . Friteuse \u00e0 GAZ \u00e0 Poser 600 . Nos Atouts Prix distri-kahwa@outlook.com O6.43.33.86.56 Cafeti\u00e8re Percolateur Maroc .<\/p>\n","protected":false},"author":1,"featured_media":0,"parent":0,"menu_order":0,"comment_status":"closed","ping_status":"closed","template":"","meta":{"_acf_changed":false,"footnotes":""},"class_list":{"1":"page","2":"type-page","3":"status-publish","4":"hentry"},"acf":[],"yoast_head":"<!-- This site is optimized with the Yoast SEO plugin v27.3 - https:\/\/yoast.com\/product\/yoast-seo-wordpress\/ -->\n<title>Friteuse \u00e0 GAZ \u00e0 poser 600 - Materiel Equipement Professionnel<\/title>\n<meta name=\"robots\" content=\"index, follow, max-snippet:-1, max-image-preview:large, max-video-preview:-1\" \/>\n<link rel=\"canonical\" href=\"https:\/\/distri-kahwa.ma\/materiel-professionnel\/friteuse-a-gaz-a-poser-600\/\" \/>\n<meta property=\"og:locale\" content=\"fr_FR\" \/>\n<meta property=\"og:type\" content=\"article\" \/>\n<meta property=\"og:title\" content=\"Friteuse \u00e0 GAZ \u00e0 poser 600 - Materiel Equipement Professionnel\" \/>\n<meta property=\"og:description\" content=\"Materiel et Equipement Professionnel Cuisine H\u00f4tel, Restaurant, Caf\u00e9, Traiteur&#8230; . Friteuse \u00e0 GAZ \u00e0 Poser 600 . Nos Atouts Prix distri-kahwa@outlook.com O6.43.33.86.56 Cafeti\u00e8re Percolateur Maroc .\" \/>\n<meta property=\"og:url\" content=\"https:\/\/distri-kahwa.ma\/materiel-professionnel\/friteuse-a-gaz-a-poser-600\/\" \/>\n<meta property=\"og:site_name\" content=\"Materiel Equipement Professionnel\" \/>\n<meta property=\"article:modified_time\" content=\"2025-10-25T14:57:03+00:00\" \/>\n<meta property=\"og:image\" content=\"http:\/\/lecoin-pro.com\/image\/cuisson\/a-poser\/600\/friteuse-gaz\/friteuses-gaz-1-cuve.jpg\" \/>\n<meta name=\"twitter:card\" content=\"summary_large_image\" \/>\n<meta name=\"twitter:label1\" content=\"Dur\u00e9e de lecture estim\u00e9e\" \/>\n\t<meta name=\"twitter:data1\" content=\"2 minutes\" \/>\n<script type=\"application\/ld+json\" class=\"yoast-schema-graph\">{\"@context\":\"https:\\\/\\\/schema.org\",\"@graph\":[{\"@type\":\"WebPage\",\"@id\":\"https:\\\/\\\/distri-kahwa.ma\\\/materiel-professionnel\\\/friteuse-a-gaz-a-poser-600\\\/\",\"url\":\"https:\\\/\\\/distri-kahwa.ma\\\/materiel-professionnel\\\/friteuse-a-gaz-a-poser-600\\\/\",\"name\":\"Friteuse \u00e0 GAZ \u00e0 poser 600 - Materiel Equipement Professionnel\",\"isPartOf\":{\"@id\":\"https:\\\/\\\/distri-kahwa.ma\\\/materiel-professionnel\\\/#website\"},\"primaryImageOfPage\":{\"@id\":\"https:\\\/\\\/distri-kahwa.ma\\\/materiel-professionnel\\\/friteuse-a-gaz-a-poser-600\\\/#primaryimage\"},\"image\":{\"@id\":\"https:\\\/\\\/distri-kahwa.ma\\\/materiel-professionnel\\\/friteuse-a-gaz-a-poser-600\\\/#primaryimage\"},\"thumbnailUrl\":\"http:\\\/\\\/lecoin-pro.com\\\/image\\\/cuisson\\\/a-poser\\\/600\\\/friteuse-gaz\\\/friteuses-gaz-1-cuve.jpg\",\"datePublished\":\"2022-03-14T22:23:01+00:00\",\"dateModified\":\"2025-10-25T14:57:03+00:00\",\"breadcrumb\":{\"@id\":\"https:\\\/\\\/distri-kahwa.ma\\\/materiel-professionnel\\\/friteuse-a-gaz-a-poser-600\\\/#breadcrumb\"},\"inLanguage\":\"fr-FR\",\"potentialAction\":[{\"@type\":\"ReadAction\",\"target\":[\"https:\\\/\\\/distri-kahwa.ma\\\/materiel-professionnel\\\/friteuse-a-gaz-a-poser-600\\\/\"]}]},{\"@type\":\"ImageObject\",\"inLanguage\":\"fr-FR\",\"@id\":\"https:\\\/\\\/distri-kahwa.ma\\\/materiel-professionnel\\\/friteuse-a-gaz-a-poser-600\\\/#primaryimage\",\"url\":\"http:\\\/\\\/lecoin-pro.com\\\/image\\\/cuisson\\\/a-poser\\\/600\\\/friteuse-gaz\\\/friteuses-gaz-1-cuve.jpg\",\"contentUrl\":\"http:\\\/\\\/lecoin-pro.com\\\/image\\\/cuisson\\\/a-poser\\\/600\\\/friteuse-gaz\\\/friteuses-gaz-1-cuve.jpg\"},{\"@type\":\"BreadcrumbList\",\"@id\":\"https:\\\/\\\/distri-kahwa.ma\\\/materiel-professionnel\\\/friteuse-a-gaz-a-poser-600\\\/#breadcrumb\",\"itemListElement\":[{\"@type\":\"ListItem\",\"position\":1,\"name\":\"Accueil\",\"item\":\"https:\\\/\\\/distri-kahwa.ma\\\/materiel-professionnel\\\/\"},{\"@type\":\"ListItem\",\"position\":2,\"name\":\"Friteuse \u00e0 GAZ \u00e0 poser 600\"}]},{\"@type\":\"WebSite\",\"@id\":\"https:\\\/\\\/distri-kahwa.ma\\\/materiel-professionnel\\\/#website\",\"url\":\"https:\\\/\\\/distri-kahwa.ma\\\/materiel-professionnel\\\/\",\"name\":\"Materiel Equipement Professionnel\",\"description\":\"tel : 06.43.33.86.56 \\\/ mail : distri-kahwa@outlook.com\",\"potentialAction\":[{\"@type\":\"SearchAction\",\"target\":{\"@type\":\"EntryPoint\",\"urlTemplate\":\"https:\\\/\\\/distri-kahwa.ma\\\/materiel-professionnel\\\/?s={search_term_string}\"},\"query-input\":{\"@type\":\"PropertyValueSpecification\",\"valueRequired\":true,\"valueName\":\"search_term_string\"}}],\"inLanguage\":\"fr-FR\"}]}<\/script>\n<!-- \/ Yoast SEO plugin. -->","yoast_head_json":{"title":"Friteuse \u00e0 GAZ \u00e0 poser 600 - Materiel Equipement Professionnel","robots":{"index":"index","follow":"follow","max-snippet":"max-snippet:-1","max-image-preview":"max-image-preview:large","max-video-preview":"max-video-preview:-1"},"canonical":"https:\/\/distri-kahwa.ma\/materiel-professionnel\/friteuse-a-gaz-a-poser-600\/","og_locale":"fr_FR","og_type":"article","og_title":"Friteuse \u00e0 GAZ \u00e0 poser 600 - Materiel Equipement Professionnel","og_description":"Materiel et Equipement Professionnel Cuisine H\u00f4tel, Restaurant, Caf\u00e9, Traiteur&#8230; . Friteuse \u00e0 GAZ \u00e0 Poser 600 . Nos Atouts Prix distri-kahwa@outlook.com O6.43.33.86.56 Cafeti\u00e8re Percolateur Maroc .","og_url":"https:\/\/distri-kahwa.ma\/materiel-professionnel\/friteuse-a-gaz-a-poser-600\/","og_site_name":"Materiel Equipement Professionnel","article_modified_time":"2025-10-25T14:57:03+00:00","og_image":[{"url":"http:\/\/lecoin-pro.com\/image\/cuisson\/a-poser\/600\/friteuse-gaz\/friteuses-gaz-1-cuve.jpg","type":"","width":"","height":""}],"twitter_card":"summary_large_image","twitter_misc":{"Dur\u00e9e de lecture estim\u00e9e":"2 minutes"},"schema":{"@context":"https:\/\/schema.org","@graph":[{"@type":"WebPage","@id":"https:\/\/distri-kahwa.ma\/materiel-professionnel\/friteuse-a-gaz-a-poser-600\/","url":"https:\/\/distri-kahwa.ma\/materiel-professionnel\/friteuse-a-gaz-a-poser-600\/","name":"Friteuse \u00e0 GAZ \u00e0 poser 600 - Materiel Equipement Professionnel","isPartOf":{"@id":"https:\/\/distri-kahwa.ma\/materiel-professionnel\/#website"},"primaryImageOfPage":{"@id":"https:\/\/distri-kahwa.ma\/materiel-professionnel\/friteuse-a-gaz-a-poser-600\/#primaryimage"},"image":{"@id":"https:\/\/distri-kahwa.ma\/materiel-professionnel\/friteuse-a-gaz-a-poser-600\/#primaryimage"},"thumbnailUrl":"http:\/\/lecoin-pro.com\/image\/cuisson\/a-poser\/600\/friteuse-gaz\/friteuses-gaz-1-cuve.jpg","datePublished":"2022-03-14T22:23:01+00:00","dateModified":"2025-10-25T14:57:03+00:00","breadcrumb":{"@id":"https:\/\/distri-kahwa.ma\/materiel-professionnel\/friteuse-a-gaz-a-poser-600\/#breadcrumb"},"inLanguage":"fr-FR","potentialAction":[{"@type":"ReadAction","target":["https:\/\/distri-kahwa.ma\/materiel-professionnel\/friteuse-a-gaz-a-poser-600\/"]}]},{"@type":"ImageObject","inLanguage":"fr-FR","@id":"https:\/\/distri-kahwa.ma\/materiel-professionnel\/friteuse-a-gaz-a-poser-600\/#primaryimage","url":"http:\/\/lecoin-pro.com\/image\/cuisson\/a-poser\/600\/friteuse-gaz\/friteuses-gaz-1-cuve.jpg","contentUrl":"http:\/\/lecoin-pro.com\/image\/cuisson\/a-poser\/600\/friteuse-gaz\/friteuses-gaz-1-cuve.jpg"},{"@type":"BreadcrumbList","@id":"https:\/\/distri-kahwa.ma\/materiel-professionnel\/friteuse-a-gaz-a-poser-600\/#breadcrumb","itemListElement":[{"@type":"ListItem","position":1,"name":"Accueil","item":"https:\/\/distri-kahwa.ma\/materiel-professionnel\/"},{"@type":"ListItem","position":2,"name":"Friteuse \u00e0 GAZ \u00e0 poser 600"}]},{"@type":"WebSite","@id":"https:\/\/distri-kahwa.ma\/materiel-professionnel\/#website","url":"https:\/\/distri-kahwa.ma\/materiel-professionnel\/","name":"Materiel Equipement Professionnel","description":"tel : 06.43.33.86.56 \/ mail : distri-kahwa@outlook.com","potentialAction":[{"@type":"SearchAction","target":{"@type":"EntryPoint","urlTemplate":"https:\/\/distri-kahwa.ma\/materiel-professionnel\/?s={search_term_string}"},"query-input":{"@type":"PropertyValueSpecification","valueRequired":true,"valueName":"search_term_string"}}],"inLanguage":"fr-FR"}]}},"_links":{"self":[{"href":"https:\/\/distri-kahwa.ma\/materiel-professionnel\/wp-json\/wp\/v2\/pages\/11148","targetHints":{"allow":["GET"]}}],"collection":[{"href":"https:\/\/distri-kahwa.ma\/materiel-professionnel\/wp-json\/wp\/v2\/pages"}],"about":[{"href":"https:\/\/distri-kahwa.ma\/materiel-professionnel\/wp-json\/wp\/v2\/types\/page"}],"author":[{"embeddable":true,"href":"https:\/\/distri-kahwa.ma\/materiel-professionnel\/wp-json\/wp\/v2\/users\/1"}],"replies":[{"embeddable":true,"href":"https:\/\/distri-kahwa.ma\/materiel-professionnel\/wp-json\/wp\/v2\/comments?post=11148"}],"version-history":[{"count":2,"href":"https:\/\/distri-kahwa.ma\/materiel-professionnel\/wp-json\/wp\/v2\/pages\/11148\/revisions"}],"predecessor-version":[{"id":15140,"href":"https:\/\/distri-kahwa.ma\/materiel-professionnel\/wp-json\/wp\/v2\/pages\/11148\/revisions\/15140"}],"wp:attachment":[{"href":"https:\/\/distri-kahwa.ma\/materiel-professionnel\/wp-json\/wp\/v2\/media?parent=11148"}],"curies":[{"name":"wp","href":"https:\/\/api.w.org\/{rel}","templated":true}]}}