{"id":11169,"date":"2022-03-30T22:10:21","date_gmt":"2022-03-30T22:10:21","guid":{"rendered":"https:\/\/distri-kahwa.ma\/materiel-professionnel\/?page_id=11169"},"modified":"2025-01-11T18:56:51","modified_gmt":"2025-01-11T18:56:51","slug":"cuisiniere-gaziniere-fourneau","status":"publish","type":"page","link":"https:\/\/distri-kahwa.ma\/materiel-professionnel\/cuisiniere-gaziniere-fourneau\/","title":{"rendered":"Cuisini\u00e8re Gazini\u00e8re Fourneau"},"content":{"rendered":"<hr style=\"float: none; clear: both; height: 5px; border-width: 10; color: black; background-color: black;\" \/>\n<div class=\"lead\" style=\"border: 0px solid #b9121b; background-color: rgba(255, 255, 255, 0.89); width: 100%; height: auto; margin: auto;\">\n<div style=\"margin: 0px;\">\n<h2 style=\"text-align: center;\"><strong><span style=\"color: #0000ff;\">Materiel et Equipement Professionnel<br \/>\n<\/span><span style=\"color: #bc0939; font-size: 32px;\">Hotel, Caf\u00e9, Restaurant, Boulangerie, Cuisine&#8230;<\/span><\/strong><\/h2>\n<hr style=\"float: none; clear: both; height: 5px; border-width: 10; color: black; background-color: black;\" \/>\n<p><span style=\"color: #ffffff;\">.<\/span><\/p>\n<div class=\"su-row\"><div class=\"su-column su-column-size-1-3\"><div class=\"su-column-inner su-u-clearfix su-u-trim\"><div class=\"su-box su-box-style-default\" id=\"\" style=\"border-color:#890006;border-radius:15px;max-width:none\"><div class=\"su-box-title\" style=\"background-color:#bc0939;color:#FFFFFF;border-top-left-radius:13px;border-top-right-radius:13px\">Gamme 60 cm<\/div><div class=\"su-box-content su-u-clearfix su-u-trim\" style=\"border-bottom-left-radius:13px;border-bottom-right-radius:13px\"><a title=\"Cuisini\u00e8re 60 cm equipement professionnel hotel restaurant cuisine\" href=\"https:\/\/distri-kahwa.ma\/materiel-professionnel\/\/fourneau-600\/\" target=\"_blank\" rel=\"noopener\"><img decoding=\"async\" class=\"aligncenter\" title=\"Cuisini\u00e8re 60 cm\" src=\"http:\/\/lecoin-pro.com\/image\/cuisson\/fourneau\/600\/fourneaux-feux-vifs-gaz-4-feux.jpg\" alt=\"Cuisini\u00e8re 60 cm equipement professionnel hotel restaurant cuisine\" \/><\/a><\/p>\n<h2 style=\"padding: 0px; text-align: center;\"><a title=\"Cuisini\u00e8re 60 cm equipement professionnel hotel restaurant cuisine\" href=\"https:\/\/distri-kahwa.ma\/materiel-professionnel\/\/fourneau-600\/\" target=\"_blank\" rel=\"noopener noreferrer\" data-wplink-edit=\"true\"><button class=\"btn1\">Toute la Gamme<\/button> <\/a><\/h2>\n<\/div><\/div><\/div><\/div><div class=\"su-column su-column-size-1-3\"><div class=\"su-column-inner su-u-clearfix su-u-trim\"><div class=\"su-box su-box-style-default\" id=\"\" style=\"border-color:#890006;border-radius:15px;max-width:none\"><div class=\"su-box-title\" style=\"background-color:#bc0939;color:#FFFFFF;border-top-left-radius:13px;border-top-right-radius:13px\">Gamme 70 cm<\/div><div class=\"su-box-content su-u-clearfix su-u-trim\" style=\"border-bottom-left-radius:13px;border-bottom-right-radius:13px\"><a title=\"Cuisini\u00e8re 70 cm equipement professionnel hotel restaurant cuisine\" href=\"https:\/\/distri-kahwa.ma\/materiel-professionnel\/fourneaux-700\/\" target=\"_blank\" rel=\"noopener noreferrer\"><img decoding=\"async\" class=\"size-medium wp-image-3660 aligncenter\" src=\"http:\/\/lecoin-pro.com\/image\/cuisiniere-professionnelle.jpg\" alt=\"\" \/><\/a><\/p>\n<h2 style=\"padding: 0px; text-align: center;\"><a title=\"Cuisini\u00e8re 70 cm equipement professionnel hotel restaurant cuisine\" href=\"https:\/\/distri-kahwa.ma\/materiel-professionnel\/fourneaux-700\/\" target=\"_blank\" rel=\"noopener noreferrer\"><button class=\"btn1\">Toute la Gamme<\/button> <\/a><\/h2>\n<\/div><\/div><\/div><\/div><div class=\"su-column su-column-size-1-3\"><div class=\"su-column-inner su-u-clearfix su-u-trim\"><div class=\"su-box su-box-style-default\" id=\"\" style=\"border-color:#890006;border-radius:15px;max-width:none\"><div class=\"su-box-title\" style=\"background-color:#bc0939;color:#FFFFFF;border-top-left-radius:13px;border-top-right-radius:13px\">Gamme 90 cm<\/div><div class=\"su-box-content su-u-clearfix su-u-trim\" style=\"border-bottom-left-radius:13px;border-bottom-right-radius:13px\"><a title=\"Cuisini\u00e8re 90 cm equipement professionnel hotel restaurant cuisine\" href=\"https:\/\/distri-kahwa.ma\/materiel-professionnel\/\/fourneau-900\/\" target=\"_blank\" rel=\"noopener noreferrer\"><img loading=\"lazy\" decoding=\"async\" class=\"aligncenter\" title=\"Cuisini\u00e8re 90 cm \" src=\"http:\/\/lecoin-pro.com\/image\/gaziniere.jpg\" alt=\"Cuisini\u00e8re 90 cm equipement professionnel hotel restaurant cuisine\" width=\"400\" height=\"400\" \/><\/a><\/p>\n<h2 style=\"padding: 0px; text-align: center;\"><a title=\"Cuisini\u00e8re 90 cm equipement professionnel hotel restaurant cuisine\" href=\"https:\/\/distri-kahwa.ma\/materiel-professionnel\/\/fourneau-900\/\" target=\"_blank\" rel=\"noopener noreferrer\"><button class=\"btn1\">Toute la Gamme<\/button> <\/a><\/h2>\n<\/div><\/div><\/div><\/div><\/div>\n<hr style=\"float: none; clear: both; height: 5px; border-width: 10; color: black; background-color: black;\" \/>\n\n<\/div>\n<\/div>\n","protected":false},"excerpt":{"rendered":"<p>Materiel et Equipement Professionnel Hotel, Caf\u00e9, Restaurant, Boulangerie, Cuisine&#8230; .<\/p>\n","protected":false},"author":1,"featured_media":0,"parent":0,"menu_order":0,"comment_status":"closed","ping_status":"closed","template":"","meta":{"_acf_changed":false,"footnotes":""},"class_list":{"1":"page","2":"type-page","3":"status-publish","4":"hentry"},"acf":[],"yoast_head":"<!-- This site is optimized with the Yoast SEO plugin v27.5 - https:\/\/yoast.com\/product\/yoast-seo-wordpress\/ -->\n<title>Cuisini\u00e8re Gazini\u00e8re Fourneau - Materiel Equipement Professionnel<\/title>\n<meta name=\"robots\" content=\"index, follow, max-snippet:-1, max-image-preview:large, max-video-preview:-1\" \/>\n<link rel=\"canonical\" href=\"https:\/\/distri-kahwa.ma\/materiel-professionnel\/cuisiniere-gaziniere-fourneau\/\" \/>\n<meta property=\"og:locale\" content=\"fr_FR\" \/>\n<meta property=\"og:type\" content=\"article\" \/>\n<meta property=\"og:title\" content=\"Cuisini\u00e8re Gazini\u00e8re Fourneau - Materiel Equipement Professionnel\" \/>\n<meta property=\"og:description\" content=\"Materiel et Equipement Professionnel Hotel, Caf\u00e9, Restaurant, Boulangerie, Cuisine&#8230; .\" \/>\n<meta property=\"og:url\" content=\"https:\/\/distri-kahwa.ma\/materiel-professionnel\/cuisiniere-gaziniere-fourneau\/\" \/>\n<meta property=\"og:site_name\" content=\"Materiel Equipement Professionnel\" \/>\n<meta property=\"article:modified_time\" content=\"2025-01-11T18:56:51+00:00\" \/>\n<meta property=\"og:image\" content=\"http:\/\/lecoin-pro.com\/image\/cuisson\/fourneau\/600\/fourneaux-feux-vifs-gaz-4-feux.jpg\" \/>\n<meta name=\"twitter:card\" content=\"summary_large_image\" \/>\n<meta name=\"twitter:label1\" content=\"Dur\u00e9e de lecture estim\u00e9e\" \/>\n\t<meta name=\"twitter:data1\" content=\"1 minute\" \/>\n<script type=\"application\/ld+json\" class=\"yoast-schema-graph\">{\"@context\":\"https:\\\/\\\/schema.org\",\"@graph\":[{\"@type\":\"WebPage\",\"@id\":\"https:\\\/\\\/distri-kahwa.ma\\\/materiel-professionnel\\\/cuisiniere-gaziniere-fourneau\\\/\",\"url\":\"https:\\\/\\\/distri-kahwa.ma\\\/materiel-professionnel\\\/cuisiniere-gaziniere-fourneau\\\/\",\"name\":\"Cuisini\u00e8re Gazini\u00e8re Fourneau - Materiel Equipement Professionnel\",\"isPartOf\":{\"@id\":\"https:\\\/\\\/distri-kahwa.ma\\\/materiel-professionnel\\\/#website\"},\"primaryImageOfPage\":{\"@id\":\"https:\\\/\\\/distri-kahwa.ma\\\/materiel-professionnel\\\/cuisiniere-gaziniere-fourneau\\\/#primaryimage\"},\"image\":{\"@id\":\"https:\\\/\\\/distri-kahwa.ma\\\/materiel-professionnel\\\/cuisiniere-gaziniere-fourneau\\\/#primaryimage\"},\"thumbnailUrl\":\"http:\\\/\\\/lecoin-pro.com\\\/image\\\/cuisson\\\/fourneau\\\/600\\\/fourneaux-feux-vifs-gaz-4-feux.jpg\",\"datePublished\":\"2022-03-30T22:10:21+00:00\",\"dateModified\":\"2025-01-11T18:56:51+00:00\",\"breadcrumb\":{\"@id\":\"https:\\\/\\\/distri-kahwa.ma\\\/materiel-professionnel\\\/cuisiniere-gaziniere-fourneau\\\/#breadcrumb\"},\"inLanguage\":\"fr-FR\",\"potentialAction\":[{\"@type\":\"ReadAction\",\"target\":[\"https:\\\/\\\/distri-kahwa.ma\\\/materiel-professionnel\\\/cuisiniere-gaziniere-fourneau\\\/\"]}]},{\"@type\":\"ImageObject\",\"inLanguage\":\"fr-FR\",\"@id\":\"https:\\\/\\\/distri-kahwa.ma\\\/materiel-professionnel\\\/cuisiniere-gaziniere-fourneau\\\/#primaryimage\",\"url\":\"http:\\\/\\\/lecoin-pro.com\\\/image\\\/cuisson\\\/fourneau\\\/600\\\/fourneaux-feux-vifs-gaz-4-feux.jpg\",\"contentUrl\":\"http:\\\/\\\/lecoin-pro.com\\\/image\\\/cuisson\\\/fourneau\\\/600\\\/fourneaux-feux-vifs-gaz-4-feux.jpg\"},{\"@type\":\"BreadcrumbList\",\"@id\":\"https:\\\/\\\/distri-kahwa.ma\\\/materiel-professionnel\\\/cuisiniere-gaziniere-fourneau\\\/#breadcrumb\",\"itemListElement\":[{\"@type\":\"ListItem\",\"position\":1,\"name\":\"Accueil\",\"item\":\"https:\\\/\\\/distri-kahwa.ma\\\/materiel-professionnel\\\/\"},{\"@type\":\"ListItem\",\"position\":2,\"name\":\"Cuisini\u00e8re Gazini\u00e8re Fourneau\"}]},{\"@type\":\"WebSite\",\"@id\":\"https:\\\/\\\/distri-kahwa.ma\\\/materiel-professionnel\\\/#website\",\"url\":\"https:\\\/\\\/distri-kahwa.ma\\\/materiel-professionnel\\\/\",\"name\":\"Materiel Equipement Professionnel\",\"description\":\"tel : 06.43.33.86.56 \\\/ mail : distri-kahwa@outlook.com\",\"potentialAction\":[{\"@type\":\"SearchAction\",\"target\":{\"@type\":\"EntryPoint\",\"urlTemplate\":\"https:\\\/\\\/distri-kahwa.ma\\\/materiel-professionnel\\\/?s={search_term_string}\"},\"query-input\":{\"@type\":\"PropertyValueSpecification\",\"valueRequired\":true,\"valueName\":\"search_term_string\"}}],\"inLanguage\":\"fr-FR\"}]}<\/script>\n<!-- \/ Yoast SEO plugin. -->","yoast_head_json":{"title":"Cuisini\u00e8re Gazini\u00e8re Fourneau - Materiel Equipement Professionnel","robots":{"index":"index","follow":"follow","max-snippet":"max-snippet:-1","max-image-preview":"max-image-preview:large","max-video-preview":"max-video-preview:-1"},"canonical":"https:\/\/distri-kahwa.ma\/materiel-professionnel\/cuisiniere-gaziniere-fourneau\/","og_locale":"fr_FR","og_type":"article","og_title":"Cuisini\u00e8re Gazini\u00e8re Fourneau - Materiel Equipement Professionnel","og_description":"Materiel et Equipement Professionnel Hotel, Caf\u00e9, Restaurant, Boulangerie, Cuisine&#8230; .","og_url":"https:\/\/distri-kahwa.ma\/materiel-professionnel\/cuisiniere-gaziniere-fourneau\/","og_site_name":"Materiel Equipement Professionnel","article_modified_time":"2025-01-11T18:56:51+00:00","og_image":[{"url":"http:\/\/lecoin-pro.com\/image\/cuisson\/fourneau\/600\/fourneaux-feux-vifs-gaz-4-feux.jpg","type":"","width":"","height":""}],"twitter_card":"summary_large_image","twitter_misc":{"Dur\u00e9e de lecture estim\u00e9e":"1 minute"},"schema":{"@context":"https:\/\/schema.org","@graph":[{"@type":"WebPage","@id":"https:\/\/distri-kahwa.ma\/materiel-professionnel\/cuisiniere-gaziniere-fourneau\/","url":"https:\/\/distri-kahwa.ma\/materiel-professionnel\/cuisiniere-gaziniere-fourneau\/","name":"Cuisini\u00e8re Gazini\u00e8re Fourneau - Materiel Equipement Professionnel","isPartOf":{"@id":"https:\/\/distri-kahwa.ma\/materiel-professionnel\/#website"},"primaryImageOfPage":{"@id":"https:\/\/distri-kahwa.ma\/materiel-professionnel\/cuisiniere-gaziniere-fourneau\/#primaryimage"},"image":{"@id":"https:\/\/distri-kahwa.ma\/materiel-professionnel\/cuisiniere-gaziniere-fourneau\/#primaryimage"},"thumbnailUrl":"http:\/\/lecoin-pro.com\/image\/cuisson\/fourneau\/600\/fourneaux-feux-vifs-gaz-4-feux.jpg","datePublished":"2022-03-30T22:10:21+00:00","dateModified":"2025-01-11T18:56:51+00:00","breadcrumb":{"@id":"https:\/\/distri-kahwa.ma\/materiel-professionnel\/cuisiniere-gaziniere-fourneau\/#breadcrumb"},"inLanguage":"fr-FR","potentialAction":[{"@type":"ReadAction","target":["https:\/\/distri-kahwa.ma\/materiel-professionnel\/cuisiniere-gaziniere-fourneau\/"]}]},{"@type":"ImageObject","inLanguage":"fr-FR","@id":"https:\/\/distri-kahwa.ma\/materiel-professionnel\/cuisiniere-gaziniere-fourneau\/#primaryimage","url":"http:\/\/lecoin-pro.com\/image\/cuisson\/fourneau\/600\/fourneaux-feux-vifs-gaz-4-feux.jpg","contentUrl":"http:\/\/lecoin-pro.com\/image\/cuisson\/fourneau\/600\/fourneaux-feux-vifs-gaz-4-feux.jpg"},{"@type":"BreadcrumbList","@id":"https:\/\/distri-kahwa.ma\/materiel-professionnel\/cuisiniere-gaziniere-fourneau\/#breadcrumb","itemListElement":[{"@type":"ListItem","position":1,"name":"Accueil","item":"https:\/\/distri-kahwa.ma\/materiel-professionnel\/"},{"@type":"ListItem","position":2,"name":"Cuisini\u00e8re Gazini\u00e8re Fourneau"}]},{"@type":"WebSite","@id":"https:\/\/distri-kahwa.ma\/materiel-professionnel\/#website","url":"https:\/\/distri-kahwa.ma\/materiel-professionnel\/","name":"Materiel Equipement Professionnel","description":"tel : 06.43.33.86.56 \/ mail : distri-kahwa@outlook.com","potentialAction":[{"@type":"SearchAction","target":{"@type":"EntryPoint","urlTemplate":"https:\/\/distri-kahwa.ma\/materiel-professionnel\/?s={search_term_string}"},"query-input":{"@type":"PropertyValueSpecification","valueRequired":true,"valueName":"search_term_string"}}],"inLanguage":"fr-FR"}]}},"_links":{"self":[{"href":"https:\/\/distri-kahwa.ma\/materiel-professionnel\/wp-json\/wp\/v2\/pages\/11169","targetHints":{"allow":["GET"]}}],"collection":[{"href":"https:\/\/distri-kahwa.ma\/materiel-professionnel\/wp-json\/wp\/v2\/pages"}],"about":[{"href":"https:\/\/distri-kahwa.ma\/materiel-professionnel\/wp-json\/wp\/v2\/types\/page"}],"author":[{"embeddable":true,"href":"https:\/\/distri-kahwa.ma\/materiel-professionnel\/wp-json\/wp\/v2\/users\/1"}],"replies":[{"embeddable":true,"href":"https:\/\/distri-kahwa.ma\/materiel-professionnel\/wp-json\/wp\/v2\/comments?post=11169"}],"version-history":[{"count":2,"href":"https:\/\/distri-kahwa.ma\/materiel-professionnel\/wp-json\/wp\/v2\/pages\/11169\/revisions"}],"predecessor-version":[{"id":14659,"href":"https:\/\/distri-kahwa.ma\/materiel-professionnel\/wp-json\/wp\/v2\/pages\/11169\/revisions\/14659"}],"wp:attachment":[{"href":"https:\/\/distri-kahwa.ma\/materiel-professionnel\/wp-json\/wp\/v2\/media?parent=11169"}],"curies":[{"name":"wp","href":"https:\/\/api.w.org\/{rel}","templated":true}]}}