{"id":11843,"date":"2022-04-19T00:32:37","date_gmt":"2022-04-19T00:32:37","guid":{"rendered":"https:\/\/distri-kahwa.ma\/materiel-professionnel\/?page_id=11843"},"modified":"2025-10-08T22:11:30","modified_gmt":"2025-10-08T22:11:30","slug":"machine-a-glacons-pleins-avec-reserve-integree-et-pompe-de-vidange","status":"publish","type":"page","link":"https:\/\/distri-kahwa.ma\/materiel-professionnel\/machine-a-glacons-pleins-avec-reserve-integree-et-pompe-de-vidange\/","title":{"rendered":"Machine \u00e0 Gla\u00e7ons Pleins avec R\u00e9serve Int\u00e9gr\u00e9e et Pompe de Vidange"},"content":{"rendered":"<hr style=\"float: none; clear: both; height: 5px; border-width: 10; color: black; background-color: black;\" \/>\n<div class=\"lead\" style=\"border: 0px solid #b9121b; background-color: rgba(255, 255, 255, 0.89); width: 100%; height: auto; margin: auto;\">\n<div style=\"margin: 0px;\">\n<h2 style=\"text-align: center;\"><strong><span style=\"color: #0000ff;\">Materiel et Equipement Professionnel<br \/>\n<\/span><span style=\"color: #bc0939; font-size: 32px;\">Cuisine H\u00f4tel, Caf\u00e9, Restaurant&#8230;<\/span><\/strong><\/h2>\n<hr style=\"float: none; clear: both; height: 5px; border-width: 10; color: black; background-color: black;\" \/>\n<p><span style=\"color: #ffffff;\">.<\/span><\/p>\n<div style=\"background-color: #a91101; text-align: center; border-radius: 15px; border: 5px inset black;\">\n<h2><span style=\"color: white;\">Machine \u00e0 Gla\u00e7on Plein avec R\u00e9serve Int\u00e9gr\u00e9e et Pompe de Vidange<\/span><\/h2>\n<\/div>\n<p><span style=\"color: #ffffff;\">.<\/span><br \/>\n<div class=\"su-row\"><div class=\"su-column su-column-size-1-3\"><div class=\"su-column-inner su-u-clearfix su-u-trim\"><div class=\"su-box su-box-style-soft\" id=\"\" style=\"border-color:#c2c2a9;border-radius:10px;max-width:none\"><div class=\"su-box-title\" style=\"background-color:#F5F5DC;color:#0000ff;border-top-left-radius:8px;border-top-right-radius:8px\">26 kg\/24h r\u00e9serve 6kg + Pompe de Vidange<\/div><div class=\"su-box-content su-u-clearfix su-u-trim\" style=\"border-bottom-left-radius:8px;border-bottom-right-radius:8px\"><a title=\"Machine \u00e0 gla\u00e7on plein 26 kg\" href=\"https:\/\/distri-kahwa.ma\/materiel-professionnel\/produit\/machine-a-glacons-pleins-26-kg-24h-reserve-6kg-condenseur-air-pompe-de-vidange-135270\/\" target=\"_blank\" rel=\"noopener\"><img loading=\"lazy\" decoding=\"async\" class=\"size-medium aligncenter\" src=\"https:\/\/distri-kahwa.ma\/materiel-professionnel\/wp-content\/uploads\/Machine-a-glacons-pleins-26-kg24h-reserve-6kgcondenseur-air-pompe-de-vidange-135270.png\" alt=\"Machine a glacon plein  26 kg\" width=\"800\" height=\"800\" \/><\/a><\/p>\n<h2 style=\"padding: 0px;\"><a title=\"Tarif\" href=\"https:\/\/distri-kahwa.ma\/materiel-professionnel\/produit\/machine-a-glacons-pleins-26-kg-24h-reserve-6kg-condenseur-air-pompe-de-vidange-135270\/\" target=\"_blank\" rel=\"noopener noreferrer\"><button class=\"btn1\">Tarif<\/button><\/a><\/h2>\n<\/div><\/div><\/div><\/div><div class=\"su-column su-column-size-1-3\"><div class=\"su-column-inner su-u-clearfix su-u-trim\"><div class=\"su-box su-box-style-soft\" id=\"\" style=\"border-color:#c2c2a9;border-radius:10px;max-width:none\"><div class=\"su-box-title\" style=\"background-color:#F5F5DC;color:#0000ff;border-top-left-radius:8px;border-top-right-radius:8px\">29 kg\/24h r\u00e9serve 9kg + Pompe de Vidange<\/div><div class=\"su-box-content su-u-clearfix su-u-trim\" style=\"border-bottom-left-radius:8px;border-bottom-right-radius:8px\"><a title=\"Machine \u00e0 gla\u00e7on plein 29 kg\" href=\"https:\/\/distri-kahwa.ma\/materiel-professionnel\/produit\/machine-a-glacons-pleins-29-kg-24h-reserve-9kg-condenseur-air-pompe-de-vidange-135273\/\" target=\"_blank\" rel=\"noopener\"><img loading=\"lazy\" decoding=\"async\" class=\"alignnone size-medium\" src=\"https:\/\/distri-kahwa.ma\/materiel-professionnel\/wp-content\/uploads\/Machine-a-glacons-pleins-29-kg24h-reserve-9kg-condenseur-air-pompe-de-vidange-135273.png\" alt=\"Machine \u00e0 gla\u00e7on plein 29 kg\" width=\"800\" height=\"800\" \/><\/a><\/p>\n<h2 style=\"padding: 0px;\"><a title=\"Tarif\" href=\"https:\/\/distri-kahwa.ma\/materiel-professionnel\/produit\/machine-a-glacons-pleins-29-kg-24h-reserve-9kg-condenseur-air-pompe-de-vidange-135273\/\" target=\"_blank\" rel=\"noopener noreferrer\"><button class=\"btn1\">Tarif<\/button><\/a><\/h2>\n<\/div><\/div><\/div><\/div><div class=\"su-column su-column-size-1-3\"><div class=\"su-column-inner su-u-clearfix su-u-trim\"><div class=\"su-box su-box-style-soft\" id=\"\" style=\"border-color:#c2c2a9;border-radius:10px;max-width:none\"><div class=\"su-box-title\" style=\"background-color:#F5F5DC;color:#0000ff;border-top-left-radius:8px;border-top-right-radius:8px\">40 kg\/24h r\u00e9serve 16kg + Pompe de Vidange<\/div><div class=\"su-box-content su-u-clearfix su-u-trim\" style=\"border-bottom-left-radius:8px;border-bottom-right-radius:8px\"><a title=\"Machine \u00e0 gla\u00e7on plein 40 kg\" href=\"https:\/\/distri-kahwa.ma\/materiel-professionnel\/produit\/machine-a-glacons-pleins-40-kg-24h-reserve-16kg-condenseur-air-135279\/\" target=\"_blank\" rel=\"noopener\"><img loading=\"lazy\" decoding=\"async\" src=\"https:\/\/distri-kahwa.ma\/materiel-professionnel\/wp-content\/uploads\/Machine-a-glacons-pleins-40-kg24h-reserve-16kg-condenseur-air-135279.png\" alt=\"Machine \u00e0 gla\u00e7on plein 40 kg\" width=\"800\" height=\"800\" \/><\/a><\/p>\n<h2 style=\"padding: 0px;\"><a title=\"Tarif\" href=\"https:\/\/distri-kahwa.ma\/materiel-professionnel\/produit\/machine-a-glacons-pleins-40-kg-24h-reserve-16kg-condenseur-air-135279\/\" target=\"_blank\" rel=\"noopener noreferrer\"><button class=\"btn1\">Tarif<\/button><\/a><\/h2>\n<\/div><\/div><\/div><\/div><\/div>\n<div class=\"su-row\"><div class=\"su-column su-column-size-1-3\"><div class=\"su-column-inner su-u-clearfix su-u-trim\"><div class=\"su-box su-box-style-soft\" id=\"\" style=\"border-color:#c2c2a9;border-radius:10px;max-width:none\"><div class=\"su-box-title\" style=\"background-color:#F5F5DC;color:#0000ff;border-top-left-radius:8px;border-top-right-radius:8px\">48 kg\/24h r\u00e9serve 25kg + Pompe de Vidange<\/div><div class=\"su-box-content su-u-clearfix su-u-trim\" style=\"border-bottom-left-radius:8px;border-bottom-right-radius:8px\"><a title=\"Machine \u00e0 gla\u00e7on plein 48 kg\" href=\"https:\/\/distri-kahwa.ma\/materiel-professionnel\/produit\/machine-a-glacons-pleins-48-kg-24h-reserve-25kg-condenseur-air-pompe-de-vidange-135284\/\" target=\"_blank\" rel=\"noopener\"><img loading=\"lazy\" decoding=\"async\" class=\"size-medium aligncenter\" src=\"https:\/\/distri-kahwa.ma\/materiel-professionnel\/wp-content\/uploads\/Machine-a-glacons-pleins-48-kg24h-reserve-25kg-condenseur-air-pompe-de-vidange-135284.png\" alt=\"Machine \u00e0 gla\u00e7on plein 48 kg\" width=\"800\" height=\"800\" \/><\/a><\/p>\n<h2 style=\"padding: 0px;\"><a title=\"Tarif\" href=\"https:\/\/distri-kahwa.ma\/materiel-professionnel\/produit\/machine-a-glacons-pleins-48-kg-24h-reserve-25kg-condenseur-air-pompe-de-vidange-135284\/\" target=\"_blank\" rel=\"noopener noreferrer\"><button class=\"btn1\">Tarif<\/button><\/a><\/h2>\n<\/div><\/div><\/div><\/div><div class=\"su-column su-column-size-1-3\"><div class=\"su-column-inner su-u-clearfix su-u-trim\"><div class=\"su-box su-box-style-soft\" id=\"\" style=\"border-color:#c2c2a9;border-radius:10px;max-width:none\"><div class=\"su-box-title\" style=\"background-color:#F5F5DC;color:#0000ff;border-top-left-radius:8px;border-top-right-radius:8px\">71 kg\/24h r\u00e9serve 40kg + Pompe de Vidange<\/div><div class=\"su-box-content su-u-clearfix su-u-trim\" style=\"border-bottom-left-radius:8px;border-bottom-right-radius:8px\"><a title=\"Machine \u00e0 gla\u00e7on plein 71kg\" href=\"https:\/\/distri-kahwa.ma\/materiel-professionnel\/produit\/machine-a-glacons-pleins-71-kg-24h-reserve-40kg-condenseur-air-pompe-de-vidange-128793\/\" target=\"_blank\" rel=\"noopener\"><img loading=\"lazy\" decoding=\"async\" class=\"size-medium aligncenter\" src=\"https:\/\/distri-kahwa.ma\/materiel-professionnel\/wp-content\/uploads\/Machine-a-glacons-pleins-71-kg24h-reserve-40kg-condenseur-air-pompe-de-vidange-128793.jpg\" alt=\"Machine \u00e0 gla\u00e7on plein 71kg\" width=\"800\" height=\"800\" \/><\/a><\/p>\n<h2 style=\"padding: 0px;\"><a title=\"Tarif\" href=\"https:\/\/distri-kahwa.ma\/materiel-professionnel\/produit\/machine-a-glacons-pleins-71-kg-24h-reserve-40kg-condenseur-air-pompe-de-vidange-128793\/\" target=\"_blank\" rel=\"noopener noreferrer\"><button class=\"btn1\">Tarif<\/button><\/a><\/h2>\n<\/div><\/div><\/div><\/div><div class=\"su-column su-column-size-1-3\"><div class=\"su-column-inner su-u-clearfix su-u-trim\"><div class=\"su-box su-box-style-soft\" id=\"\" style=\"border-color:#c2c2a9;border-radius:10px;max-width:none\"><div class=\"su-box-title\" style=\"background-color:#F5F5DC;color:#0000ff;border-top-left-radius:8px;border-top-right-radius:8px\">77 kg\/24h r\u00e9serve 40kg + Pompe de Vidange<\/div><div class=\"su-box-content su-u-clearfix su-u-trim\" style=\"border-bottom-left-radius:8px;border-bottom-right-radius:8px\"><a title=\"Machine \u00e0 gla\u00e7on plein 77kg\" href=\"https:\/\/distri-kahwa.ma\/materiel-professionnel\/produit\/machine-a-glacons-pleins-77-kg-24h-reserve-40kg-condenseur-air-pompe-de-vidange-135292\/\" target=\"_blank\" rel=\"noopener\"><img loading=\"lazy\" decoding=\"async\" class=\"size-medium aligncenter\" src=\"https:\/\/distri-kahwa.ma\/materiel-professionnel\/wp-content\/uploads\/Machine-a-glacons-pleins-77-kg24h-reserve-40kg-condenseur-air-pompe-de-vidange-135292.png\" alt=\"Machine \u00e0 gla\u00e7on plein 77kg\" width=\"800\" height=\"800\" \/><\/a><\/p>\n<h2 style=\"padding: 0px;\"><a title=\"Tarif\" href=\"https:\/\/distri-kahwa.ma\/materiel-professionnel\/produit\/machine-a-glacons-pleins-77-kg-24h-reserve-40kg-condenseur-air-pompe-de-vidange-135292\/\" target=\"_blank\" rel=\"noopener noreferrer\"><button class=\"btn1\">Tarif<\/button><\/a><\/h2>\n<\/div><\/div><\/div><\/div><\/div>\n<div class=\"su-row\"><div class=\"su-column su-column-size-1-3\"><div class=\"su-column-inner su-u-clearfix su-u-trim\"><div class=\"su-box su-box-style-soft\" id=\"\" style=\"border-color:#c2c2a9;border-radius:10px;max-width:none\"><div class=\"su-box-title\" style=\"background-color:#F5F5DC;color:#0000ff;border-top-left-radius:8px;border-top-right-radius:8px\">93 kg\/24h r\u00e9serve 55kg + Pompe de Vidange<\/div><div class=\"su-box-content su-u-clearfix su-u-trim\" style=\"border-bottom-left-radius:8px;border-bottom-right-radius:8px\"><a title=\"Machine \u00e0 gla\u00e7on plein 93kg\" href=\"https:\/\/distri-kahwa.ma\/materiel-professionnel\/produit\/machine-a-glacons-pleins-93-kg-24h-reserve-55kg-condenseur-air-pompe-de-vidange-135294\/\" target=\"_blank\" rel=\"noopener\"><img loading=\"lazy\" decoding=\"async\" class=\"alignnone size-medium\" src=\"https:\/\/distri-kahwa.ma\/materiel-professionnel\/wp-content\/uploads\/Machine-a-glacons-pleins-93-kg24h-reserve-55kg-condenseur-air-pompe-de-vidange-135294.png\" alt=\"Machine \u00e0 gla\u00e7on plein 93kg\" width=\"800\" height=\"800\" \/><\/a><\/p>\n<h2 style=\"padding: 0px;\"><a title=\"Tarif\" href=\"https:\/\/distri-kahwa.ma\/materiel-professionnel\/produit\/machine-a-glacons-pleins-93-kg-24h-reserve-55kg-condenseur-air-pompe-de-vidange-135294\/\" target=\"_blank\" rel=\"noopener noreferrer\"><button class=\"btn1\">Tarif<\/button><\/a><\/h2>\n<\/div><\/div><\/div><\/div><div class=\"su-column su-column-size-1-3\"><div class=\"su-column-inner su-u-clearfix su-u-trim\"><div class=\"su-box su-box-style-soft\" id=\"\" style=\"border-color:#c2c2a9;border-radius:10px;max-width:none\"><div class=\"su-box-title\" style=\"background-color:#F5F5DC;color:#0000ff;border-top-left-radius:8px;border-top-right-radius:8px\">134 kg\/24h r\u00e9serve 65kg + Pompe de Vidange<\/div><div class=\"su-box-content su-u-clearfix su-u-trim\" style=\"border-bottom-left-radius:8px;border-bottom-right-radius:8px\"><a title=\"Machine \u00e0 gla\u00e7on plein 134kg\" href=\"https:\/\/distri-kahwa.ma\/materiel-professionnel\/produit\/machine-a-glacons-pleins-134-kg-24h-reserve-65kg-condenseur-air-pompe-de-vidange-128797\/\" target=\"_blank\" rel=\"noopener\"><img loading=\"lazy\" decoding=\"async\" class=\"alignnone size-medium\" src=\"https:\/\/distri-kahwa.ma\/materiel-professionnel\/wp-content\/uploads\/Machine-a-glacons-pleins-77-kg24h-reserve-40kg-135291.png\" alt=\"Machine \u00e0 gla\u00e7on plein 77kg\" width=\"1024\" height=\"1024\" \/><\/a><\/p>\n<h2 style=\"padding: 0px;\"><a title=\"Tarif\" href=\"https:\/\/distri-kahwa.ma\/materiel-professionnel\/produit\/machine-a-glacons-pleins-134-kg-24h-reserve-65kg-condenseur-air-pompe-de-vidange-128797\/\" target=\"_blank\" rel=\"noopener noreferrer\"><button class=\"btn1\">Tarif<\/button><\/a><\/h2>\n<\/div><\/div><\/div><\/div><div class=\"su-column su-column-size-1-3\"><div class=\"su-column-inner su-u-clearfix su-u-trim\"><\/div><\/div><\/div>\n<hr style=\"float: none; clear: both; height: 2px; border-width: 10; color: black; background-color: black;\" \/>\n\n<\/div>\n<\/div>\n<hr style=\"float: none; clear: both; height: 3px; border-width: 10; color: black; background-color: black;\" \/>\n","protected":false},"excerpt":{"rendered":"<p>Materiel et Equipement Professionnel Cuisine H\u00f4tel, Caf\u00e9, Restaurant&#8230; . Machine \u00e0 Gla\u00e7on Plein avec R\u00e9serve Int\u00e9gr\u00e9e et Pompe de Vidange .<\/p>\n","protected":false},"author":1,"featured_media":0,"parent":0,"menu_order":0,"comment_status":"closed","ping_status":"closed","template":"","meta":{"_acf_changed":false,"footnotes":""},"class_list":{"1":"page","2":"type-page","3":"status-publish","4":"hentry"},"acf":[],"yoast_head":"<!-- This site is optimized with the Yoast SEO plugin v27.4 - https:\/\/yoast.com\/product\/yoast-seo-wordpress\/ -->\n<title>Machine \u00e0 Gla\u00e7ons Pleins avec R\u00e9serve Int\u00e9gr\u00e9e et Pompe de Vidange - Materiel Equipement Professionnel<\/title>\n<meta name=\"robots\" content=\"index, follow, max-snippet:-1, max-image-preview:large, max-video-preview:-1\" \/>\n<link rel=\"canonical\" href=\"https:\/\/distri-kahwa.ma\/materiel-professionnel\/machine-a-glacons-pleins-avec-reserve-integree-et-pompe-de-vidange\/\" \/>\n<meta property=\"og:locale\" content=\"fr_FR\" \/>\n<meta property=\"og:type\" content=\"article\" \/>\n<meta property=\"og:title\" content=\"Machine \u00e0 Gla\u00e7ons Pleins avec R\u00e9serve Int\u00e9gr\u00e9e et Pompe de Vidange - Materiel Equipement Professionnel\" \/>\n<meta property=\"og:description\" content=\"Materiel et Equipement Professionnel Cuisine H\u00f4tel, Caf\u00e9, Restaurant&#8230; . Machine \u00e0 Gla\u00e7on Plein avec R\u00e9serve Int\u00e9gr\u00e9e et Pompe de Vidange .\" \/>\n<meta property=\"og:url\" content=\"https:\/\/distri-kahwa.ma\/materiel-professionnel\/machine-a-glacons-pleins-avec-reserve-integree-et-pompe-de-vidange\/\" \/>\n<meta property=\"og:site_name\" content=\"Materiel Equipement Professionnel\" \/>\n<meta property=\"article:modified_time\" content=\"2025-10-08T22:11:30+00:00\" \/>\n<meta property=\"og:image\" content=\"https:\/\/distri-kahwa.ma\/materiel-professionnel\/wp-content\/uploads\/Machine-a-glacons-pleins-26-kg24h-reserve-6kgcondenseur-air-pompe-de-vidange-135270.png\" \/>\n<meta name=\"twitter:card\" content=\"summary_large_image\" \/>\n<meta name=\"twitter:label1\" content=\"Dur\u00e9e de lecture estim\u00e9e\" \/>\n\t<meta name=\"twitter:data1\" content=\"3 minutes\" \/>\n<script type=\"application\/ld+json\" class=\"yoast-schema-graph\">{\"@context\":\"https:\\\/\\\/schema.org\",\"@graph\":[{\"@type\":\"WebPage\",\"@id\":\"https:\\\/\\\/distri-kahwa.ma\\\/materiel-professionnel\\\/machine-a-glacons-pleins-avec-reserve-integree-et-pompe-de-vidange\\\/\",\"url\":\"https:\\\/\\\/distri-kahwa.ma\\\/materiel-professionnel\\\/machine-a-glacons-pleins-avec-reserve-integree-et-pompe-de-vidange\\\/\",\"name\":\"Machine \u00e0 Gla\u00e7ons Pleins avec R\u00e9serve Int\u00e9gr\u00e9e et Pompe de Vidange - Materiel Equipement Professionnel\",\"isPartOf\":{\"@id\":\"https:\\\/\\\/distri-kahwa.ma\\\/materiel-professionnel\\\/#website\"},\"primaryImageOfPage\":{\"@id\":\"https:\\\/\\\/distri-kahwa.ma\\\/materiel-professionnel\\\/machine-a-glacons-pleins-avec-reserve-integree-et-pompe-de-vidange\\\/#primaryimage\"},\"image\":{\"@id\":\"https:\\\/\\\/distri-kahwa.ma\\\/materiel-professionnel\\\/machine-a-glacons-pleins-avec-reserve-integree-et-pompe-de-vidange\\\/#primaryimage\"},\"thumbnailUrl\":\"https:\\\/\\\/distri-kahwa.ma\\\/materiel-professionnel\\\/wp-content\\\/uploads\\\/Machine-a-glacons-pleins-26-kg24h-reserve-6kgcondenseur-air-pompe-de-vidange-135270.png\",\"datePublished\":\"2022-04-19T00:32:37+00:00\",\"dateModified\":\"2025-10-08T22:11:30+00:00\",\"breadcrumb\":{\"@id\":\"https:\\\/\\\/distri-kahwa.ma\\\/materiel-professionnel\\\/machine-a-glacons-pleins-avec-reserve-integree-et-pompe-de-vidange\\\/#breadcrumb\"},\"inLanguage\":\"fr-FR\",\"potentialAction\":[{\"@type\":\"ReadAction\",\"target\":[\"https:\\\/\\\/distri-kahwa.ma\\\/materiel-professionnel\\\/machine-a-glacons-pleins-avec-reserve-integree-et-pompe-de-vidange\\\/\"]}]},{\"@type\":\"ImageObject\",\"inLanguage\":\"fr-FR\",\"@id\":\"https:\\\/\\\/distri-kahwa.ma\\\/materiel-professionnel\\\/machine-a-glacons-pleins-avec-reserve-integree-et-pompe-de-vidange\\\/#primaryimage\",\"url\":\"https:\\\/\\\/distri-kahwa.ma\\\/materiel-professionnel\\\/wp-content\\\/uploads\\\/Machine-a-glacons-pleins-26-kg24h-reserve-6kgcondenseur-air-pompe-de-vidange-135270.png\",\"contentUrl\":\"https:\\\/\\\/distri-kahwa.ma\\\/materiel-professionnel\\\/wp-content\\\/uploads\\\/Machine-a-glacons-pleins-26-kg24h-reserve-6kgcondenseur-air-pompe-de-vidange-135270.png\"},{\"@type\":\"BreadcrumbList\",\"@id\":\"https:\\\/\\\/distri-kahwa.ma\\\/materiel-professionnel\\\/machine-a-glacons-pleins-avec-reserve-integree-et-pompe-de-vidange\\\/#breadcrumb\",\"itemListElement\":[{\"@type\":\"ListItem\",\"position\":1,\"name\":\"Accueil\",\"item\":\"https:\\\/\\\/distri-kahwa.ma\\\/materiel-professionnel\\\/\"},{\"@type\":\"ListItem\",\"position\":2,\"name\":\"Machine \u00e0 Gla\u00e7ons Pleins avec R\u00e9serve Int\u00e9gr\u00e9e et Pompe de Vidange\"}]},{\"@type\":\"WebSite\",\"@id\":\"https:\\\/\\\/distri-kahwa.ma\\\/materiel-professionnel\\\/#website\",\"url\":\"https:\\\/\\\/distri-kahwa.ma\\\/materiel-professionnel\\\/\",\"name\":\"Materiel Equipement Professionnel\",\"description\":\"tel : 06.43.33.86.56 \\\/ mail : distri-kahwa@outlook.com\",\"potentialAction\":[{\"@type\":\"SearchAction\",\"target\":{\"@type\":\"EntryPoint\",\"urlTemplate\":\"https:\\\/\\\/distri-kahwa.ma\\\/materiel-professionnel\\\/?s={search_term_string}\"},\"query-input\":{\"@type\":\"PropertyValueSpecification\",\"valueRequired\":true,\"valueName\":\"search_term_string\"}}],\"inLanguage\":\"fr-FR\"}]}<\/script>\n<!-- \/ Yoast SEO plugin. -->","yoast_head_json":{"title":"Machine \u00e0 Gla\u00e7ons Pleins avec R\u00e9serve Int\u00e9gr\u00e9e et Pompe de Vidange - Materiel Equipement Professionnel","robots":{"index":"index","follow":"follow","max-snippet":"max-snippet:-1","max-image-preview":"max-image-preview:large","max-video-preview":"max-video-preview:-1"},"canonical":"https:\/\/distri-kahwa.ma\/materiel-professionnel\/machine-a-glacons-pleins-avec-reserve-integree-et-pompe-de-vidange\/","og_locale":"fr_FR","og_type":"article","og_title":"Machine \u00e0 Gla\u00e7ons Pleins avec R\u00e9serve Int\u00e9gr\u00e9e et Pompe de Vidange - Materiel Equipement Professionnel","og_description":"Materiel et Equipement Professionnel Cuisine H\u00f4tel, Caf\u00e9, Restaurant&#8230; . Machine \u00e0 Gla\u00e7on Plein avec R\u00e9serve Int\u00e9gr\u00e9e et Pompe de Vidange .","og_url":"https:\/\/distri-kahwa.ma\/materiel-professionnel\/machine-a-glacons-pleins-avec-reserve-integree-et-pompe-de-vidange\/","og_site_name":"Materiel Equipement Professionnel","article_modified_time":"2025-10-08T22:11:30+00:00","og_image":[{"url":"https:\/\/distri-kahwa.ma\/materiel-professionnel\/wp-content\/uploads\/Machine-a-glacons-pleins-26-kg24h-reserve-6kgcondenseur-air-pompe-de-vidange-135270.png","type":"","width":"","height":""}],"twitter_card":"summary_large_image","twitter_misc":{"Dur\u00e9e de lecture estim\u00e9e":"3 minutes"},"schema":{"@context":"https:\/\/schema.org","@graph":[{"@type":"WebPage","@id":"https:\/\/distri-kahwa.ma\/materiel-professionnel\/machine-a-glacons-pleins-avec-reserve-integree-et-pompe-de-vidange\/","url":"https:\/\/distri-kahwa.ma\/materiel-professionnel\/machine-a-glacons-pleins-avec-reserve-integree-et-pompe-de-vidange\/","name":"Machine \u00e0 Gla\u00e7ons Pleins avec R\u00e9serve Int\u00e9gr\u00e9e et Pompe de Vidange - Materiel Equipement Professionnel","isPartOf":{"@id":"https:\/\/distri-kahwa.ma\/materiel-professionnel\/#website"},"primaryImageOfPage":{"@id":"https:\/\/distri-kahwa.ma\/materiel-professionnel\/machine-a-glacons-pleins-avec-reserve-integree-et-pompe-de-vidange\/#primaryimage"},"image":{"@id":"https:\/\/distri-kahwa.ma\/materiel-professionnel\/machine-a-glacons-pleins-avec-reserve-integree-et-pompe-de-vidange\/#primaryimage"},"thumbnailUrl":"https:\/\/distri-kahwa.ma\/materiel-professionnel\/wp-content\/uploads\/Machine-a-glacons-pleins-26-kg24h-reserve-6kgcondenseur-air-pompe-de-vidange-135270.png","datePublished":"2022-04-19T00:32:37+00:00","dateModified":"2025-10-08T22:11:30+00:00","breadcrumb":{"@id":"https:\/\/distri-kahwa.ma\/materiel-professionnel\/machine-a-glacons-pleins-avec-reserve-integree-et-pompe-de-vidange\/#breadcrumb"},"inLanguage":"fr-FR","potentialAction":[{"@type":"ReadAction","target":["https:\/\/distri-kahwa.ma\/materiel-professionnel\/machine-a-glacons-pleins-avec-reserve-integree-et-pompe-de-vidange\/"]}]},{"@type":"ImageObject","inLanguage":"fr-FR","@id":"https:\/\/distri-kahwa.ma\/materiel-professionnel\/machine-a-glacons-pleins-avec-reserve-integree-et-pompe-de-vidange\/#primaryimage","url":"https:\/\/distri-kahwa.ma\/materiel-professionnel\/wp-content\/uploads\/Machine-a-glacons-pleins-26-kg24h-reserve-6kgcondenseur-air-pompe-de-vidange-135270.png","contentUrl":"https:\/\/distri-kahwa.ma\/materiel-professionnel\/wp-content\/uploads\/Machine-a-glacons-pleins-26-kg24h-reserve-6kgcondenseur-air-pompe-de-vidange-135270.png"},{"@type":"BreadcrumbList","@id":"https:\/\/distri-kahwa.ma\/materiel-professionnel\/machine-a-glacons-pleins-avec-reserve-integree-et-pompe-de-vidange\/#breadcrumb","itemListElement":[{"@type":"ListItem","position":1,"name":"Accueil","item":"https:\/\/distri-kahwa.ma\/materiel-professionnel\/"},{"@type":"ListItem","position":2,"name":"Machine \u00e0 Gla\u00e7ons Pleins avec R\u00e9serve Int\u00e9gr\u00e9e et Pompe de Vidange"}]},{"@type":"WebSite","@id":"https:\/\/distri-kahwa.ma\/materiel-professionnel\/#website","url":"https:\/\/distri-kahwa.ma\/materiel-professionnel\/","name":"Materiel Equipement Professionnel","description":"tel : 06.43.33.86.56 \/ mail : distri-kahwa@outlook.com","potentialAction":[{"@type":"SearchAction","target":{"@type":"EntryPoint","urlTemplate":"https:\/\/distri-kahwa.ma\/materiel-professionnel\/?s={search_term_string}"},"query-input":{"@type":"PropertyValueSpecification","valueRequired":true,"valueName":"search_term_string"}}],"inLanguage":"fr-FR"}]}},"_links":{"self":[{"href":"https:\/\/distri-kahwa.ma\/materiel-professionnel\/wp-json\/wp\/v2\/pages\/11843","targetHints":{"allow":["GET"]}}],"collection":[{"href":"https:\/\/distri-kahwa.ma\/materiel-professionnel\/wp-json\/wp\/v2\/pages"}],"about":[{"href":"https:\/\/distri-kahwa.ma\/materiel-professionnel\/wp-json\/wp\/v2\/types\/page"}],"author":[{"embeddable":true,"href":"https:\/\/distri-kahwa.ma\/materiel-professionnel\/wp-json\/wp\/v2\/users\/1"}],"replies":[{"embeddable":true,"href":"https:\/\/distri-kahwa.ma\/materiel-professionnel\/wp-json\/wp\/v2\/comments?post=11843"}],"version-history":[{"count":6,"href":"https:\/\/distri-kahwa.ma\/materiel-professionnel\/wp-json\/wp\/v2\/pages\/11843\/revisions"}],"predecessor-version":[{"id":15102,"href":"https:\/\/distri-kahwa.ma\/materiel-professionnel\/wp-json\/wp\/v2\/pages\/11843\/revisions\/15102"}],"wp:attachment":[{"href":"https:\/\/distri-kahwa.ma\/materiel-professionnel\/wp-json\/wp\/v2\/media?parent=11843"}],"curies":[{"name":"wp","href":"https:\/\/api.w.org\/{rel}","templated":true}]}}