{"id":13163,"date":"2022-05-09T23:29:13","date_gmt":"2022-05-09T23:29:13","guid":{"rendered":"https:\/\/distri-kahwa.ma\/materiel-professionnel\/?page_id=13163"},"modified":"2022-05-09T23:40:25","modified_gmt":"2022-05-09T23:40:25","slug":"porte-ingredients-vrs-couvercle-inox","status":"publish","type":"page","link":"https:\/\/distri-kahwa.ma\/materiel-professionnel\/porte-ingredients-vrs-couvercle-inox\/","title":{"rendered":"Porte Ingr\u00e9dients VRS Couvercle Inox"},"content":{"rendered":"<hr style=\"float: none; clear: both; height: 5px; border-width: 10; color: black; background-color: black;\" \/>\n<div class=\"lead\" style=\"border: 0px solid #b9121b; background-color: rgba(255, 255, 255, 0.89); width: 100%; height: auto; margin: auto;\">\n<div style=\"margin: 0px;\">\n<h2 style=\"text-align: center;\"><strong><span style=\"color: #0000ff;\">Materiel et Equipement Professionnel<br \/>\n<\/span><span style=\"color: #bc0939; font-size: 32px;\">Cuisine H\u00f4tel, Restaurant<\/span><\/strong><strong><span style=\"color: #bc0939; font-size: 32px;\">, Caf\u00e9, Traiteur&#8230;<\/span><\/strong><\/h2>\n<hr style=\"float: none; clear: both; height: 5px; border-width: 10; color: black; background-color: black;\" \/>\n<p><span style=\"color: #ffffff;\">.<\/span><\/p>\n<div style=\"background-color: #a91101; text-align: center; border-radius: 15px; border: 5px inset black;\">\n<h2><span style=\"color: white;\">Porte Ingr\u00e9dients VRS Couvercle Inox<\/span><\/h2>\n<\/div>\n<p><span style=\"color: #ffffff;\">.<\/span><br \/>\n<div class=\"su-row\"><div class=\"su-column su-column-size-1-3\"><div class=\"su-column-inner su-u-clearfix su-u-trim\"><div class=\"su-box su-box-style-soft\" id=\"\" style=\"border-color:#c2c2a9;border-radius:10px;max-width:none\"><div class=\"su-box-title\" style=\"background-color:#F5F5DC;color:#0000ff;border-top-left-radius:8px;border-top-right-radius:8px\">Porte Ingr\u00e9dient 4 Bacs<\/div><div class=\"su-box-content su-u-clearfix su-u-trim\" style=\"border-bottom-left-radius:8px;border-bottom-right-radius:8px\"><a title=\"porte ingr\u00e9dients 4 bacs\" href=\"https:\/\/distri-kahwa.ma\/materiel-professionnel\/produit\/console-refrigeree-4-bacs-gn1-3-couvercle-inox-vrs-1100-k\/\" target=\"_blank\" rel=\"noopener\"><img loading=\"lazy\" decoding=\"async\" class=\"size-medium aligncenter\" src=\"https:\/\/distri-kahwa.ma\/materiel-professionnel\/wp-content\/uploads\/console-refrigeree-bacs-gn1-3-couvercle-inox-1100k.jpg\" alt=\"Porte ingr\u00e9dient 4 bacs\" width=\"800\" height=\"800\" \/><\/a><\/div><\/div><\/div><\/div><div class=\"su-column su-column-size-1-3\"><div class=\"su-column-inner su-u-clearfix su-u-trim\"><div class=\"su-box su-box-style-soft\" id=\"\" style=\"border-color:#c2c2a9;border-radius:10px;max-width:none\"><div class=\"su-box-title\" style=\"background-color:#F5F5DC;color:#0000ff;border-top-left-radius:8px;border-top-right-radius:8px\">Porte Ingr\u00e9dient 5 Bacs<\/div><div class=\"su-box-content su-u-clearfix su-u-trim\" style=\"border-bottom-left-radius:8px;border-bottom-right-radius:8px\"><a title=\"Porte ingr\u00e9dient 5 bacs\" href=\"https:\/\/distri-kahwa.ma\/materiel-professionnel\/produit\/console-refrigeree-bacs-gn1-3-couvercle-inox-vrs-1260-k\/\" target=\"_blank\" rel=\"noopener\"><img loading=\"lazy\" decoding=\"async\" class=\"alignnone size-medium\" src=\"https:\/\/distri-kahwa.ma\/materiel-professionnel\/wp-content\/uploads\/Console-refrigeree-bacs-GN13-couvercle-inox-VRS-1260-K.jpg\" alt=\"Porte ingr\u00e9dient 5 bacs\" width=\"800\" height=\"800\" \/><\/a><\/div><\/div><\/div><\/div><div class=\"su-column su-column-size-1-3\"><div class=\"su-column-inner su-u-clearfix su-u-trim\"><div class=\"su-box su-box-style-soft\" id=\"\" style=\"border-color:#c2c2a9;border-radius:10px;max-width:none\"><div class=\"su-box-title\" style=\"background-color:#F5F5DC;color:#0000ff;border-top-left-radius:8px;border-top-right-radius:8px\">Porte Ingr\u00e9dient 6 Bacs<\/div><div class=\"su-box-content su-u-clearfix su-u-trim\" style=\"border-bottom-left-radius:8px;border-bottom-right-radius:8px\"><a title=\"Porte ingr\u00e9dient 6 bacs\" href=\"https:\/\/distri-kahwa.ma\/materiel-professionnel\/produit\/console-refrigeree-bacs-gn1-3-couvercle-inox-vrs-1450-k\/\" target=\"_blank\" rel=\"noopener\"><img loading=\"lazy\" decoding=\"async\" src=\"https:\/\/distri-kahwa.ma\/materiel-professionnel\/wp-content\/uploads\/Console-refrigeree-bacs-GN13-couvercle-inox-VRS-1450-K.jpg\" alt=\"Porte ingr\u00e9dients 6 bacs\" width=\"800\" height=\"800\" \/><\/a><\/div><\/div><\/div><\/div><\/div>\n<div class=\"su-row\"><div class=\"su-column su-column-size-1-3\"><div class=\"su-column-inner su-u-clearfix su-u-trim\"><div class=\"su-box su-box-style-soft\" id=\"\" style=\"border-color:#c2c2a9;border-radius:10px;max-width:none\"><div class=\"su-box-title\" style=\"background-color:#F5F5DC;color:#0000ff;border-top-left-radius:8px;border-top-right-radius:8px\">Porte Ingr\u00e9dient 8 Bacs<\/div><div class=\"su-box-content su-u-clearfix su-u-trim\" style=\"border-bottom-left-radius:8px;border-bottom-right-radius:8px\"><a title=\"Porte ingr\u00e9dient 8 bacs\" href=\"https:\/\/distri-kahwa.ma\/materiel-professionnel\/produit\/console-refrigeree-bacs-gn1-3-couvercle-inox-vrs-1815-k\/\" target=\"_blank\" rel=\"noopener\"><img loading=\"lazy\" decoding=\"async\" class=\"size-medium aligncenter\" src=\"https:\/\/distri-kahwa.ma\/materiel-professionnel\/wp-content\/uploads\/Console-refrigeree-bacs-GN13-couvercle-inox-VRS-1815-K.jpg\" alt=\"porte ingr\u00e9dient 8 bacs\" width=\"800\" height=\"800\" \/><\/a><\/div><\/div><\/div><\/div><div class=\"su-column su-column-size-1-3\"><div class=\"su-column-inner su-u-clearfix su-u-trim\"><div class=\"su-box su-box-style-soft\" id=\"\" style=\"border-color:#c2c2a9;border-radius:10px;max-width:none\"><div class=\"su-box-title\" style=\"background-color:#F5F5DC;color:#0000ff;border-top-left-radius:8px;border-top-right-radius:8px\">Porte Ingr\u00e9dient 9 Bacs<\/div><div class=\"su-box-content su-u-clearfix su-u-trim\" style=\"border-bottom-left-radius:8px;border-bottom-right-radius:8px\"><a title=\"Porte ingr\u00e9dient 9 bacs\" href=\"https:\/\/distri-kahwa.ma\/materiel-professionnel\/produit\/console-refrigeree-bacs-gn1-3-couvercle-inox-vrs-2560-k\/\" target=\"_blank\" rel=\"noopener\"><img loading=\"lazy\" decoding=\"async\" class=\"alignnone size-medium\" src=\"https:\/\/distri-kahwa.ma\/materiel-professionnel\/wp-content\/uploads\/Console-refrigeree-bacs-GN13-couvercle-inox-VRS-2560-K.jpg\" alt=\"Porte ingr\u00e9dient 9 bacs\" width=\"800\" height=\"800\" \/><\/a><\/div><\/div><\/div><\/div><div class=\"su-column su-column-size-1-3\"><div class=\"su-column-inner su-u-clearfix su-u-trim\"><div class=\"su-box su-box-style-soft\" id=\"\" style=\"border-color:#c2c2a9;border-radius:10px;max-width:none\"><div class=\"su-box-title\" style=\"background-color:#F5F5DC;color:#0000ff;border-top-left-radius:8px;border-top-right-radius:8px\">Porte Ingr\u00e9dient 12 Bacs<\/div><div class=\"su-box-content su-u-clearfix su-u-trim\" style=\"border-bottom-left-radius:8px;border-bottom-right-radius:8px\"><a title=\"Porte ingr\u00e9dient 12 bacs\" href=\"https:\/\/distri-kahwa.ma\/materiel-professionnel\/produit\/console-refrigeree-bacs-gn1-3-couvercle-inox-vrs-2560-k\/\" target=\"_blank\" rel=\"noopener\"><img loading=\"lazy\" decoding=\"async\" src=\"https:\/\/distri-kahwa.ma\/materiel-professionnel\/wp-content\/uploads\/Console-refrigeree-bacs-GN13-couvercle-inox-VRS-2560-K.jpg\" alt=\"Porte ingr\u00e9dients 12 bacs\" width=\"800\" height=\"800\" \/><\/a><\/div><\/div><\/div><\/div><\/div>\n<hr style=\"float: none; clear: both; height: 2px; border-width: 10; color: black; background-color: black;\" \/>\n<\/div>\n<\/div>\n<hr style=\"float: none; clear: both; height: 3px; border-width: 10; color: black; background-color: black;\" \/>\n","protected":false},"excerpt":{"rendered":"<p>Materiel et Equipement Professionnel Cuisine H\u00f4tel, Restaurant, Caf\u00e9, Traiteur&#8230; . Porte Ingr\u00e9dients VRS Couvercle Inox .<\/p>\n","protected":false},"author":1,"featured_media":0,"parent":0,"menu_order":0,"comment_status":"closed","ping_status":"closed","template":"","meta":{"_acf_changed":false,"footnotes":""},"class_list":{"1":"page","2":"type-page","3":"status-publish","4":"hentry"},"acf":[],"yoast_head":"<!-- This site is optimized with the Yoast SEO plugin v27.4 - https:\/\/yoast.com\/product\/yoast-seo-wordpress\/ -->\n<title>Porte Ingr\u00e9dients VRS Couvercle Inox - Materiel Equipement Professionnel<\/title>\n<meta name=\"robots\" content=\"index, follow, max-snippet:-1, max-image-preview:large, max-video-preview:-1\" \/>\n<link rel=\"canonical\" href=\"https:\/\/distri-kahwa.ma\/materiel-professionnel\/porte-ingredients-vrs-couvercle-inox\/\" \/>\n<meta property=\"og:locale\" content=\"fr_FR\" \/>\n<meta property=\"og:type\" content=\"article\" \/>\n<meta property=\"og:title\" content=\"Porte Ingr\u00e9dients VRS Couvercle Inox - Materiel Equipement Professionnel\" \/>\n<meta property=\"og:description\" content=\"Materiel et Equipement Professionnel Cuisine H\u00f4tel, Restaurant, Caf\u00e9, Traiteur&#8230; . Porte Ingr\u00e9dients VRS Couvercle Inox .\" \/>\n<meta property=\"og:url\" content=\"https:\/\/distri-kahwa.ma\/materiel-professionnel\/porte-ingredients-vrs-couvercle-inox\/\" \/>\n<meta property=\"og:site_name\" content=\"Materiel Equipement Professionnel\" \/>\n<meta property=\"article:modified_time\" content=\"2022-05-09T23:40:25+00:00\" \/>\n<meta property=\"og:image\" content=\"https:\/\/distri-kahwa.ma\/materiel-professionnel\/wp-content\/uploads\/console-refrigeree-bacs-gn1-3-couvercle-inox-1100k.jpg\" \/>\n<meta name=\"twitter:card\" content=\"summary_large_image\" \/>\n<meta name=\"twitter:label1\" content=\"Dur\u00e9e de lecture estim\u00e9e\" \/>\n\t<meta name=\"twitter:data1\" content=\"2 minutes\" \/>\n<script type=\"application\/ld+json\" class=\"yoast-schema-graph\">{\"@context\":\"https:\\\/\\\/schema.org\",\"@graph\":[{\"@type\":\"WebPage\",\"@id\":\"https:\\\/\\\/distri-kahwa.ma\\\/materiel-professionnel\\\/porte-ingredients-vrs-couvercle-inox\\\/\",\"url\":\"https:\\\/\\\/distri-kahwa.ma\\\/materiel-professionnel\\\/porte-ingredients-vrs-couvercle-inox\\\/\",\"name\":\"Porte Ingr\u00e9dients VRS Couvercle Inox - Materiel Equipement Professionnel\",\"isPartOf\":{\"@id\":\"https:\\\/\\\/distri-kahwa.ma\\\/materiel-professionnel\\\/#website\"},\"primaryImageOfPage\":{\"@id\":\"https:\\\/\\\/distri-kahwa.ma\\\/materiel-professionnel\\\/porte-ingredients-vrs-couvercle-inox\\\/#primaryimage\"},\"image\":{\"@id\":\"https:\\\/\\\/distri-kahwa.ma\\\/materiel-professionnel\\\/porte-ingredients-vrs-couvercle-inox\\\/#primaryimage\"},\"thumbnailUrl\":\"https:\\\/\\\/distri-kahwa.ma\\\/materiel-professionnel\\\/wp-content\\\/uploads\\\/console-refrigeree-bacs-gn1-3-couvercle-inox-1100k.jpg\",\"datePublished\":\"2022-05-09T23:29:13+00:00\",\"dateModified\":\"2022-05-09T23:40:25+00:00\",\"breadcrumb\":{\"@id\":\"https:\\\/\\\/distri-kahwa.ma\\\/materiel-professionnel\\\/porte-ingredients-vrs-couvercle-inox\\\/#breadcrumb\"},\"inLanguage\":\"fr-FR\",\"potentialAction\":[{\"@type\":\"ReadAction\",\"target\":[\"https:\\\/\\\/distri-kahwa.ma\\\/materiel-professionnel\\\/porte-ingredients-vrs-couvercle-inox\\\/\"]}]},{\"@type\":\"ImageObject\",\"inLanguage\":\"fr-FR\",\"@id\":\"https:\\\/\\\/distri-kahwa.ma\\\/materiel-professionnel\\\/porte-ingredients-vrs-couvercle-inox\\\/#primaryimage\",\"url\":\"https:\\\/\\\/distri-kahwa.ma\\\/materiel-professionnel\\\/wp-content\\\/uploads\\\/console-refrigeree-bacs-gn1-3-couvercle-inox-1100k.jpg\",\"contentUrl\":\"https:\\\/\\\/distri-kahwa.ma\\\/materiel-professionnel\\\/wp-content\\\/uploads\\\/console-refrigeree-bacs-gn1-3-couvercle-inox-1100k.jpg\"},{\"@type\":\"BreadcrumbList\",\"@id\":\"https:\\\/\\\/distri-kahwa.ma\\\/materiel-professionnel\\\/porte-ingredients-vrs-couvercle-inox\\\/#breadcrumb\",\"itemListElement\":[{\"@type\":\"ListItem\",\"position\":1,\"name\":\"Accueil\",\"item\":\"https:\\\/\\\/distri-kahwa.ma\\\/materiel-professionnel\\\/\"},{\"@type\":\"ListItem\",\"position\":2,\"name\":\"Porte Ingr\u00e9dients VRS Couvercle Inox\"}]},{\"@type\":\"WebSite\",\"@id\":\"https:\\\/\\\/distri-kahwa.ma\\\/materiel-professionnel\\\/#website\",\"url\":\"https:\\\/\\\/distri-kahwa.ma\\\/materiel-professionnel\\\/\",\"name\":\"Materiel Equipement Professionnel\",\"description\":\"tel : 06.43.33.86.56 \\\/ mail : distri-kahwa@outlook.com\",\"potentialAction\":[{\"@type\":\"SearchAction\",\"target\":{\"@type\":\"EntryPoint\",\"urlTemplate\":\"https:\\\/\\\/distri-kahwa.ma\\\/materiel-professionnel\\\/?s={search_term_string}\"},\"query-input\":{\"@type\":\"PropertyValueSpecification\",\"valueRequired\":true,\"valueName\":\"search_term_string\"}}],\"inLanguage\":\"fr-FR\"}]}<\/script>\n<!-- \/ Yoast SEO plugin. -->","yoast_head_json":{"title":"Porte Ingr\u00e9dients VRS Couvercle Inox - Materiel Equipement Professionnel","robots":{"index":"index","follow":"follow","max-snippet":"max-snippet:-1","max-image-preview":"max-image-preview:large","max-video-preview":"max-video-preview:-1"},"canonical":"https:\/\/distri-kahwa.ma\/materiel-professionnel\/porte-ingredients-vrs-couvercle-inox\/","og_locale":"fr_FR","og_type":"article","og_title":"Porte Ingr\u00e9dients VRS Couvercle Inox - Materiel Equipement Professionnel","og_description":"Materiel et Equipement Professionnel Cuisine H\u00f4tel, Restaurant, Caf\u00e9, Traiteur&#8230; . Porte Ingr\u00e9dients VRS Couvercle Inox .","og_url":"https:\/\/distri-kahwa.ma\/materiel-professionnel\/porte-ingredients-vrs-couvercle-inox\/","og_site_name":"Materiel Equipement Professionnel","article_modified_time":"2022-05-09T23:40:25+00:00","og_image":[{"url":"https:\/\/distri-kahwa.ma\/materiel-professionnel\/wp-content\/uploads\/console-refrigeree-bacs-gn1-3-couvercle-inox-1100k.jpg","type":"","width":"","height":""}],"twitter_card":"summary_large_image","twitter_misc":{"Dur\u00e9e de lecture estim\u00e9e":"2 minutes"},"schema":{"@context":"https:\/\/schema.org","@graph":[{"@type":"WebPage","@id":"https:\/\/distri-kahwa.ma\/materiel-professionnel\/porte-ingredients-vrs-couvercle-inox\/","url":"https:\/\/distri-kahwa.ma\/materiel-professionnel\/porte-ingredients-vrs-couvercle-inox\/","name":"Porte Ingr\u00e9dients VRS Couvercle Inox - Materiel Equipement Professionnel","isPartOf":{"@id":"https:\/\/distri-kahwa.ma\/materiel-professionnel\/#website"},"primaryImageOfPage":{"@id":"https:\/\/distri-kahwa.ma\/materiel-professionnel\/porte-ingredients-vrs-couvercle-inox\/#primaryimage"},"image":{"@id":"https:\/\/distri-kahwa.ma\/materiel-professionnel\/porte-ingredients-vrs-couvercle-inox\/#primaryimage"},"thumbnailUrl":"https:\/\/distri-kahwa.ma\/materiel-professionnel\/wp-content\/uploads\/console-refrigeree-bacs-gn1-3-couvercle-inox-1100k.jpg","datePublished":"2022-05-09T23:29:13+00:00","dateModified":"2022-05-09T23:40:25+00:00","breadcrumb":{"@id":"https:\/\/distri-kahwa.ma\/materiel-professionnel\/porte-ingredients-vrs-couvercle-inox\/#breadcrumb"},"inLanguage":"fr-FR","potentialAction":[{"@type":"ReadAction","target":["https:\/\/distri-kahwa.ma\/materiel-professionnel\/porte-ingredients-vrs-couvercle-inox\/"]}]},{"@type":"ImageObject","inLanguage":"fr-FR","@id":"https:\/\/distri-kahwa.ma\/materiel-professionnel\/porte-ingredients-vrs-couvercle-inox\/#primaryimage","url":"https:\/\/distri-kahwa.ma\/materiel-professionnel\/wp-content\/uploads\/console-refrigeree-bacs-gn1-3-couvercle-inox-1100k.jpg","contentUrl":"https:\/\/distri-kahwa.ma\/materiel-professionnel\/wp-content\/uploads\/console-refrigeree-bacs-gn1-3-couvercle-inox-1100k.jpg"},{"@type":"BreadcrumbList","@id":"https:\/\/distri-kahwa.ma\/materiel-professionnel\/porte-ingredients-vrs-couvercle-inox\/#breadcrumb","itemListElement":[{"@type":"ListItem","position":1,"name":"Accueil","item":"https:\/\/distri-kahwa.ma\/materiel-professionnel\/"},{"@type":"ListItem","position":2,"name":"Porte Ingr\u00e9dients VRS Couvercle Inox"}]},{"@type":"WebSite","@id":"https:\/\/distri-kahwa.ma\/materiel-professionnel\/#website","url":"https:\/\/distri-kahwa.ma\/materiel-professionnel\/","name":"Materiel Equipement Professionnel","description":"tel : 06.43.33.86.56 \/ mail : distri-kahwa@outlook.com","potentialAction":[{"@type":"SearchAction","target":{"@type":"EntryPoint","urlTemplate":"https:\/\/distri-kahwa.ma\/materiel-professionnel\/?s={search_term_string}"},"query-input":{"@type":"PropertyValueSpecification","valueRequired":true,"valueName":"search_term_string"}}],"inLanguage":"fr-FR"}]}},"_links":{"self":[{"href":"https:\/\/distri-kahwa.ma\/materiel-professionnel\/wp-json\/wp\/v2\/pages\/13163","targetHints":{"allow":["GET"]}}],"collection":[{"href":"https:\/\/distri-kahwa.ma\/materiel-professionnel\/wp-json\/wp\/v2\/pages"}],"about":[{"href":"https:\/\/distri-kahwa.ma\/materiel-professionnel\/wp-json\/wp\/v2\/types\/page"}],"author":[{"embeddable":true,"href":"https:\/\/distri-kahwa.ma\/materiel-professionnel\/wp-json\/wp\/v2\/users\/1"}],"replies":[{"embeddable":true,"href":"https:\/\/distri-kahwa.ma\/materiel-professionnel\/wp-json\/wp\/v2\/comments?post=13163"}],"version-history":[{"count":3,"href":"https:\/\/distri-kahwa.ma\/materiel-professionnel\/wp-json\/wp\/v2\/pages\/13163\/revisions"}],"predecessor-version":[{"id":13173,"href":"https:\/\/distri-kahwa.ma\/materiel-professionnel\/wp-json\/wp\/v2\/pages\/13163\/revisions\/13173"}],"wp:attachment":[{"href":"https:\/\/distri-kahwa.ma\/materiel-professionnel\/wp-json\/wp\/v2\/media?parent=13163"}],"curies":[{"name":"wp","href":"https:\/\/api.w.org\/{rel}","templated":true}]}}