{"id":14239,"date":"2022-05-28T22:01:04","date_gmt":"2022-05-28T22:01:04","guid":{"rendered":"https:\/\/distri-kahwa.ma\/materiel-professionnel\/?page_id=14239"},"modified":"2022-05-28T22:29:14","modified_gmt":"2022-05-28T22:29:14","slug":"congelateur","status":"publish","type":"page","link":"https:\/\/distri-kahwa.ma\/materiel-professionnel\/congelateur\/","title":{"rendered":"Cong\u00e9lateur"},"content":{"rendered":"<hr style=\"float: none; clear: both; height: 5px; border-width: 10; color: black; background-color: black;\" \/>\n<div class=\"lead\" style=\"border: 0px solid #b9121b; background-color: rgba(255, 255, 255, 0.89); width: 100%; height: auto; margin: auto;\">\n<div style=\"margin: 0px;\">\n<h2 style=\"text-align: center;\"><strong><span style=\"color: #0000ff;\">Materiel et Equipement Professionnel<br \/>\n<\/span><span style=\"color: #bc0939; font-size: 32px;\">Cuisine H\u00f4tel, Restaurant<\/span><\/strong><strong><span style=\"color: #bc0939; font-size: 32px;\">, Caf\u00e9, Traiteur&#8230;<\/span><\/strong><\/h2>\n<hr style=\"float: none; clear: both; height: 5px; border-width: 10; color: black; background-color: black;\" \/>\n<p><span style=\"color: #ffffff;\">.<\/span><\/p>\n<div style=\"background-color: #a91101; text-align: center; border-radius: 15px; border: 5px inset black;\">\n<h2><span style=\"color: white;\">Frigo R\u00e9frig\u00e9rateur Cong\u00e9lateur <\/span><\/h2>\n<\/div>\n<p><span style=\"color: #ffffff;\">.<\/span><br \/>\n<div class=\"su-row\"><div class=\"su-column su-column-size-1-3\"><div class=\"su-column-inner su-u-clearfix su-u-trim\"><div class=\"su-box su-box-style-soft\" id=\"\" style=\"border-color:#c2c2a9;border-radius:10px;max-width:none\"><div class=\"su-box-title\" style=\"background-color:#F5F5DC;color:#0000ff;border-top-left-radius:8px;border-top-right-radius:8px\">Cong\u00e9lateur 2, 3 ou 4 Tiroirs<\/div><div class=\"su-box-content su-u-clearfix su-u-trim\" style=\"border-bottom-left-radius:8px;border-bottom-right-radius:8px\"><a title=\"Frigo R\u00e9frig\u00e9rateur Cong\u00e9lateur\" href=\"https:\/\/distri-kahwa.ma\/materiel-professionnel\/congelateur-table-top\/\" target=\"_blank\" rel=\"noopener\"><img loading=\"lazy\" decoding=\"async\" class=\"size-medium aligncenter\" src=\"https:\/\/distri-kahwa.ma\/materiel-professionnel\/\/wp-content\/uploads\/congelateur-top-smartfrost-premium.jpg\" alt=\"Frigo R\u00e9frig\u00e9rateur Cong\u00e9lateur\" width=\"400\" height=\"400\" \/><\/a><\/div><\/div>\n<\/div><\/div>\n<div class=\"su-column su-column-size-1-3\"><div class=\"su-column-inner su-u-clearfix su-u-trim\"><div class=\"su-box su-box-style-soft\" id=\"\" style=\"border-color:#c2c2a9;border-radius:10px;max-width:none\"><div class=\"su-box-title\" style=\"background-color:#F5F5DC;color:#0000ff;border-top-left-radius:8px;border-top-right-radius:8px\">Cong\u00e9lateur 5 Tiroirs<\/div><div class=\"su-box-content su-u-clearfix su-u-trim\" style=\"border-bottom-left-radius:8px;border-bottom-right-radius:8px\"><a title=\"Frigo R\u00e9frig\u00e9rateur Cong\u00e9lateur\" href=\"https:\/\/distri-kahwa.ma\/materiel-professionnel\/congelateur-5-tiroirs\/\" target=\"_blank\" rel=\"noopener\"><img loading=\"lazy\" decoding=\"async\" class=\"alignnone size-medium\" src=\"https:\/\/distri-kahwa.ma\/materiel-professionnel\/\/wp-content\/uploads\/congelateur-armoire-60cm-nofrost-blu-pure-blanc-1.jpg\" alt=\"Frigo R\u00e9frig\u00e9rateur Cong\u00e9lateur \" width=\"400\" height=\"400\" \/><\/a><\/div><\/div>\n<\/div><\/div>\n<div class=\"su-column su-column-size-1-3\"><div class=\"su-column-inner su-u-clearfix su-u-trim\"><div class=\"su-box su-box-style-soft\" id=\"\" style=\"border-color:#c2c2a9;border-radius:10px;max-width:none\"><div class=\"su-box-title\" style=\"background-color:#F5F5DC;color:#0000ff;border-top-left-radius:8px;border-top-right-radius:8px\">Cong\u00e9lateur 6 Tiroirs<\/div><div class=\"su-box-content su-u-clearfix su-u-trim\" style=\"border-bottom-left-radius:8px;border-bottom-right-radius:8px\"><a title=\"Frigo R\u00e9frig\u00e9rateur Cong\u00e9lateur\" href=\"https:\/\/distri-kahwa.ma\/materiel-professionnel\/congelateur-6-tiroirs\/\" target=\"_blank\" rel=\"noopener\"><img loading=\"lazy\" decoding=\"async\" src=\"https:\/\/distri-kahwa.ma\/materiel-professionnel\/\/wp-content\/uploads\/congelateur-armoire-nofrost-bluperformance-comfort.jpg\" alt=\"Frigo R\u00e9frig\u00e9rateur Cong\u00e9lateur\" width=\"458\" height=\"458\" \/><\/a><\/div><\/div>\n<\/div><\/div>\n<\/div>\n<div class=\"su-row\">\n<div class=\"su-column su-column-size-1-3\"><div class=\"su-column-inner su-u-clearfix su-u-trim\"><div class=\"su-box su-box-style-soft\" id=\"\" style=\"border-color:#c2c2a9;border-radius:10px;max-width:none\"><div class=\"su-box-title\" style=\"background-color:#F5F5DC;color:#0000ff;border-top-left-radius:8px;border-top-right-radius:8px\">Cong\u00e9lateur 7 Tiroirs<\/div><div class=\"su-box-content su-u-clearfix su-u-trim\" style=\"border-bottom-left-radius:8px;border-bottom-right-radius:8px\"><a title=\"Frigo R\u00e9frig\u00e9rateur Cong\u00e9lateur\" href=\"https:\/\/distri-kahwa.ma\/materiel-professionnel\/congelateur-7-tiroirs\/\" target=\"_blank\" rel=\"noopener\"><img loading=\"lazy\" decoding=\"async\" class=\"alignnone size-medium\" src=\"https:\/\/distri-kahwa.ma\/materiel-professionnel\/\/wp-content\/uploads\/congelateur-armoire-nofrost-bluperformance-comfort-1.jpg\" alt=\"Frigo R\u00e9frig\u00e9rateur Cong\u00e9lateur \" width=\"400\" height=\"400\" \/><\/a><\/div><\/div>\n<\/div><\/div>\n<div class=\"su-column su-column-size-1-3\"><div class=\"su-column-inner su-u-clearfix su-u-trim\"><div class=\"su-box su-box-style-soft\" id=\"\" style=\"border-color:#c2c2a9;border-radius:10px;max-width:none\"><div class=\"su-box-title\" style=\"background-color:#F5F5DC;color:#0000ff;border-top-left-radius:8px;border-top-right-radius:8px\">Cong\u00e9lateur 8 Tiroirs<\/div><div class=\"su-box-content su-u-clearfix su-u-trim\" style=\"border-bottom-left-radius:8px;border-bottom-right-radius:8px\"><a title=\"Frigo R\u00e9frig\u00e9rateur Cong\u00e9lateur\" href=\"https:\/\/distri-kahwa.ma\/materiel-professionnel\/congelateur-8-tiroirs\/\" target=\"_blank\" rel=\"noopener\"><img loading=\"lazy\" decoding=\"async\" src=\"https:\/\/distri-kahwa.ma\/materiel-professionnel\/\/wp-content\/uploads\/congelateur-armoire-nofrost-bluperformance-inox-anti-traces.jpg\" alt=\"Frigo R\u00e9frig\u00e9rateur Cong\u00e9lateur\" width=\"400\" height=\"400\" \/><\/a><\/div><\/div>\n<\/div><\/div>\n<div class=\"su-column su-column-size-1-3\"><div class=\"su-column-inner su-u-clearfix su-u-trim\"><div class=\"su-box su-box-style-soft\" id=\"\" style=\"border-color:#c2c2a9;border-radius:10px;max-width:none\"><div class=\"su-box-title\" style=\"background-color:#F5F5DC;color:#0000ff;border-top-left-radius:8px;border-top-right-radius:8px\">Cong\u00e9lateur 14 Tiroirs<\/div><div class=\"su-box-content su-u-clearfix su-u-trim\" style=\"border-bottom-left-radius:8px;border-bottom-right-radius:8px\"><img loading=\"lazy\" decoding=\"async\" class=\"size-medium aligncenter\" src=\"https:\/\/distri-kahwa.ma\/materiel-professionnel\/\/wp-content\/uploads\/congelateur-armoire-14-tiroirs-grande-largeur.jpg\" alt=\"Frigo R\u00e9frig\u00e9rateur Cong\u00e9lateur\" width=\"400\" height=\"400\" \/><\/div><\/div>\n<\/div><\/div>\n<\/div>\n<hr style=\"float: none; clear: both; height: 2px; border-width: 10; color: black; background-color: black;\" \/>\n\n<\/div>\n<\/div>\n<hr style=\"float: none; clear: both; height: 3px; border-width: 10; color: black; background-color: black;\" \/>\n<div style=\"background-color: #a91101; text-align: center; border-radius: 15px; border: 5px inset black;\">\n<h2><span style=\"color: white;\">Nos Atouts<\/span><\/h2>\n<\/div>\n<div class=\"su-row\"><div class=\"su-column su-column-size-1-3\"><div class=\"su-column-inner su-u-clearfix su-u-trim\">\n<div style=\"text-align: center; padding: 5px; margin: 0px; background-color: rgba(255, 255, 255, 0.95); border-radius: 25px;\"><img loading=\"lazy\" decoding=\"async\" src=\"https:\/\/www.eberhardt-pro.fr\/img\/pp\/858-pp_classic.jpg?time=1589394434\" alt=\"\" width=\"125\" height=\"125\" \/><\/p>\n<p style=\"text-align: Left; font-size: 16px; color: black;\">Plaques de cuisson encaiss\u00e9es dans le plan avec orifice d\u2019\u00e9vacuation des graisses pour un nettoyage et une hygi\u00e8ne simplifi\u00e9e.<\/p>\n<\/div>\n<\/div><\/div>\n<div class=\"su-column su-column-size-1-3\"><div class=\"su-column-inner su-u-clearfix su-u-trim\">\n<div style=\"text-align: center; padding: 5px; margin: 0px; background-color: rgba(255, 255, 255, 0.95); border-radius: 25px;\"><img loading=\"lazy\" decoding=\"async\" src=\"https:\/\/www.eberhardt-pro.fr\/img\/pp\/896-pp_classic.jpg?time=1589394434\" alt=\"\" width=\"125\" height=\"125\" \/><\/p>\n<p style=\"text-align: Left; font-size: 16px; color: black;\">Plaques disponibles en 2 mat\u00e9riaux au choix : acier inoxydable et chrome pour les cuissons d\u00e9licates.<\/p>\n<\/div>\n<\/div><\/div>\n<div class=\"su-column su-column-size-1-3\"><div class=\"su-column-inner su-u-clearfix su-u-trim\">\n<div style=\"text-align: center; padding: 5px; margin: 0px; background-color: rgba(255, 255, 255, 0.95); border-radius: 25px;\"><img loading=\"lazy\" decoding=\"async\" src=\"https:\/\/www.eberhardt-pro.fr\/img\/pp\/846-pp_classic.jpg?time=1589394434\" alt=\"\" width=\"125\" height=\"125\" \/><\/p>\n<p style=\"text-align: Left; font-size: 16px; color: black;\">Disponibles avec plaques s\u00e9par\u00e9es sur demande sans suppl\u00e9ment.<\/p>\n<\/div>\n<\/div><\/div>\n<\/div>\n<h2 style=\"padding: 0px;\"><a title=\"Prix Table R\u00e9frig\u00e9r\u00e9e Professionnelle\" href=\"#Prix-Table-R\u00e9frig\u00e9r\u00e9e\"><button class=\"btn1\">Prix <\/button> <\/a><\/h2>\n<hr style=\"float: none; clear: both; height: 3px; border-width: 10; color: black; background-color: black;\" \/>\n<div style=\"background-color: #a91101; text-align: center; border-radius: 15px; border: 5px inset black;\">\n<h2><span style=\"color: white; font-size: 26px;\">distri-kahwa@outlook.com<\/span><\/h2>\n<\/div>\n<p class=\"has-small-font-size\" style=\"text-align: center;\">\n<div style=\"background-color: #a91101; text-align: center; border-radius: 15px; border: 5px inset black;\">\n<h2><span style=\"color: white; font-size: 26px;\">O6.43.33.86.56<\/span><\/h2>\n<\/div>\n<hr style=\"float: none; clear: both; height: 3px; color: black; background-color: black;\" \/>\n","protected":false},"excerpt":{"rendered":"<p>Materiel et Equipement Professionnel Cuisine H\u00f4tel, Restaurant, Caf\u00e9, Traiteur&#8230; . Frigo R\u00e9frig\u00e9rateur Cong\u00e9lateur . Nos Atouts Prix distri-kahwa@outlook.com O6.43.33.86.56<\/p>\n","protected":false},"author":1,"featured_media":0,"parent":0,"menu_order":0,"comment_status":"closed","ping_status":"closed","template":"","meta":{"_acf_changed":false,"footnotes":""},"class_list":{"1":"page","2":"type-page","3":"status-publish","4":"hentry"},"acf":[],"yoast_head":"<!-- This site is optimized with the Yoast SEO plugin v27.4 - https:\/\/yoast.com\/product\/yoast-seo-wordpress\/ -->\n<title>Cong\u00e9lateur - Materiel Equipement Professionnel<\/title>\n<meta name=\"robots\" content=\"index, follow, max-snippet:-1, max-image-preview:large, max-video-preview:-1\" \/>\n<link rel=\"canonical\" href=\"https:\/\/distri-kahwa.ma\/materiel-professionnel\/congelateur\/\" \/>\n<meta property=\"og:locale\" content=\"fr_FR\" \/>\n<meta property=\"og:type\" content=\"article\" \/>\n<meta property=\"og:title\" content=\"Cong\u00e9lateur - Materiel Equipement Professionnel\" \/>\n<meta property=\"og:description\" content=\"Materiel et Equipement Professionnel Cuisine H\u00f4tel, Restaurant, Caf\u00e9, Traiteur&#8230; . Frigo R\u00e9frig\u00e9rateur Cong\u00e9lateur . Nos Atouts Prix distri-kahwa@outlook.com O6.43.33.86.56\" \/>\n<meta property=\"og:url\" content=\"https:\/\/distri-kahwa.ma\/materiel-professionnel\/congelateur\/\" \/>\n<meta property=\"og:site_name\" content=\"Materiel Equipement Professionnel\" \/>\n<meta property=\"article:modified_time\" content=\"2022-05-28T22:29:14+00:00\" \/>\n<meta property=\"og:image\" content=\"http:\/\/distri-kahwa.ma\/materiel-professionnel\/wp-content\/uploads\/congelateur-top-smartfrost-premium.jpg\" \/>\n<meta name=\"twitter:card\" content=\"summary_large_image\" \/>\n<meta name=\"twitter:label1\" content=\"Dur\u00e9e de lecture estim\u00e9e\" \/>\n\t<meta name=\"twitter:data1\" content=\"3 minutes\" \/>\n<script type=\"application\/ld+json\" class=\"yoast-schema-graph\">{\"@context\":\"https:\\\/\\\/schema.org\",\"@graph\":[{\"@type\":\"WebPage\",\"@id\":\"https:\\\/\\\/distri-kahwa.ma\\\/materiel-professionnel\\\/congelateur\\\/\",\"url\":\"https:\\\/\\\/distri-kahwa.ma\\\/materiel-professionnel\\\/congelateur\\\/\",\"name\":\"Cong\u00e9lateur - Materiel Equipement Professionnel\",\"isPartOf\":{\"@id\":\"https:\\\/\\\/distri-kahwa.ma\\\/materiel-professionnel\\\/#website\"},\"primaryImageOfPage\":{\"@id\":\"https:\\\/\\\/distri-kahwa.ma\\\/materiel-professionnel\\\/congelateur\\\/#primaryimage\"},\"image\":{\"@id\":\"https:\\\/\\\/distri-kahwa.ma\\\/materiel-professionnel\\\/congelateur\\\/#primaryimage\"},\"thumbnailUrl\":\"https:\\\/\\\/distri-kahwa.ma\\\/materiel-professionnel\\\/\\\/wp-content\\\/uploads\\\/congelateur-top-smartfrost-premium.jpg\",\"datePublished\":\"2022-05-28T22:01:04+00:00\",\"dateModified\":\"2022-05-28T22:29:14+00:00\",\"breadcrumb\":{\"@id\":\"https:\\\/\\\/distri-kahwa.ma\\\/materiel-professionnel\\\/congelateur\\\/#breadcrumb\"},\"inLanguage\":\"fr-FR\",\"potentialAction\":[{\"@type\":\"ReadAction\",\"target\":[\"https:\\\/\\\/distri-kahwa.ma\\\/materiel-professionnel\\\/congelateur\\\/\"]}]},{\"@type\":\"ImageObject\",\"inLanguage\":\"fr-FR\",\"@id\":\"https:\\\/\\\/distri-kahwa.ma\\\/materiel-professionnel\\\/congelateur\\\/#primaryimage\",\"url\":\"https:\\\/\\\/distri-kahwa.ma\\\/materiel-professionnel\\\/\\\/wp-content\\\/uploads\\\/congelateur-top-smartfrost-premium.jpg\",\"contentUrl\":\"https:\\\/\\\/distri-kahwa.ma\\\/materiel-professionnel\\\/\\\/wp-content\\\/uploads\\\/congelateur-top-smartfrost-premium.jpg\"},{\"@type\":\"BreadcrumbList\",\"@id\":\"https:\\\/\\\/distri-kahwa.ma\\\/materiel-professionnel\\\/congelateur\\\/#breadcrumb\",\"itemListElement\":[{\"@type\":\"ListItem\",\"position\":1,\"name\":\"Accueil\",\"item\":\"https:\\\/\\\/distri-kahwa.ma\\\/materiel-professionnel\\\/\"},{\"@type\":\"ListItem\",\"position\":2,\"name\":\"Cong\u00e9lateur\"}]},{\"@type\":\"WebSite\",\"@id\":\"https:\\\/\\\/distri-kahwa.ma\\\/materiel-professionnel\\\/#website\",\"url\":\"https:\\\/\\\/distri-kahwa.ma\\\/materiel-professionnel\\\/\",\"name\":\"Materiel Equipement Professionnel\",\"description\":\"tel : 06.43.33.86.56 \\\/ mail : distri-kahwa@outlook.com\",\"potentialAction\":[{\"@type\":\"SearchAction\",\"target\":{\"@type\":\"EntryPoint\",\"urlTemplate\":\"https:\\\/\\\/distri-kahwa.ma\\\/materiel-professionnel\\\/?s={search_term_string}\"},\"query-input\":{\"@type\":\"PropertyValueSpecification\",\"valueRequired\":true,\"valueName\":\"search_term_string\"}}],\"inLanguage\":\"fr-FR\"}]}<\/script>\n<!-- \/ Yoast SEO plugin. -->","yoast_head_json":{"title":"Cong\u00e9lateur - Materiel Equipement Professionnel","robots":{"index":"index","follow":"follow","max-snippet":"max-snippet:-1","max-image-preview":"max-image-preview:large","max-video-preview":"max-video-preview:-1"},"canonical":"https:\/\/distri-kahwa.ma\/materiel-professionnel\/congelateur\/","og_locale":"fr_FR","og_type":"article","og_title":"Cong\u00e9lateur - Materiel Equipement Professionnel","og_description":"Materiel et Equipement Professionnel Cuisine H\u00f4tel, Restaurant, Caf\u00e9, Traiteur&#8230; . Frigo R\u00e9frig\u00e9rateur Cong\u00e9lateur . Nos Atouts Prix distri-kahwa@outlook.com O6.43.33.86.56","og_url":"https:\/\/distri-kahwa.ma\/materiel-professionnel\/congelateur\/","og_site_name":"Materiel Equipement Professionnel","article_modified_time":"2022-05-28T22:29:14+00:00","og_image":[{"url":"http:\/\/distri-kahwa.ma\/materiel-professionnel\/wp-content\/uploads\/congelateur-top-smartfrost-premium.jpg","type":"","width":"","height":""}],"twitter_card":"summary_large_image","twitter_misc":{"Dur\u00e9e de lecture estim\u00e9e":"3 minutes"},"schema":{"@context":"https:\/\/schema.org","@graph":[{"@type":"WebPage","@id":"https:\/\/distri-kahwa.ma\/materiel-professionnel\/congelateur\/","url":"https:\/\/distri-kahwa.ma\/materiel-professionnel\/congelateur\/","name":"Cong\u00e9lateur - Materiel Equipement Professionnel","isPartOf":{"@id":"https:\/\/distri-kahwa.ma\/materiel-professionnel\/#website"},"primaryImageOfPage":{"@id":"https:\/\/distri-kahwa.ma\/materiel-professionnel\/congelateur\/#primaryimage"},"image":{"@id":"https:\/\/distri-kahwa.ma\/materiel-professionnel\/congelateur\/#primaryimage"},"thumbnailUrl":"https:\/\/distri-kahwa.ma\/materiel-professionnel\/\/wp-content\/uploads\/congelateur-top-smartfrost-premium.jpg","datePublished":"2022-05-28T22:01:04+00:00","dateModified":"2022-05-28T22:29:14+00:00","breadcrumb":{"@id":"https:\/\/distri-kahwa.ma\/materiel-professionnel\/congelateur\/#breadcrumb"},"inLanguage":"fr-FR","potentialAction":[{"@type":"ReadAction","target":["https:\/\/distri-kahwa.ma\/materiel-professionnel\/congelateur\/"]}]},{"@type":"ImageObject","inLanguage":"fr-FR","@id":"https:\/\/distri-kahwa.ma\/materiel-professionnel\/congelateur\/#primaryimage","url":"https:\/\/distri-kahwa.ma\/materiel-professionnel\/\/wp-content\/uploads\/congelateur-top-smartfrost-premium.jpg","contentUrl":"https:\/\/distri-kahwa.ma\/materiel-professionnel\/\/wp-content\/uploads\/congelateur-top-smartfrost-premium.jpg"},{"@type":"BreadcrumbList","@id":"https:\/\/distri-kahwa.ma\/materiel-professionnel\/congelateur\/#breadcrumb","itemListElement":[{"@type":"ListItem","position":1,"name":"Accueil","item":"https:\/\/distri-kahwa.ma\/materiel-professionnel\/"},{"@type":"ListItem","position":2,"name":"Cong\u00e9lateur"}]},{"@type":"WebSite","@id":"https:\/\/distri-kahwa.ma\/materiel-professionnel\/#website","url":"https:\/\/distri-kahwa.ma\/materiel-professionnel\/","name":"Materiel Equipement Professionnel","description":"tel : 06.43.33.86.56 \/ mail : distri-kahwa@outlook.com","potentialAction":[{"@type":"SearchAction","target":{"@type":"EntryPoint","urlTemplate":"https:\/\/distri-kahwa.ma\/materiel-professionnel\/?s={search_term_string}"},"query-input":{"@type":"PropertyValueSpecification","valueRequired":true,"valueName":"search_term_string"}}],"inLanguage":"fr-FR"}]}},"_links":{"self":[{"href":"https:\/\/distri-kahwa.ma\/materiel-professionnel\/wp-json\/wp\/v2\/pages\/14239","targetHints":{"allow":["GET"]}}],"collection":[{"href":"https:\/\/distri-kahwa.ma\/materiel-professionnel\/wp-json\/wp\/v2\/pages"}],"about":[{"href":"https:\/\/distri-kahwa.ma\/materiel-professionnel\/wp-json\/wp\/v2\/types\/page"}],"author":[{"embeddable":true,"href":"https:\/\/distri-kahwa.ma\/materiel-professionnel\/wp-json\/wp\/v2\/users\/1"}],"replies":[{"embeddable":true,"href":"https:\/\/distri-kahwa.ma\/materiel-professionnel\/wp-json\/wp\/v2\/comments?post=14239"}],"version-history":[{"count":6,"href":"https:\/\/distri-kahwa.ma\/materiel-professionnel\/wp-json\/wp\/v2\/pages\/14239\/revisions"}],"predecessor-version":[{"id":14270,"href":"https:\/\/distri-kahwa.ma\/materiel-professionnel\/wp-json\/wp\/v2\/pages\/14239\/revisions\/14270"}],"wp:attachment":[{"href":"https:\/\/distri-kahwa.ma\/materiel-professionnel\/wp-json\/wp\/v2\/media?parent=14239"}],"curies":[{"name":"wp","href":"https:\/\/api.w.org\/{rel}","templated":true}]}}