{"id":9890,"date":"2022-02-08T23:48:45","date_gmt":"2022-02-08T23:48:45","guid":{"rendered":"https:\/\/distri-kahwa.ma\/materiel-professionnel\/?page_id=9890"},"modified":"2022-02-09T00:11:46","modified_gmt":"2022-02-09T00:11:46","slug":"contact-condition","status":"publish","type":"page","link":"https:\/\/distri-kahwa.ma\/materiel-professionnel\/contact-condition\/","title":{"rendered":"Contact Condition"},"content":{"rendered":"\n<p>Contact Condition<\/p>\n\n\n\n<p><\/p>\n\n\n\n<ul class=\"wp-block-list\"><li>Principe de finalit\u00e9 : l\u2019entreprise doit vous dire comment les donn\u00e9es sont utilis\u00e9es<\/li><li>&nbsp;&nbsp;Principe de pertinence : les donn\u00e9es r\u00e9colt\u00e9es doivent \u00eatre r\u00e9duites au minimum n\u00e9cessaire<\/li><li>&nbsp;&nbsp;Principe de conservation : le temps de conservation des donn\u00e9es est limit\u00e9 \u00e0 l\u2019atteinte des objectifs fix\u00e9s par l\u2019entreprise<\/li><li>&nbsp;&nbsp;Principe des droits : l\u2019internaute a le droit de modifier ses donn\u00e9es, d\u2019y acc\u00e9der et de les faire supprimer s\u2019il le souhaite<\/li><li>&nbsp;&nbsp;Principe de&nbsp;s\u00e9curit\u00e9&nbsp;: les donn\u00e9es doivent \u00eatre s\u00e9curis\u00e9es lors du stockage&nbsp;ET de l\u2019\u00e9change&nbsp;!&nbsp;<\/li><\/ul>\n","protected":false},"excerpt":{"rendered":"<p>Contact Condition Principe de finalit\u00e9 : l\u2019entreprise doit vous dire comment les donn\u00e9es sont utilis\u00e9es &nbsp;&nbsp;Principe de pertinence : les donn\u00e9es r\u00e9colt\u00e9es doivent \u00eatre r\u00e9duites au minimum n\u00e9cessaire &nbsp;&nbsp;Principe de<\/p>\n","protected":false},"author":1,"featured_media":0,"parent":0,"menu_order":0,"comment_status":"closed","ping_status":"closed","template":"","meta":{"_acf_changed":false,"footnotes":""},"class_list":{"1":"page","2":"type-page","3":"status-publish","4":"hentry"},"acf":[],"yoast_head":"<!-- This site is optimized with the Yoast SEO plugin v27.4 - https:\/\/yoast.com\/product\/yoast-seo-wordpress\/ -->\n<title>Contact Condition - Materiel Equipement Professionnel<\/title>\n<meta name=\"robots\" content=\"index, follow, max-snippet:-1, max-image-preview:large, max-video-preview:-1\" \/>\n<link rel=\"canonical\" href=\"https:\/\/distri-kahwa.ma\/materiel-professionnel\/contact-condition\/\" \/>\n<meta property=\"og:locale\" content=\"fr_FR\" \/>\n<meta property=\"og:type\" content=\"article\" \/>\n<meta property=\"og:title\" content=\"Contact Condition - Materiel Equipement Professionnel\" \/>\n<meta property=\"og:description\" content=\"Contact Condition Principe de finalit\u00e9 : l\u2019entreprise doit vous dire comment les donn\u00e9es sont utilis\u00e9es &nbsp;&nbsp;Principe de pertinence : les donn\u00e9es r\u00e9colt\u00e9es doivent \u00eatre r\u00e9duites au minimum n\u00e9cessaire &nbsp;&nbsp;Principe de\" \/>\n<meta property=\"og:url\" content=\"https:\/\/distri-kahwa.ma\/materiel-professionnel\/contact-condition\/\" \/>\n<meta property=\"og:site_name\" content=\"Materiel Equipement Professionnel\" \/>\n<meta property=\"article:modified_time\" content=\"2022-02-09T00:11:46+00:00\" \/>\n<meta name=\"twitter:card\" content=\"summary_large_image\" \/>\n<meta name=\"twitter:label1\" content=\"Dur\u00e9e de lecture estim\u00e9e\" \/>\n\t<meta name=\"twitter:data1\" content=\"1 minute\" \/>\n<script type=\"application\/ld+json\" class=\"yoast-schema-graph\">{\"@context\":\"https:\\\/\\\/schema.org\",\"@graph\":[{\"@type\":\"WebPage\",\"@id\":\"https:\\\/\\\/distri-kahwa.ma\\\/materiel-professionnel\\\/contact-condition\\\/\",\"url\":\"https:\\\/\\\/distri-kahwa.ma\\\/materiel-professionnel\\\/contact-condition\\\/\",\"name\":\"Contact Condition - Materiel Equipement Professionnel\",\"isPartOf\":{\"@id\":\"https:\\\/\\\/distri-kahwa.ma\\\/materiel-professionnel\\\/#website\"},\"datePublished\":\"2022-02-08T23:48:45+00:00\",\"dateModified\":\"2022-02-09T00:11:46+00:00\",\"breadcrumb\":{\"@id\":\"https:\\\/\\\/distri-kahwa.ma\\\/materiel-professionnel\\\/contact-condition\\\/#breadcrumb\"},\"inLanguage\":\"fr-FR\",\"potentialAction\":[{\"@type\":\"ReadAction\",\"target\":[\"https:\\\/\\\/distri-kahwa.ma\\\/materiel-professionnel\\\/contact-condition\\\/\"]}]},{\"@type\":\"BreadcrumbList\",\"@id\":\"https:\\\/\\\/distri-kahwa.ma\\\/materiel-professionnel\\\/contact-condition\\\/#breadcrumb\",\"itemListElement\":[{\"@type\":\"ListItem\",\"position\":1,\"name\":\"Accueil\",\"item\":\"https:\\\/\\\/distri-kahwa.ma\\\/materiel-professionnel\\\/\"},{\"@type\":\"ListItem\",\"position\":2,\"name\":\"Contact Condition\"}]},{\"@type\":\"WebSite\",\"@id\":\"https:\\\/\\\/distri-kahwa.ma\\\/materiel-professionnel\\\/#website\",\"url\":\"https:\\\/\\\/distri-kahwa.ma\\\/materiel-professionnel\\\/\",\"name\":\"Materiel Equipement Professionnel\",\"description\":\"tel : 06.43.33.86.56 \\\/ mail : distri-kahwa@outlook.com\",\"potentialAction\":[{\"@type\":\"SearchAction\",\"target\":{\"@type\":\"EntryPoint\",\"urlTemplate\":\"https:\\\/\\\/distri-kahwa.ma\\\/materiel-professionnel\\\/?s={search_term_string}\"},\"query-input\":{\"@type\":\"PropertyValueSpecification\",\"valueRequired\":true,\"valueName\":\"search_term_string\"}}],\"inLanguage\":\"fr-FR\"}]}<\/script>\n<!-- \/ Yoast SEO plugin. -->","yoast_head_json":{"title":"Contact Condition - Materiel Equipement Professionnel","robots":{"index":"index","follow":"follow","max-snippet":"max-snippet:-1","max-image-preview":"max-image-preview:large","max-video-preview":"max-video-preview:-1"},"canonical":"https:\/\/distri-kahwa.ma\/materiel-professionnel\/contact-condition\/","og_locale":"fr_FR","og_type":"article","og_title":"Contact Condition - Materiel Equipement Professionnel","og_description":"Contact Condition Principe de finalit\u00e9 : l\u2019entreprise doit vous dire comment les donn\u00e9es sont utilis\u00e9es &nbsp;&nbsp;Principe de pertinence : les donn\u00e9es r\u00e9colt\u00e9es doivent \u00eatre r\u00e9duites au minimum n\u00e9cessaire &nbsp;&nbsp;Principe de","og_url":"https:\/\/distri-kahwa.ma\/materiel-professionnel\/contact-condition\/","og_site_name":"Materiel Equipement Professionnel","article_modified_time":"2022-02-09T00:11:46+00:00","twitter_card":"summary_large_image","twitter_misc":{"Dur\u00e9e de lecture estim\u00e9e":"1 minute"},"schema":{"@context":"https:\/\/schema.org","@graph":[{"@type":"WebPage","@id":"https:\/\/distri-kahwa.ma\/materiel-professionnel\/contact-condition\/","url":"https:\/\/distri-kahwa.ma\/materiel-professionnel\/contact-condition\/","name":"Contact Condition - Materiel Equipement Professionnel","isPartOf":{"@id":"https:\/\/distri-kahwa.ma\/materiel-professionnel\/#website"},"datePublished":"2022-02-08T23:48:45+00:00","dateModified":"2022-02-09T00:11:46+00:00","breadcrumb":{"@id":"https:\/\/distri-kahwa.ma\/materiel-professionnel\/contact-condition\/#breadcrumb"},"inLanguage":"fr-FR","potentialAction":[{"@type":"ReadAction","target":["https:\/\/distri-kahwa.ma\/materiel-professionnel\/contact-condition\/"]}]},{"@type":"BreadcrumbList","@id":"https:\/\/distri-kahwa.ma\/materiel-professionnel\/contact-condition\/#breadcrumb","itemListElement":[{"@type":"ListItem","position":1,"name":"Accueil","item":"https:\/\/distri-kahwa.ma\/materiel-professionnel\/"},{"@type":"ListItem","position":2,"name":"Contact Condition"}]},{"@type":"WebSite","@id":"https:\/\/distri-kahwa.ma\/materiel-professionnel\/#website","url":"https:\/\/distri-kahwa.ma\/materiel-professionnel\/","name":"Materiel Equipement Professionnel","description":"tel : 06.43.33.86.56 \/ mail : distri-kahwa@outlook.com","potentialAction":[{"@type":"SearchAction","target":{"@type":"EntryPoint","urlTemplate":"https:\/\/distri-kahwa.ma\/materiel-professionnel\/?s={search_term_string}"},"query-input":{"@type":"PropertyValueSpecification","valueRequired":true,"valueName":"search_term_string"}}],"inLanguage":"fr-FR"}]}},"_links":{"self":[{"href":"https:\/\/distri-kahwa.ma\/materiel-professionnel\/wp-json\/wp\/v2\/pages\/9890","targetHints":{"allow":["GET"]}}],"collection":[{"href":"https:\/\/distri-kahwa.ma\/materiel-professionnel\/wp-json\/wp\/v2\/pages"}],"about":[{"href":"https:\/\/distri-kahwa.ma\/materiel-professionnel\/wp-json\/wp\/v2\/types\/page"}],"author":[{"embeddable":true,"href":"https:\/\/distri-kahwa.ma\/materiel-professionnel\/wp-json\/wp\/v2\/users\/1"}],"replies":[{"embeddable":true,"href":"https:\/\/distri-kahwa.ma\/materiel-professionnel\/wp-json\/wp\/v2\/comments?post=9890"}],"version-history":[{"count":2,"href":"https:\/\/distri-kahwa.ma\/materiel-professionnel\/wp-json\/wp\/v2\/pages\/9890\/revisions"}],"predecessor-version":[{"id":9892,"href":"https:\/\/distri-kahwa.ma\/materiel-professionnel\/wp-json\/wp\/v2\/pages\/9890\/revisions\/9892"}],"wp:attachment":[{"href":"https:\/\/distri-kahwa.ma\/materiel-professionnel\/wp-json\/wp\/v2\/media?parent=9890"}],"curies":[{"name":"wp","href":"https:\/\/api.w.org\/{rel}","templated":true}]}}