{"id":9653,"date":"2022-01-14T12:06:18","date_gmt":"2022-01-14T12:06:18","guid":{"rendered":"https:\/\/distri-kahwa.ma\/materiel-professionnel\/?post_type=product&#038;p=9653"},"modified":"2024-09-13T16:36:17","modified_gmt":"2024-09-13T16:36:17","slug":"grill-electrique-1-surface-rainuree-700","status":"publish","type":"product","link":"https:\/\/distri-kahwa.ma\/materiel-professionnel\/produit\/grill-electrique-1-surface-rainuree-700\/","title":{"rendered":"Grill Electrique 1 Surface Rainur\u00e9e 700 134059"},"content":{"rendered":"<div class=\"su-row\"><div class=\"su-column su-column-size-1-2\"><div class=\"su-column-inner su-u-clearfix su-u-trim\">\n\n<div class=\"wpcf7 no-js\" id=\"wpcf7-f10757-o1\" lang=\"fr-FR\" dir=\"ltr\" data-wpcf7-id=\"10757\">\n<div class=\"screen-reader-response\"><p role=\"status\" aria-live=\"polite\" aria-atomic=\"true\"><\/p> <ul><\/ul><\/div>\n<form action=\"\/materiel-professionnel\/wp-json\/wp\/v2\/product\/9653#wpcf7-f10757-o1\" method=\"post\" class=\"wpcf7-form init\" aria-label=\"Formulaire de contact\" novalidate=\"novalidate\" data-status=\"init\">\n<fieldset class=\"hidden-fields-container\"><input type=\"hidden\" name=\"_wpcf7\" value=\"10757\" \/><input type=\"hidden\" name=\"_wpcf7_version\" value=\"6.1.5\" \/><input type=\"hidden\" name=\"_wpcf7_locale\" value=\"fr_FR\" \/><input type=\"hidden\" name=\"_wpcf7_unit_tag\" value=\"wpcf7-f10757-o1\" \/><input type=\"hidden\" name=\"_wpcf7_container_post\" value=\"0\" \/><input type=\"hidden\" name=\"_wpcf7_posted_data_hash\" value=\"\" \/>\n<\/fieldset>\n<div class=\"wpcf7-turnstile cf-turnstile\" data-sitekey=\"0x4AAAAAABityhwZ-nEboEv5\" data-response-field-name=\"_wpcf7_turnstile_response\"><\/div>\n\n<fieldset class=\"cadre\">\n\t<legend style=\"color: #db0202;\"><strong>CONTACT<\/strong>\n\t<\/legend>\n\t<p><label style=\"color: #0000ff;\"><strong>Nom, Pr\u00e9nom, Soci\u00e9t\u00e9<\/strong><br \/>\n<span class=\"wpcf7-form-control-wrap\" data-name=\"id:text\"><input size=\"40\" maxlength=\"400\" class=\"wpcf7-form-control wpcf7-text wpcf7-validates-as-required\" aria-required=\"true\" aria-invalid=\"false\" placeholder=\"Nom...\" value=\"\" type=\"text\" name=\"id:text\" \/><\/span><\/label>\n\t<\/p>\n\t<div class=\"demi-colonne\">\n\t\t<p><label style=\"color: #0000ff;\"><strong>Mail<\/strong><br \/>\n<span class=\"wpcf7-form-control-wrap\" data-name=\"id:email\"><input size=\"40\" maxlength=\"400\" class=\"wpcf7-form-control wpcf7-email wpcf7-validates-as-required wpcf7-text wpcf7-validates-as-email\" aria-required=\"true\" aria-invalid=\"false\" placeholder=\"Mail...\" value=\"\" type=\"email\" name=\"id:email\" \/><\/span><\/label>\n\t\t<\/p>\n\t\t<p><label style=\"color: #0000ff;\"><strong>T\u00e9l\u00e9phone<\/strong><br \/>\n<span class=\"wpcf7-form-control-wrap\" data-name=\"id:tel\"><input size=\"40\" maxlength=\"400\" class=\"wpcf7-form-control wpcf7-tel wpcf7-validates-as-required wpcf7-text wpcf7-validates-as-tel\" aria-required=\"true\" aria-invalid=\"false\" placeholder=\"Tel...\" value=\"\" type=\"tel\" name=\"id:tel\" \/><\/span><\/label>\n\t\t<\/p>\n\t<\/div>\n\t<div class=\"demi-colonne\">\n\t\t<p><label style=\"color: #0000ff;\"><strong>Votre Ville<\/strong><br \/>\n<span class=\"wpcf7-form-control-wrap\" data-name=\"id:Ville\"><input size=\"40\" maxlength=\"400\" class=\"wpcf7-form-control wpcf7-text wpcf7-validates-as-required\" aria-required=\"true\" aria-invalid=\"false\" placeholder=\"Ville...\" value=\"\" type=\"text\" name=\"id:Ville\" \/><\/span><\/label>\n\t\t<\/p>\n\t\t<p><label style=\"color: #0000ff;\"> <strong>Structure<\/strong><br \/>\n<span class=\"wpcf7-form-control-wrap\" data-name=\"Structure\"><select class=\"wpcf7-form-control wpcf7-select wpcf7-validates-as-required\" id=\"structure\" aria-required=\"true\" aria-invalid=\"false\" name=\"Structure\"><option value=\"\">&#8212;Veuillez choisir une option&#8212;<\/option><option value=\"Administration\">Administration<\/option><option value=\"Bureau\">Bureau<\/option><option value=\"Caf\u00e9\">Caf\u00e9<\/option><option value=\"Cuisiniste\">Cuisiniste<\/option><option value=\"Ecole\">Ecole<\/option><option value=\"H\u00f4pital\">H\u00f4pital<\/option><option value=\"H\u00f4tel\">H\u00f4tel<\/option><option value=\"Laverie\">Laverie<\/option><option value=\"Particulier\">Particulier<\/option><option value=\"Pizzeria\">Pizzeria<\/option><option value=\"Restaurant\">Restaurant<\/option><option value=\"Snack\">Snack<\/option><option value=\"Traiteur\">Traiteur<\/option><option value=\"Autre\">Autre<\/option><\/select><\/span><\/label>\n\t\t<\/p>\n\t<\/div>\n\t<p><label style=\"color: #db0202;\"><strong>MESSAGE<\/strong><br \/>\n<span class=\"wpcf7-form-control-wrap\" data-name=\"textarea-71\"><textarea cols=\"40\" rows=\"10\" maxlength=\"2000\" class=\"wpcf7-form-control wpcf7-textarea wpcf7-validates-as-required\" aria-required=\"true\" aria-invalid=\"false\" placeholder=\"Votre Message...\" name=\"textarea-71\"><\/textarea><\/span><br \/>\n<input class=\"wpcf7-form-control wpcf7-submit has-spinner\" type=\"submit\" value=\"Envoyer\" \/><span class=\"wpcf7-form-control-wrap\" data-name=\"acceptance-230\"><span class=\"wpcf7-form-control wpcf7-acceptance\"><span class=\"wpcf7-list-item\"><label><input type=\"checkbox\" name=\"acceptance-230\" value=\"1\" checked=\"checked\" aria-invalid=\"false\" \/><span class=\"wpcf7-list-item-label\">En Cliquant sur Envoyer, j'accepte que ce formulaire soit \u00e9chang\u00e9 avec nos partenaires pour recevoir une r\u00e9ponse \n<a href=\"https:\/\/distri-kahwa.ma\/materiel-professionnel\/\/contact-condition\/\" target=\"_blank\" rel=\"noopener\"> <\/br><i>(en savoir +)<\/i><\/a><\/span><\/label><\/span><\/span><\/span><br \/>\n\t\t<hr style=\"float: none; clear: both; height: 0px; border-width: 0; color: black; background-color: black;\" \/><br \/>\n<\/label>\n\t<\/p>\n<\/fieldset><div class=\"wpcf7-response-output\" aria-hidden=\"true\"><\/div>\n<\/form>\n<\/div>\n\n<\/div><\/div> <div class=\"su-column su-column-size-1-2\"><div class=\"su-column-inner su-u-clearfix su-u-trim\">\n<ul class=\"display-posts-listing\"><li class=\"listing-item\"><div class=\"content\"><div style=\"background-color: #ffff000; border-radius: 25px; border: 5px solid #000; text-decoration: none;\">\n<h2 style=\"font-size: 24px; text-align: center; background-color: #fcdc12; border-top-left-radius: 20px; border-top-right-radius: 20px;\"><a style=\"text-decoration: none;\" href=\"http:\/\/xn--machine--caf-59a4k.com\/\" target=\"_blank\" rel=\"noopener noreferrer\"><span style=\"color: #000;\">Machine \u00e0 Caf\u00e9<\/span><\/a><\/h2>\n<div class=\"wp-block-image\" style=\"text-align: center;\">\n<figure class=\"aligncenter is-resized\"><span style=\"color: #ffffff;\"><a style=\"text-decoration: none;\" href=\"http:\/\/xn--machine--caf-59a4k.com\/\" target=\"_blank\" rel=\"noopener noreferrer\"><img loading=\"lazy\" decoding=\"async\" class=\"alignnone wp-image-2579\" src=\"http:\/\/xn--machine--caf-59a4k.com\/wp-content\/uploads\/2019\/05\/S300-MCTI-CF.png\" alt=\"Machine \u00e0 Caf\u00e9 \" width=\"350\" height=\"350\" \/><\/a><\/span><figcaption><span style=\"color: #002fa7;\">100% Suisse<\/span><\/figcaption><\/figure>\n<\/div>\n<h2 style=\"font-size: 24px; text-align: center; background-color: #fcdc12; border-top: 5px solid #03224C;\"><a style=\"text-decoration: none;\" href=\"http:\/\/xn--machine--caf-59a4k.com\/percolateur-cafe\/\" target=\"_blank\" rel=\"noopener noreferrer\"><span style=\"color: #000;\">Percolateur Caf\u00e9<\/span><\/a><\/h2>\n<div class=\"wp-block-image\" style=\"text-align: center;\">\n<figure class=\"aligncenter is-resized\"><span style=\"color: #ffffff;\"><a style=\"text-decoration: none;\" href=\"http:\/\/xn--machine--caf-59a4k.com\/percolateur-cafe\/\" target=\"_blank\" rel=\"noopener noreferrer\"><img loading=\"lazy\" decoding=\"async\" class=\"alignnone wp-image-3755\" src=\"http:\/\/xn--machine--caf-59a4k.com\/wp-content\/uploads\/2019\/07\/Percolateur-Caf\u00e9-2x10L-1.png\" alt=\"Percolateur \u00e0 Caf\u00e9 Professionnel\" width=\"350\" height=\"350\" \/><\/a><\/span><\/p>\n<p><script async=\"\" src=\"https:\/\/pagead2.googlesyndication.com\/pagead\/js\/adsbygoogle.js\"><\/script> <!-- display vertical --> <ins class=\"adsbygoogle\" style=\"display: block;\" data-ad-client=\"ca-pub-9676928309369651\" data-ad-slot=\"1079190918\" data-ad-format=\"auto\" data-full-width-responsive=\"true\"><\/ins> <script><br \/>\n     (adsbygoogle = window.adsbygoogle || []).push({});<br \/>\n<\/script><\/figure>\n<\/div>\n<\/div>\n<\/div><\/li><\/ul>\n<\/div><\/div><\/div>\n","protected":false},"excerpt":{"rendered":"<p><span style=\"font-size: 20px;\"><a href=\"https:\/\/lecoin-pro.com\/pdf\/chr\/134059-FRE72TCRX-GIORIK.pdf\" target=\"_blank\" rel=\"noopener\"><span style=\"color: #0000ff;\"><b>\u2192 Fiche technique ici \u2190<\/b><\/span><\/a><\/span><\/p>\n<p><strong><span style=\"font-size: 20px;\">CARACT\u00c9RISTIQUES <\/span><\/strong><\/p>\n<div class=\"col-12 col-sm-6\">\n<ul>\n<li>Rev\u00eatement en acier chrom\u00e9, 15 mm d\u2019\u00e9paisseur, effet satin\u00e9.<\/li>\n<li>Carrosserie en acier inox. Dessus embouti avec \u00e9paisseur 12\/10\u00e8me<\/li>\n<li>Pieds en acier inox r\u00e9glables pour une hauteur de plan de 850 \u00e0 900 mm.<\/li>\n<li>Dessous ouvert et porte battante en accessoire<\/li>\n<li>Plaques s\u00e9par\u00e9es sans suppl\u00e9ment, disponible en option (GRILSEP).<\/li>\n<\/ul>\n<\/div>\n<div class=\"col-12 col-sm-6\">\n<ul>\n<li>GRILS \u00c9LECTRIQUES :<\/li>\n<li>Thermostat avec r\u00e9glage de 50 \u00e0 330\u00b0C et voyant de fonctionnement<\/li>\n<\/ul>\n<\/div>\n","protected":false},"featured_media":10350,"comment_status":"closed","ping_status":"closed","template":"","meta":{"_acf_changed":false},"product_brand":[],"product_cat":[17],"product_tag":[],"class_list":{"0":"post-9653","1":"product","2":"type-product","3":"status-publish","6":"product_cat-equipement-cuisine","8":"first","9":"instock","10":"shipping-taxable","11":"product-type-simple"},"acf":[],"yoast_head":"<!-- This site is optimized with the Yoast SEO plugin v27.4 - https:\/\/yoast.com\/product\/yoast-seo-wordpress\/ -->\n<title>Grill Electrique 1 Surface Rainur\u00e9e 700 134059 - Materiel Equipement Professionnel<\/title>\n<meta name=\"robots\" content=\"index, follow, max-snippet:-1, max-image-preview:large, max-video-preview:-1\" \/>\n<link rel=\"canonical\" href=\"https:\/\/distri-kahwa.ma\/materiel-professionnel\/produit\/grill-electrique-1-surface-rainuree-700\/\" \/>\n<meta property=\"og:locale\" content=\"fr_FR\" \/>\n<meta property=\"og:type\" content=\"article\" \/>\n<meta property=\"og:title\" content=\"Grill Electrique 1 Surface Rainur\u00e9e 700 134059 - Materiel Equipement Professionnel\" \/>\n<meta property=\"og:description\" content=\"\u2192 Fiche technique ici \u2190  CARACT\u00c9RISTIQUES       Rev\u00eatement en acier chrom\u00e9, 15 mm d\u2019\u00e9paisseur, effet satin\u00e9.  Carrosserie en acier inox. Dessus embouti avec \u00e9paisseur 12\/10\u00e8me  Pieds en acier inox r\u00e9glables pour une hauteur de plan de 850 \u00e0 900 mm.  Dessous ouvert et porte battante en accessoire  Plaques s\u00e9par\u00e9es sans suppl\u00e9ment, disponible en option (GRILSEP).      GRILS \u00c9LECTRIQUES :  Thermostat avec r\u00e9glage de 50 \u00e0 330\u00b0C et voyant de fonctionnement\" \/>\n<meta property=\"og:url\" content=\"https:\/\/distri-kahwa.ma\/materiel-professionnel\/produit\/grill-electrique-1-surface-rainuree-700\/\" \/>\n<meta property=\"og:site_name\" content=\"Materiel Equipement Professionnel\" \/>\n<meta property=\"article:modified_time\" content=\"2024-09-13T16:36:17+00:00\" \/>\n<meta property=\"og:image\" content=\"http:\/\/distri-kahwa.ma\/materiel-professionnel\/wp-content\/uploads\/grils-electriques-acier-chrome-surface-de-cuisson-simples-rainurees-134059.jpg\" \/>\n\t<meta property=\"og:image:width\" content=\"800\" \/>\n\t<meta property=\"og:image:height\" content=\"800\" \/>\n\t<meta property=\"og:image:type\" content=\"image\/jpeg\" \/>\n<meta name=\"twitter:card\" content=\"summary_large_image\" \/>\n<meta name=\"twitter:label1\" content=\"Dur\u00e9e de lecture estim\u00e9e\" \/>\n\t<meta name=\"twitter:data1\" content=\"1 minute\" \/>\n<script type=\"application\/ld+json\" class=\"yoast-schema-graph\">{\"@context\":\"https:\\\/\\\/schema.org\",\"@graph\":[{\"@type\":\"WebPage\",\"@id\":\"https:\\\/\\\/distri-kahwa.ma\\\/materiel-professionnel\\\/produit\\\/grill-electrique-1-surface-rainuree-700\\\/\",\"url\":\"https:\\\/\\\/distri-kahwa.ma\\\/materiel-professionnel\\\/produit\\\/grill-electrique-1-surface-rainuree-700\\\/\",\"name\":\"Grill Electrique 1 Surface Rainur\u00e9e 700 134059 - Materiel Equipement Professionnel\",\"isPartOf\":{\"@id\":\"https:\\\/\\\/distri-kahwa.ma\\\/materiel-professionnel\\\/#website\"},\"primaryImageOfPage\":{\"@id\":\"https:\\\/\\\/distri-kahwa.ma\\\/materiel-professionnel\\\/produit\\\/grill-electrique-1-surface-rainuree-700\\\/#primaryimage\"},\"image\":{\"@id\":\"https:\\\/\\\/distri-kahwa.ma\\\/materiel-professionnel\\\/produit\\\/grill-electrique-1-surface-rainuree-700\\\/#primaryimage\"},\"thumbnailUrl\":\"https:\\\/\\\/distri-kahwa.ma\\\/materiel-professionnel\\\/wp-content\\\/uploads\\\/grils-electriques-acier-chrome-surface-de-cuisson-simples-rainurees-134059.jpg\",\"datePublished\":\"2022-01-14T12:06:18+00:00\",\"dateModified\":\"2024-09-13T16:36:17+00:00\",\"breadcrumb\":{\"@id\":\"https:\\\/\\\/distri-kahwa.ma\\\/materiel-professionnel\\\/produit\\\/grill-electrique-1-surface-rainuree-700\\\/#breadcrumb\"},\"inLanguage\":\"fr-FR\",\"potentialAction\":[{\"@type\":\"ReadAction\",\"target\":[\"https:\\\/\\\/distri-kahwa.ma\\\/materiel-professionnel\\\/produit\\\/grill-electrique-1-surface-rainuree-700\\\/\"]}]},{\"@type\":\"ImageObject\",\"inLanguage\":\"fr-FR\",\"@id\":\"https:\\\/\\\/distri-kahwa.ma\\\/materiel-professionnel\\\/produit\\\/grill-electrique-1-surface-rainuree-700\\\/#primaryimage\",\"url\":\"https:\\\/\\\/distri-kahwa.ma\\\/materiel-professionnel\\\/wp-content\\\/uploads\\\/grils-electriques-acier-chrome-surface-de-cuisson-simples-rainurees-134059.jpg\",\"contentUrl\":\"https:\\\/\\\/distri-kahwa.ma\\\/materiel-professionnel\\\/wp-content\\\/uploads\\\/grils-electriques-acier-chrome-surface-de-cuisson-simples-rainurees-134059.jpg\",\"width\":800,\"height\":800},{\"@type\":\"BreadcrumbList\",\"@id\":\"https:\\\/\\\/distri-kahwa.ma\\\/materiel-professionnel\\\/produit\\\/grill-electrique-1-surface-rainuree-700\\\/#breadcrumb\",\"itemListElement\":[{\"@type\":\"ListItem\",\"position\":1,\"name\":\"Accueil\",\"item\":\"https:\\\/\\\/distri-kahwa.ma\\\/materiel-professionnel\\\/\"},{\"@type\":\"ListItem\",\"position\":2,\"name\":\"Boutique\",\"item\":\"https:\\\/\\\/distri-kahwa.ma\\\/materiel-professionnel\\\/boutique\\\/\"},{\"@type\":\"ListItem\",\"position\":3,\"name\":\"Grill Electrique 1 Surface Rainur\u00e9e 700 134059\"}]},{\"@type\":\"WebSite\",\"@id\":\"https:\\\/\\\/distri-kahwa.ma\\\/materiel-professionnel\\\/#website\",\"url\":\"https:\\\/\\\/distri-kahwa.ma\\\/materiel-professionnel\\\/\",\"name\":\"Materiel Equipement Professionnel\",\"description\":\"tel : 06.43.33.86.56 \\\/ mail : distri-kahwa@outlook.com\",\"potentialAction\":[{\"@type\":\"SearchAction\",\"target\":{\"@type\":\"EntryPoint\",\"urlTemplate\":\"https:\\\/\\\/distri-kahwa.ma\\\/materiel-professionnel\\\/?s={search_term_string}\"},\"query-input\":{\"@type\":\"PropertyValueSpecification\",\"valueRequired\":true,\"valueName\":\"search_term_string\"}}],\"inLanguage\":\"fr-FR\"}]}<\/script>\n<!-- \/ Yoast SEO plugin. -->","yoast_head_json":{"title":"Grill Electrique 1 Surface Rainur\u00e9e 700 134059 - Materiel Equipement Professionnel","robots":{"index":"index","follow":"follow","max-snippet":"max-snippet:-1","max-image-preview":"max-image-preview:large","max-video-preview":"max-video-preview:-1"},"canonical":"https:\/\/distri-kahwa.ma\/materiel-professionnel\/produit\/grill-electrique-1-surface-rainuree-700\/","og_locale":"fr_FR","og_type":"article","og_title":"Grill Electrique 1 Surface Rainur\u00e9e 700 134059 - Materiel Equipement Professionnel","og_description":"\u2192 Fiche technique ici \u2190  CARACT\u00c9RISTIQUES       Rev\u00eatement en acier chrom\u00e9, 15 mm d\u2019\u00e9paisseur, effet satin\u00e9.  Carrosserie en acier inox. Dessus embouti avec \u00e9paisseur 12\/10\u00e8me  Pieds en acier inox r\u00e9glables pour une hauteur de plan de 850 \u00e0 900 mm.  Dessous ouvert et porte battante en accessoire  Plaques s\u00e9par\u00e9es sans suppl\u00e9ment, disponible en option (GRILSEP).      GRILS \u00c9LECTRIQUES :  Thermostat avec r\u00e9glage de 50 \u00e0 330\u00b0C et voyant de fonctionnement","og_url":"https:\/\/distri-kahwa.ma\/materiel-professionnel\/produit\/grill-electrique-1-surface-rainuree-700\/","og_site_name":"Materiel Equipement Professionnel","article_modified_time":"2024-09-13T16:36:17+00:00","og_image":[{"width":800,"height":800,"url":"http:\/\/distri-kahwa.ma\/materiel-professionnel\/wp-content\/uploads\/grils-electriques-acier-chrome-surface-de-cuisson-simples-rainurees-134059.jpg","type":"image\/jpeg"}],"twitter_card":"summary_large_image","twitter_misc":{"Dur\u00e9e de lecture estim\u00e9e":"1 minute"},"schema":{"@context":"https:\/\/schema.org","@graph":[{"@type":"WebPage","@id":"https:\/\/distri-kahwa.ma\/materiel-professionnel\/produit\/grill-electrique-1-surface-rainuree-700\/","url":"https:\/\/distri-kahwa.ma\/materiel-professionnel\/produit\/grill-electrique-1-surface-rainuree-700\/","name":"Grill Electrique 1 Surface Rainur\u00e9e 700 134059 - Materiel Equipement Professionnel","isPartOf":{"@id":"https:\/\/distri-kahwa.ma\/materiel-professionnel\/#website"},"primaryImageOfPage":{"@id":"https:\/\/distri-kahwa.ma\/materiel-professionnel\/produit\/grill-electrique-1-surface-rainuree-700\/#primaryimage"},"image":{"@id":"https:\/\/distri-kahwa.ma\/materiel-professionnel\/produit\/grill-electrique-1-surface-rainuree-700\/#primaryimage"},"thumbnailUrl":"https:\/\/distri-kahwa.ma\/materiel-professionnel\/wp-content\/uploads\/grils-electriques-acier-chrome-surface-de-cuisson-simples-rainurees-134059.jpg","datePublished":"2022-01-14T12:06:18+00:00","dateModified":"2024-09-13T16:36:17+00:00","breadcrumb":{"@id":"https:\/\/distri-kahwa.ma\/materiel-professionnel\/produit\/grill-electrique-1-surface-rainuree-700\/#breadcrumb"},"inLanguage":"fr-FR","potentialAction":[{"@type":"ReadAction","target":["https:\/\/distri-kahwa.ma\/materiel-professionnel\/produit\/grill-electrique-1-surface-rainuree-700\/"]}]},{"@type":"ImageObject","inLanguage":"fr-FR","@id":"https:\/\/distri-kahwa.ma\/materiel-professionnel\/produit\/grill-electrique-1-surface-rainuree-700\/#primaryimage","url":"https:\/\/distri-kahwa.ma\/materiel-professionnel\/wp-content\/uploads\/grils-electriques-acier-chrome-surface-de-cuisson-simples-rainurees-134059.jpg","contentUrl":"https:\/\/distri-kahwa.ma\/materiel-professionnel\/wp-content\/uploads\/grils-electriques-acier-chrome-surface-de-cuisson-simples-rainurees-134059.jpg","width":800,"height":800},{"@type":"BreadcrumbList","@id":"https:\/\/distri-kahwa.ma\/materiel-professionnel\/produit\/grill-electrique-1-surface-rainuree-700\/#breadcrumb","itemListElement":[{"@type":"ListItem","position":1,"name":"Accueil","item":"https:\/\/distri-kahwa.ma\/materiel-professionnel\/"},{"@type":"ListItem","position":2,"name":"Boutique","item":"https:\/\/distri-kahwa.ma\/materiel-professionnel\/boutique\/"},{"@type":"ListItem","position":3,"name":"Grill Electrique 1 Surface Rainur\u00e9e 700 134059"}]},{"@type":"WebSite","@id":"https:\/\/distri-kahwa.ma\/materiel-professionnel\/#website","url":"https:\/\/distri-kahwa.ma\/materiel-professionnel\/","name":"Materiel Equipement Professionnel","description":"tel : 06.43.33.86.56 \/ mail : distri-kahwa@outlook.com","potentialAction":[{"@type":"SearchAction","target":{"@type":"EntryPoint","urlTemplate":"https:\/\/distri-kahwa.ma\/materiel-professionnel\/?s={search_term_string}"},"query-input":{"@type":"PropertyValueSpecification","valueRequired":true,"valueName":"search_term_string"}}],"inLanguage":"fr-FR"}]}},"_links":{"self":[{"href":"https:\/\/distri-kahwa.ma\/materiel-professionnel\/wp-json\/wp\/v2\/product\/9653","targetHints":{"allow":["GET"]}}],"collection":[{"href":"https:\/\/distri-kahwa.ma\/materiel-professionnel\/wp-json\/wp\/v2\/product"}],"about":[{"href":"https:\/\/distri-kahwa.ma\/materiel-professionnel\/wp-json\/wp\/v2\/types\/product"}],"replies":[{"embeddable":true,"href":"https:\/\/distri-kahwa.ma\/materiel-professionnel\/wp-json\/wp\/v2\/comments?post=9653"}],"wp:featuredmedia":[{"embeddable":true,"href":"https:\/\/distri-kahwa.ma\/materiel-professionnel\/wp-json\/wp\/v2\/media\/10350"}],"wp:attachment":[{"href":"https:\/\/distri-kahwa.ma\/materiel-professionnel\/wp-json\/wp\/v2\/media?parent=9653"}],"wp:term":[{"taxonomy":"product_brand","embeddable":true,"href":"https:\/\/distri-kahwa.ma\/materiel-professionnel\/wp-json\/wp\/v2\/product_brand?post=9653"},{"taxonomy":"product_cat","embeddable":true,"href":"https:\/\/distri-kahwa.ma\/materiel-professionnel\/wp-json\/wp\/v2\/product_cat?post=9653"},{"taxonomy":"product_tag","embeddable":true,"href":"https:\/\/distri-kahwa.ma\/materiel-professionnel\/wp-json\/wp\/v2\/product_tag?post=9653"}],"curies":[{"name":"wp","href":"https:\/\/api.w.org\/{rel}","templated":true}]}}